{"id":5,"date":"2023-07-25T14:47:58","date_gmt":"2023-07-25T14:47:58","guid":{"rendered":"https:\/\/dev.borgarbyggd.is\/andabaer\/?page_id=5"},"modified":"2026-04-07T12:44:58","modified_gmt":"2026-04-07T12:44:58","slug":"forsida","status":"publish","type":"page","link":"https:\/\/dev.borgarbyggd.is\/andabaer\/","title":{"rendered":"Fors\u00ed\u00f0a"},"content":{"rendered":"<p>Leiksk\u00f3linn Andab\u00e6r er sta\u00f0settur vi\u00f0 Arnarfl\u00f6t 2 \u00e1 Hvanneyri og var upphaflega stofna\u00f0ur af foreldrum \u00ed byrjun \u00e1rs 1981. Sk\u00f3linn er vel sta\u00f0settur \u00ed umhverfi kletta og fallegrar n\u00e1tt\u00faru sem b\u00fd\u00f0ur upp \u00e1 skemmtilega upplifun og reynslu sem n\u00fdtt er \u00ed n\u00e1mi barnanna.<\/p>\n<p>Leiksk\u00f3linn er \u00feriggja deilda leiksk\u00f3li og heita deildarnar Go\u00f0heimar, \u00c1lfheimar og Hulduheimar. Sk\u00f3linn r\u00famar um 65 b\u00f6rn og hefur veri\u00f0 h\u00e6gt a\u00f0 taka inn b\u00f6rn fr\u00e1 \u00fev\u00ed f\u00e6\u00f0ingarorlofi l\u00fdkur.<\/p>\n<p>Helstu verkefni sk\u00f3lans eru; Lei\u00f0togaverkefni\u00f0 \u201ethe leader in me\u201c, Gr\u00e6nf\u00e1ninn, Heilsustefnan, heilsueflandi leiksk\u00f3li og R\u00e9ttindask\u00f3li UNICEF.<\/p>\n<p><em>Einkunnaror\u00f0 leiksk\u00f3lans eru, leikur, gle\u00f0i og vin\u00e1tta.<\/em><\/p>\n","protected":false},"excerpt":{"rendered":"<p>Leiksk\u00f3linn Andab\u00e6r er sta\u00f0settur vi\u00f0 Arnarfl\u00f6t 2 \u00e1 Hvanneyri og var upphaflega stofna\u00f0ur af foreldrum \u00ed byrjun \u00e1rs 1981. Sk\u00f3linn er vel sta\u00f0settur \u00ed umhverfi kletta og fallegrar n\u00e1tt\u00faru sem b\u00fd\u00f0ur upp \u00e1 skemmtilega upplifun og reynslu sem n\u00fdtt er \u00ed n\u00e1mi barnanna. Leiksk\u00f3linn er \u00feriggja deilda leiksk\u00f3li og heita deildarnar Go\u00f0heimar, \u00c1lfheimar og Hulduheimar. Sk\u00f3linn r\u00famar um 65 b\u00f6rn &#8230; <\/p>\n<div><a href=\"https:\/\/dev.borgarbyggd.is\/andabaer\/\" class=\"more-link\">Read More<\/a><\/div>\n","protected":false},"author":1,"featured_media":0,"parent":0,"menu_order":0,"comment_status":"closed","ping_status":"closed","template":"","meta":{"_acf_changed":false,"footnotes":""},"class_list":["post-5","page","type-page","status-publish","hentry","no-post-thumbnail"],"acf":{"quickaccess":[{"takn":"calendar_month","title":"Sk\u00f3ladagatal","url":"","description":"","skjol":"https:\/\/dev.borgarbyggd.is\/andabaer\/wp-content\/uploads\/sites\/4\/2025\/07\/Skoladagatal-2025-2026-skraningardagar.pdf","tegund":""},{"takn":"privacy_tip","title":"Sumarfr\u00ed","url":"","description":"","skjol":"https:\/\/dev.borgarbyggd.is\/andabaer\/wp-content\/uploads\/sites\/4\/2025\/08\/Sumarlokun-Andabaejar-2026.pdf","tegund":""},{"takn":"calendar_month","title":"M\u00e1na\u00f0ardagatal","url":"","description":"","skjol":"https:\/\/dev.borgarbyggd.is\/andabaer\/wp-content\/uploads\/sites\/4\/2026\/04\/April-2026-heimasida.pdf","tegund":""},{"takn":"book","title":"Foreldrahandb\u00f3k","url":"","description":"","skjol":"https:\/\/dev.borgarbyggd.is\/andabaer\/wp-content\/uploads\/sites\/4\/2024\/10\/foreldrahandbok-2024-endurbaett.pdf","tegund":""},{"takn":"settings_accessibility","title":"Fars\u00e6ld barna","url":"","description":"","skjol":false,"tegund":"https:\/\/borgarbyggd.is\/sidur\/thjonusta\/felagsthjonusta\/samthaett-thjonusta-i-thagu-farsaeldar-barna"},{"takn":"sd_card","title":"Matse\u00f0ill","url":"","description":"","skjol":"https:\/\/dev.borgarbyggd.is\/andabaer\/wp-content\/uploads\/sites\/4\/2026\/04\/april.pdf","tegund":""}]},"yoast_head":"<!-- This site is optimized with the Yoast SEO plugin v24.0 - https:\/\/yoast.com\/wordpress\/plugins\/seo\/ -->\n<title>Fors\u00ed\u00f0a - Andab\u00e6r<\/title>\n<meta name=\"robots\" content=\"noindex, follow, max-snippet:-1, max-image-preview:large, max-video-preview:-1\" \/>\n<meta property=\"og:locale\" content=\"is_IS\" \/>\n<meta property=\"og:type\" content=\"article\" \/>\n<meta property=\"og:title\" content=\"Fors\u00ed\u00f0a - Andab\u00e6r\" \/>\n<meta property=\"og:description\" content=\"Leiksk\u00f3linn Andab\u00e6r er sta\u00f0settur vi\u00f0 Arnarfl\u00f6t 2 \u00e1 Hvanneyri og var upphaflega stofna\u00f0ur af foreldrum \u00ed byrjun \u00e1rs 1981. Sk\u00f3linn er vel sta\u00f0settur \u00ed umhverfi kletta og fallegrar n\u00e1tt\u00faru sem b\u00fd\u00f0ur upp \u00e1 skemmtilega upplifun og reynslu sem n\u00fdtt er \u00ed n\u00e1mi barnanna. Leiksk\u00f3linn er \u00feriggja deilda leiksk\u00f3li og heita deildarnar Go\u00f0heimar, \u00c1lfheimar og Hulduheimar. Sk\u00f3linn r\u00famar um 65 b\u00f6rn ... Read More\" \/>\n<meta property=\"og:url\" content=\"https:\/\/dev.borgarbyggd.is\/andabaer\/\" \/>\n<meta property=\"og:site_name\" content=\"Andab\u00e6r\" \/>\n<meta property=\"article:modified_time\" content=\"2026-04-07T12:44:58+00:00\" \/>\n<meta name=\"twitter:card\" content=\"summary_large_image\" \/>\n<meta name=\"twitter:label1\" content=\"Est. reading time\" \/>\n\t<meta name=\"twitter:data1\" content=\"1 minute\" \/>\n<script type=\"application\/ld+json\" class=\"yoast-schema-graph\">{\"@context\":\"https:\/\/schema.org\",\"@graph\":[{\"@type\":\"WebPage\",\"@id\":\"https:\/\/dev.borgarbyggd.is\/andabaer\/\",\"url\":\"https:\/\/dev.borgarbyggd.is\/andabaer\/\",\"name\":\"Fors\u00ed\u00f0a - Andab\u00e6r\",\"isPartOf\":{\"@id\":\"https:\/\/dev.borgarbyggd.is\/andabaer\/#website\"},\"datePublished\":\"2023-07-25T14:47:58+00:00\",\"dateModified\":\"2026-04-07T12:44:58+00:00\",\"breadcrumb\":{\"@id\":\"https:\/\/dev.borgarbyggd.is\/andabaer\/#breadcrumb\"},\"inLanguage\":\"is\",\"potentialAction\":[{\"@type\":\"ReadAction\",\"target\":[\"https:\/\/dev.borgarbyggd.is\/andabaer\/\"]}]},{\"@type\":\"BreadcrumbList\",\"@id\":\"https:\/\/dev.borgarbyggd.is\/andabaer\/#breadcrumb\",\"itemListElement\":[{\"@type\":\"ListItem\",\"position\":1,\"name\":\"Home\",\"item\":\"https:\/\/dev.borgarbyggd.is\/andabaer\/\"},{\"@type\":\"ListItem\",\"position\":2,\"name\":\"Fors\u00ed\u00f0a\"}]},{\"@type\":\"WebSite\",\"@id\":\"https:\/\/dev.borgarbyggd.is\/andabaer\/#website\",\"url\":\"https:\/\/dev.borgarbyggd.is\/andabaer\/\",\"name\":\"Andab\u00e6r\",\"description\":\"\",\"potentialAction\":[{\"@type\":\"SearchAction\",\"target\":{\"@type\":\"EntryPoint\",\"urlTemplate\":\"https:\/\/dev.borgarbyggd.is\/andabaer\/?s={search_term_string}\"},\"query-input\":{\"@type\":\"PropertyValueSpecification\",\"valueRequired\":true,\"valueName\":\"search_term_string\"}}],\"inLanguage\":\"is\"}]}<\/script>\n<!-- \/ Yoast SEO plugin. -->","yoast_head_json":{"title":"Fors\u00ed\u00f0a - Andab\u00e6r","robots":{"index":"noindex","follow":"follow","max-snippet":"max-snippet:-1","max-image-preview":"max-image-preview:large","max-video-preview":"max-video-preview:-1"},"og_locale":"is_IS","og_type":"article","og_title":"Fors\u00ed\u00f0a - Andab\u00e6r","og_description":"Leiksk\u00f3linn Andab\u00e6r er sta\u00f0settur vi\u00f0 Arnarfl\u00f6t 2 \u00e1 Hvanneyri og var upphaflega stofna\u00f0ur af foreldrum \u00ed byrjun \u00e1rs 1981. Sk\u00f3linn er vel sta\u00f0settur \u00ed umhverfi kletta og fallegrar n\u00e1tt\u00faru sem b\u00fd\u00f0ur upp \u00e1 skemmtilega upplifun og reynslu sem n\u00fdtt er \u00ed n\u00e1mi barnanna. Leiksk\u00f3linn er \u00feriggja deilda leiksk\u00f3li og heita deildarnar Go\u00f0heimar, \u00c1lfheimar og Hulduheimar. Sk\u00f3linn r\u00famar um 65 b\u00f6rn ... Read More","og_url":"https:\/\/dev.borgarbyggd.is\/andabaer\/","og_site_name":"Andab\u00e6r","article_modified_time":"2026-04-07T12:44:58+00:00","twitter_card":"summary_large_image","twitter_misc":{"Est. reading time":"1 minute"},"schema":{"@context":"https:\/\/schema.org","@graph":[{"@type":"WebPage","@id":"https:\/\/dev.borgarbyggd.is\/andabaer\/","url":"https:\/\/dev.borgarbyggd.is\/andabaer\/","name":"Fors\u00ed\u00f0a - Andab\u00e6r","isPartOf":{"@id":"https:\/\/dev.borgarbyggd.is\/andabaer\/#website"},"datePublished":"2023-07-25T14:47:58+00:00","dateModified":"2026-04-07T12:44:58+00:00","breadcrumb":{"@id":"https:\/\/dev.borgarbyggd.is\/andabaer\/#breadcrumb"},"inLanguage":"is","potentialAction":[{"@type":"ReadAction","target":["https:\/\/dev.borgarbyggd.is\/andabaer\/"]}]},{"@type":"BreadcrumbList","@id":"https:\/\/dev.borgarbyggd.is\/andabaer\/#breadcrumb","itemListElement":[{"@type":"ListItem","position":1,"name":"Home","item":"https:\/\/dev.borgarbyggd.is\/andabaer\/"},{"@type":"ListItem","position":2,"name":"Fors\u00ed\u00f0a"}]},{"@type":"WebSite","@id":"https:\/\/dev.borgarbyggd.is\/andabaer\/#website","url":"https:\/\/dev.borgarbyggd.is\/andabaer\/","name":"Andab\u00e6r","description":"","potentialAction":[{"@type":"SearchAction","target":{"@type":"EntryPoint","urlTemplate":"https:\/\/dev.borgarbyggd.is\/andabaer\/?s={search_term_string}"},"query-input":{"@type":"PropertyValueSpecification","valueRequired":true,"valueName":"search_term_string"}}],"inLanguage":"is"}]}},"_links":{"self":[{"href":"https:\/\/dev.borgarbyggd.is\/andabaer\/wp-json\/wp\/v2\/pages\/5","targetHints":{"allow":["GET"]}}],"collection":[{"href":"https:\/\/dev.borgarbyggd.is\/andabaer\/wp-json\/wp\/v2\/pages"}],"about":[{"href":"https:\/\/dev.borgarbyggd.is\/andabaer\/wp-json\/wp\/v2\/types\/page"}],"author":[{"embeddable":true,"href":"https:\/\/dev.borgarbyggd.is\/andabaer\/wp-json\/wp\/v2\/users\/1"}],"replies":[{"embeddable":true,"href":"https:\/\/dev.borgarbyggd.is\/andabaer\/wp-json\/wp\/v2\/comments?post=5"}],"version-history":[{"count":0,"href":"https:\/\/dev.borgarbyggd.is\/andabaer\/wp-json\/wp\/v2\/pages\/5\/revisions"}],"wp:attachment":[{"href":"https:\/\/dev.borgarbyggd.is\/andabaer\/wp-json\/wp\/v2\/media?parent=5"}],"curies":[{"name":"wp","href":"https:\/\/api.w.org\/{rel}","templated":true}]}}