{"id":46,"date":"2023-08-04T09:41:33","date_gmt":"2023-08-04T09:41:33","guid":{"rendered":"https:\/\/dev.borgarbyggd.is\/andabaer\/?page_id=46"},"modified":"2024-12-18T11:03:55","modified_gmt":"2024-12-18T11:03:55","slug":"vinatta-i-andabae","status":"publish","type":"page","link":"https:\/\/dev.borgarbyggd.is\/andabaer\/skolastarfid\/vinatta-i-andabae\/","title":{"rendered":"Vin\u00e1tta \u00ed Andab\u00e6"},"content":{"rendered":"<p><span data-contrast=\"none\"><img loading=\"lazy\" decoding=\"async\" class=\"alignnone size-medium wp-image-288\" src=\"https:\/\/dev.borgarbyggd.is\/andabaer\/wp-content\/uploads\/sites\/4\/2023\/10\/blaer-192x300.jpg\" alt=\"\" width=\"192\" height=\"300\" srcset=\"https:\/\/dev.borgarbyggd.is\/andabaer\/wp-content\/uploads\/sites\/4\/2023\/10\/blaer-192x300.jpg 192w, https:\/\/dev.borgarbyggd.is\/andabaer\/wp-content\/uploads\/sites\/4\/2023\/10\/blaer-655x1024.jpg 655w, https:\/\/dev.borgarbyggd.is\/andabaer\/wp-content\/uploads\/sites\/4\/2023\/10\/blaer-768x1201.jpg 768w, https:\/\/dev.borgarbyggd.is\/andabaer\/wp-content\/uploads\/sites\/4\/2023\/10\/blaer-982x1536.jpg 982w, https:\/\/dev.borgarbyggd.is\/andabaer\/wp-content\/uploads\/sites\/4\/2023\/10\/blaer-100x156.jpg 100w, https:\/\/dev.borgarbyggd.is\/andabaer\/wp-content\/uploads\/sites\/4\/2023\/10\/blaer-1200x1876.jpg 1200w, https:\/\/dev.borgarbyggd.is\/andabaer\/wp-content\/uploads\/sites\/4\/2023\/10\/blaer.jpg 1233w\" sizes=\"auto, (max-width: 192px) 100vw, 192px\" \/>\u00a0 Hausti\u00f0 2017 h\u00f3f Andab\u00e6r \u00fe\u00e1ttt\u00f6ku \u00ed verkefninu Vin\u00e1tta sem er \u00e1 vegum Barnaheilla en allir leiksk\u00f3lar \u00ed sveitaf\u00e9laginu taka \u00fe\u00e1tt \u00ed \u00feessu verkefni. Starfsmenn leiksk\u00f3lans f\u00f3ru \u00e1 n\u00e1mskei\u00f0 til a\u00f0 allir v\u00e6ru me\u00f0 s\u00f6mu s\u00fdn \u00e1 verkefni\u00f0. Fri for mobberi, eins og verkefni\u00f0 heitir \u00e1 frumm\u00e1linu, er \u00fer\u00f3a\u00f0 og m\u00f3ta\u00f0 af Red barnet og Mary Fonden \u00ed Danm\u00f6rku og kom \u00fear fyrst \u00fat \u00e1ri\u00f0 2007. Verkefni\u00f0 byggir \u00e1 n\u00fdjustu ranns\u00f3knum \u00e1 einelti. \u00cd \u00fev\u00ed er unni\u00f0 a\u00f0 \u00fev\u00ed a\u00f0 fyrirbyggja einelti me\u00f0 \u00fev\u00ed a\u00f0 m\u00f3ta g\u00f3\u00f0an sk\u00f3labrag, eiga g\u00f3\u00f0 samskipti og hafa j\u00e1kv\u00e6\u00f0 vi\u00f0horf til allra \u00ed h\u00f3pnum.\u202f<\/span><\/p>\n<p><b><span data-contrast=\"none\">\u00de\u00e1tttaka allra; barna, starfsf\u00f3lks og foreldra er grundv\u00f6llur \u00feess a\u00f0 vel til takist.<\/span><\/b><span data-contrast=\"none\">\u202fL\u00f6g\u00f0 er s\u00e9rst\u00f6k \u00e1hersla \u00e1 a\u00f0 n\u00e1 til \u00feeirra barna og fullor\u00f0inna sem ver\u00f0a vitni a\u00f0 einelti \u00e1n \u00feess a\u00f0 breg\u00f0ast vi\u00f0 \u00fev\u00ed.<\/span><span data-ccp-props=\"{&quot;201341983&quot;:0,&quot;335559739&quot;:150,&quot;335559740&quot;:240}\">\u00a0<\/span><\/p>\n<p><span data-contrast=\"none\">Unni\u00f0 er me\u00f0 bangsann Bl\u00e6 sem getur veri\u00f0 stelpa e\u00f0a str\u00e1kur e\u00f0a anna\u00f0 kyn. Litlir hj\u00e1lparbangsar eru fyrir hvert barn og hafa \u00feau grei\u00f0an a\u00f0gang a\u00f0 \u00feeim ef \u00feau \u00feurfa. \u00cd n\u00e1msefninu eru spj\u00f6ld \u00fear sem \u00fdmsar a\u00f0st\u00e6\u00f0ur eru fyrir hendi og h\u00e6gt er a\u00f0 r\u00e6\u00f0a \u00fe\u00e6r me\u00f0 b\u00f6rnunum. Einnig eru kl\u00edpus\u00f6gur fyrir starfsf\u00f3lk, b\u00f6rn og foreldra, s\u00f6gub\u00f3k, t\u00f3nlistardiskur og nuddhefti. B\u00f6rnin \u00ed Andab\u00e6 fara \u00ed vinastundir einu sinni \u00ed viku og \u00fear er unni\u00f0 me\u00f0 s\u00f6ngva, nudd og spjall.<\/span><span data-ccp-props=\"{&quot;201341983&quot;:0,&quot;335559739&quot;:150,&quot;335559740&quot;:240}\">\u00a0<\/span><\/p>\n<p><span data-contrast=\"none\">Efni\u00f0 byggir \u00e1 \u00e1kve\u00f0inni hugmyndafr\u00e6\u00f0i og gildum sem skulu samofin \u00f6llu leiksk\u00f3lastarfinu og er \u00f3rj\u00fafanlegur hluti \u00feess \u00ed allri vinnu og starfi leiksk\u00f3la sem vinnur me\u00f0 Vin\u00e1ttu. Gert er r\u00e1\u00f0 fyrir a\u00f0 \u00fe\u00e1tttakendur tileinki s\u00e9r \u00feessi grunngildi vi\u00f0 vinnu og samskipti \u00ed leiksk\u00f3lasamf\u00e9laginu.<\/span><\/p>\n<p>\u00cd linknum h\u00e9r fyrir ne\u00f0an m\u00e1 n\u00e1lgast meiri uppl\u00fdsingar um efni\u00f0<\/p>\n<p><a href=\"https:\/\/barnaheill.is\/vinatta\/\">https:\/\/barnaheill.is\/vinatta\/<\/a><\/p>\n","protected":false},"excerpt":{"rendered":"<p>\u00a0 Hausti\u00f0 2017 h\u00f3f Andab\u00e6r \u00fe\u00e1ttt\u00f6ku \u00ed verkefninu Vin\u00e1tta sem er \u00e1 vegum Barnaheilla en allir leiksk\u00f3lar \u00ed sveitaf\u00e9laginu taka \u00fe\u00e1tt \u00ed \u00feessu verkefni. Starfsmenn leiksk\u00f3lans f\u00f3ru \u00e1 n\u00e1mskei\u00f0 til a\u00f0 allir v\u00e6ru me\u00f0 s\u00f6mu s\u00fdn \u00e1 verkefni\u00f0. Fri for mobberi, eins og verkefni\u00f0 heitir \u00e1 frumm\u00e1linu, er \u00fer\u00f3a\u00f0 og m\u00f3ta\u00f0 af Red barnet og Mary Fonden \u00ed Danm\u00f6rku og &#8230; <\/p>\n<div><a href=\"https:\/\/dev.borgarbyggd.is\/andabaer\/skolastarfid\/vinatta-i-andabae\/\" class=\"more-link\">Read More<\/a><\/div>\n","protected":false},"author":4,"featured_media":0,"parent":29,"menu_order":0,"comment_status":"closed","ping_status":"closed","template":"","meta":{"_acf_changed":false,"footnotes":""},"class_list":["post-46","page","type-page","status-publish","hentry","no-post-thumbnail"],"acf":{"quickaccess":false},"yoast_head":"<!-- This site is optimized with the Yoast SEO plugin v24.0 - https:\/\/yoast.com\/wordpress\/plugins\/seo\/ -->\n<title>Vin\u00e1tta \u00ed Andab\u00e6 - Andab\u00e6r<\/title>\n<meta name=\"robots\" content=\"noindex, follow, max-snippet:-1, max-image-preview:large, max-video-preview:-1\" \/>\n<meta property=\"og:locale\" content=\"is_IS\" \/>\n<meta property=\"og:type\" content=\"article\" \/>\n<meta property=\"og:title\" content=\"Vin\u00e1tta \u00ed Andab\u00e6 - Andab\u00e6r\" \/>\n<meta property=\"og:description\" content=\"\u00a0 Hausti\u00f0 2017 h\u00f3f Andab\u00e6r \u00fe\u00e1ttt\u00f6ku \u00ed verkefninu Vin\u00e1tta sem er \u00e1 vegum Barnaheilla en allir leiksk\u00f3lar \u00ed sveitaf\u00e9laginu taka \u00fe\u00e1tt \u00ed \u00feessu verkefni. Starfsmenn leiksk\u00f3lans f\u00f3ru \u00e1 n\u00e1mskei\u00f0 til a\u00f0 allir v\u00e6ru me\u00f0 s\u00f6mu s\u00fdn \u00e1 verkefni\u00f0. Fri for mobberi, eins og verkefni\u00f0 heitir \u00e1 frumm\u00e1linu, er \u00fer\u00f3a\u00f0 og m\u00f3ta\u00f0 af Red barnet og Mary Fonden \u00ed Danm\u00f6rku og ... Read More\" \/>\n<meta property=\"og:url\" content=\"https:\/\/dev.borgarbyggd.is\/andabaer\/skolastarfid\/vinatta-i-andabae\/\" \/>\n<meta property=\"og:site_name\" content=\"Andab\u00e6r\" \/>\n<meta property=\"article:modified_time\" content=\"2024-12-18T11:03:55+00:00\" \/>\n<meta property=\"og:image\" content=\"https:\/\/dev.borgarbyggd.is\/andabaer\/wp-content\/uploads\/sites\/4\/2023\/10\/blaer.jpg\" \/>\n\t<meta property=\"og:image:width\" content=\"1233\" \/>\n\t<meta property=\"og:image:height\" content=\"1928\" \/>\n\t<meta property=\"og:image:type\" content=\"image\/jpeg\" \/>\n<meta name=\"twitter:card\" content=\"summary_large_image\" \/>\n<meta name=\"twitter:label1\" content=\"Est. reading time\" \/>\n\t<meta name=\"twitter:data1\" content=\"2 minutes\" \/>\n<script type=\"application\/ld+json\" class=\"yoast-schema-graph\">{\"@context\":\"https:\/\/schema.org\",\"@graph\":[{\"@type\":\"WebPage\",\"@id\":\"https:\/\/dev.borgarbyggd.is\/andabaer\/skolastarfid\/vinatta-i-andabae\/\",\"url\":\"https:\/\/dev.borgarbyggd.is\/andabaer\/skolastarfid\/vinatta-i-andabae\/\",\"name\":\"Vin\u00e1tta \u00ed Andab\u00e6 - Andab\u00e6r\",\"isPartOf\":{\"@id\":\"https:\/\/dev.borgarbyggd.is\/andabaer\/#website\"},\"primaryImageOfPage\":{\"@id\":\"https:\/\/dev.borgarbyggd.is\/andabaer\/skolastarfid\/vinatta-i-andabae\/#primaryimage\"},\"image\":{\"@id\":\"https:\/\/dev.borgarbyggd.is\/andabaer\/skolastarfid\/vinatta-i-andabae\/#primaryimage\"},\"thumbnailUrl\":\"https:\/\/dev.borgarbyggd.is\/andabaer\/wp-content\/uploads\/sites\/4\/2023\/10\/blaer-192x300.jpg\",\"datePublished\":\"2023-08-04T09:41:33+00:00\",\"dateModified\":\"2024-12-18T11:03:55+00:00\",\"breadcrumb\":{\"@id\":\"https:\/\/dev.borgarbyggd.is\/andabaer\/skolastarfid\/vinatta-i-andabae\/#breadcrumb\"},\"inLanguage\":\"is\",\"potentialAction\":[{\"@type\":\"ReadAction\",\"target\":[\"https:\/\/dev.borgarbyggd.is\/andabaer\/skolastarfid\/vinatta-i-andabae\/\"]}]},{\"@type\":\"ImageObject\",\"inLanguage\":\"is\",\"@id\":\"https:\/\/dev.borgarbyggd.is\/andabaer\/skolastarfid\/vinatta-i-andabae\/#primaryimage\",\"url\":\"https:\/\/dev.borgarbyggd.is\/andabaer\/wp-content\/uploads\/sites\/4\/2023\/10\/blaer.jpg\",\"contentUrl\":\"https:\/\/dev.borgarbyggd.is\/andabaer\/wp-content\/uploads\/sites\/4\/2023\/10\/blaer.jpg\",\"width\":1233,\"height\":1928},{\"@type\":\"BreadcrumbList\",\"@id\":\"https:\/\/dev.borgarbyggd.is\/andabaer\/skolastarfid\/vinatta-i-andabae\/#breadcrumb\",\"itemListElement\":[{\"@type\":\"ListItem\",\"position\":1,\"name\":\"Home\",\"item\":\"https:\/\/dev.borgarbyggd.is\/andabaer\/\"},{\"@type\":\"ListItem\",\"position\":2,\"name\":\"Sk\u00f3lastarfi\u00f0\",\"item\":\"https:\/\/dev.borgarbyggd.is\/andabaer\/skolastarfid\/\"},{\"@type\":\"ListItem\",\"position\":3,\"name\":\"Vin\u00e1tta \u00ed Andab\u00e6\"}]},{\"@type\":\"WebSite\",\"@id\":\"https:\/\/dev.borgarbyggd.is\/andabaer\/#website\",\"url\":\"https:\/\/dev.borgarbyggd.is\/andabaer\/\",\"name\":\"Andab\u00e6r\",\"description\":\"\",\"potentialAction\":[{\"@type\":\"SearchAction\",\"target\":{\"@type\":\"EntryPoint\",\"urlTemplate\":\"https:\/\/dev.borgarbyggd.is\/andabaer\/?s={search_term_string}\"},\"query-input\":{\"@type\":\"PropertyValueSpecification\",\"valueRequired\":true,\"valueName\":\"search_term_string\"}}],\"inLanguage\":\"is\"}]}<\/script>\n<!-- \/ Yoast SEO plugin. -->","yoast_head_json":{"title":"Vin\u00e1tta \u00ed Andab\u00e6 - Andab\u00e6r","robots":{"index":"noindex","follow":"follow","max-snippet":"max-snippet:-1","max-image-preview":"max-image-preview:large","max-video-preview":"max-video-preview:-1"},"og_locale":"is_IS","og_type":"article","og_title":"Vin\u00e1tta \u00ed Andab\u00e6 - Andab\u00e6r","og_description":"\u00a0 Hausti\u00f0 2017 h\u00f3f Andab\u00e6r \u00fe\u00e1ttt\u00f6ku \u00ed verkefninu Vin\u00e1tta sem er \u00e1 vegum Barnaheilla en allir leiksk\u00f3lar \u00ed sveitaf\u00e9laginu taka \u00fe\u00e1tt \u00ed \u00feessu verkefni. Starfsmenn leiksk\u00f3lans f\u00f3ru \u00e1 n\u00e1mskei\u00f0 til a\u00f0 allir v\u00e6ru me\u00f0 s\u00f6mu s\u00fdn \u00e1 verkefni\u00f0. Fri for mobberi, eins og verkefni\u00f0 heitir \u00e1 frumm\u00e1linu, er \u00fer\u00f3a\u00f0 og m\u00f3ta\u00f0 af Red barnet og Mary Fonden \u00ed Danm\u00f6rku og ... Read More","og_url":"https:\/\/dev.borgarbyggd.is\/andabaer\/skolastarfid\/vinatta-i-andabae\/","og_site_name":"Andab\u00e6r","article_modified_time":"2024-12-18T11:03:55+00:00","og_image":[{"width":1233,"height":1928,"url":"https:\/\/dev.borgarbyggd.is\/andabaer\/wp-content\/uploads\/sites\/4\/2023\/10\/blaer.jpg","type":"image\/jpeg"}],"twitter_card":"summary_large_image","twitter_misc":{"Est. reading time":"2 minutes"},"schema":{"@context":"https:\/\/schema.org","@graph":[{"@type":"WebPage","@id":"https:\/\/dev.borgarbyggd.is\/andabaer\/skolastarfid\/vinatta-i-andabae\/","url":"https:\/\/dev.borgarbyggd.is\/andabaer\/skolastarfid\/vinatta-i-andabae\/","name":"Vin\u00e1tta \u00ed Andab\u00e6 - Andab\u00e6r","isPartOf":{"@id":"https:\/\/dev.borgarbyggd.is\/andabaer\/#website"},"primaryImageOfPage":{"@id":"https:\/\/dev.borgarbyggd.is\/andabaer\/skolastarfid\/vinatta-i-andabae\/#primaryimage"},"image":{"@id":"https:\/\/dev.borgarbyggd.is\/andabaer\/skolastarfid\/vinatta-i-andabae\/#primaryimage"},"thumbnailUrl":"https:\/\/dev.borgarbyggd.is\/andabaer\/wp-content\/uploads\/sites\/4\/2023\/10\/blaer-192x300.jpg","datePublished":"2023-08-04T09:41:33+00:00","dateModified":"2024-12-18T11:03:55+00:00","breadcrumb":{"@id":"https:\/\/dev.borgarbyggd.is\/andabaer\/skolastarfid\/vinatta-i-andabae\/#breadcrumb"},"inLanguage":"is","potentialAction":[{"@type":"ReadAction","target":["https:\/\/dev.borgarbyggd.is\/andabaer\/skolastarfid\/vinatta-i-andabae\/"]}]},{"@type":"ImageObject","inLanguage":"is","@id":"https:\/\/dev.borgarbyggd.is\/andabaer\/skolastarfid\/vinatta-i-andabae\/#primaryimage","url":"https:\/\/dev.borgarbyggd.is\/andabaer\/wp-content\/uploads\/sites\/4\/2023\/10\/blaer.jpg","contentUrl":"https:\/\/dev.borgarbyggd.is\/andabaer\/wp-content\/uploads\/sites\/4\/2023\/10\/blaer.jpg","width":1233,"height":1928},{"@type":"BreadcrumbList","@id":"https:\/\/dev.borgarbyggd.is\/andabaer\/skolastarfid\/vinatta-i-andabae\/#breadcrumb","itemListElement":[{"@type":"ListItem","position":1,"name":"Home","item":"https:\/\/dev.borgarbyggd.is\/andabaer\/"},{"@type":"ListItem","position":2,"name":"Sk\u00f3lastarfi\u00f0","item":"https:\/\/dev.borgarbyggd.is\/andabaer\/skolastarfid\/"},{"@type":"ListItem","position":3,"name":"Vin\u00e1tta \u00ed Andab\u00e6"}]},{"@type":"WebSite","@id":"https:\/\/dev.borgarbyggd.is\/andabaer\/#website","url":"https:\/\/dev.borgarbyggd.is\/andabaer\/","name":"Andab\u00e6r","description":"","potentialAction":[{"@type":"SearchAction","target":{"@type":"EntryPoint","urlTemplate":"https:\/\/dev.borgarbyggd.is\/andabaer\/?s={search_term_string}"},"query-input":{"@type":"PropertyValueSpecification","valueRequired":true,"valueName":"search_term_string"}}],"inLanguage":"is"}]}},"_links":{"self":[{"href":"https:\/\/dev.borgarbyggd.is\/andabaer\/wp-json\/wp\/v2\/pages\/46","targetHints":{"allow":["GET"]}}],"collection":[{"href":"https:\/\/dev.borgarbyggd.is\/andabaer\/wp-json\/wp\/v2\/pages"}],"about":[{"href":"https:\/\/dev.borgarbyggd.is\/andabaer\/wp-json\/wp\/v2\/types\/page"}],"author":[{"embeddable":true,"href":"https:\/\/dev.borgarbyggd.is\/andabaer\/wp-json\/wp\/v2\/users\/4"}],"replies":[{"embeddable":true,"href":"https:\/\/dev.borgarbyggd.is\/andabaer\/wp-json\/wp\/v2\/comments?post=46"}],"version-history":[{"count":0,"href":"https:\/\/dev.borgarbyggd.is\/andabaer\/wp-json\/wp\/v2\/pages\/46\/revisions"}],"up":[{"embeddable":true,"href":"https:\/\/dev.borgarbyggd.is\/andabaer\/wp-json\/wp\/v2\/pages\/29"}],"wp:attachment":[{"href":"https:\/\/dev.borgarbyggd.is\/andabaer\/wp-json\/wp\/v2\/media?parent=46"}],"curies":[{"name":"wp","href":"https:\/\/api.w.org\/{rel}","templated":true}]}}