{"id":45,"date":"2023-08-04T09:40:45","date_gmt":"2023-08-04T09:40:45","guid":{"rendered":"https:\/\/dev.borgarbyggd.is\/andabaer\/?page_id=45"},"modified":"2025-05-13T15:18:41","modified_gmt":"2025-05-13T15:18:41","slug":"svona-erum-vid","status":"publish","type":"page","link":"https:\/\/dev.borgarbyggd.is\/andabaer\/upplysingar\/svona-erum-vid\/","title":{"rendered":"Saga leiksk\u00f3lans"},"content":{"rendered":"<p style=\"text-align: center\"><strong>Vir\u00f0ing &#8211; gle\u00f0i &#8211; vin\u00e1tta\u00a0<\/strong><\/p>\n<p><span data-contrast=\"none\">Leiksk\u00f3linn Andab\u00e6r \u00e1 Hvanneyri \u00ed Borgarbygg\u00f0 er \u00feriggja deilda leiksk\u00f3li sem getur vista\u00f0 65 b\u00f6rn samt\u00edmis. Deildarnar heita Go\u00f0heimar, \u00c1lfheimar og Hulduheimar.<\/span><span data-ccp-props=\"{&quot;201341983&quot;:0,&quot;335559739&quot;:150,&quot;335559740&quot;:240}\">\u00a0<\/span><\/p>\n<p><span data-contrast=\"none\">Leiksk\u00f3linn var stofna\u00f0ur af foreldrum \u00ed febr\u00faar 1981 og var \u00fe\u00e1 sta\u00f0settur \u00ed kjallara B\u00e6ndask\u00f3lans \u00e1 Hvanneyri. Snemma \u00e1rs 1983 flutti hann \u00ed h\u00fasn\u00e6\u00f0i Andak\u00edlssk\u00f3la. \u00c1ri\u00f0 1990 var tekin fyrsta sk\u00f3flustungan af fyrstu leiksk\u00f3labyggingunni vi\u00f0 T\u00fang\u00f6tu 27 \u00e1 Hvanneyri og var flutt inn \u00ed hana \u00e1ri\u00f0 1991. Byggt var vi\u00f0 leiksk\u00f3lann \u00e1ri\u00f0 2000 og var\u00f0 hann \u00fe\u00e1 tveggja deilda leiksk\u00f3li. \u00deann 3. okt\u00f3ber 2005 var\u00f0 sk\u00f3linn \u00feriggja deilda en \u00fe\u00e1 var opnu\u00f0 n\u00fd deild vi\u00f0 Andab\u00e6 \u00fear sem f\u00f3lksfj\u00f6lgun var mikil \u00e1 sta\u00f0num og leiksk\u00f3linn or\u00f0in fullsetinn. Deildin var opnu\u00f0 \u00ed \u00edb\u00fa\u00f0 \u00ed parh\u00fasi n\u00e1l\u00e6gt leiksk\u00f3lanum \u00ed eigu sveitaf\u00e9lagsins og henni breytt \u00ed deild fyrir yngstu b\u00f6rnin.<\/span><span data-ccp-props=\"{&quot;201341983&quot;:0,&quot;335559739&quot;:150,&quot;335559740&quot;:240}\">\u00a0<\/span><\/p>\n<p><span data-contrast=\"none\">\u00c1ri\u00f0 2008 var svo sk\u00f3lflustunga tekin af n\u00fdjum leiksk\u00f3la vi\u00f0 Arnarfl\u00f6t 2. \u00dear sem leiksk\u00f3linn vi\u00f0 T\u00fang\u00f6tu 27 var or\u00f0in of l\u00edtill. Leiksk\u00f3linn flutti \u00ed n\u00fdja h\u00fasn\u00e6\u00f0i\u00f0 \u00ed lok febr\u00faar \u00e1ri\u00f0 2009, \u00fear sem hann er starfsr\u00e6ktur \u00ed dag.<\/span><span data-ccp-props=\"{&quot;201341983&quot;:0,&quot;335559739&quot;:150,&quot;335559740&quot;:240}\">\u00a0<\/span><\/p>\n<p><span data-contrast=\"none\">Sk\u00f3linn er vel sta\u00f0settur \u00ed umhverfi kletta og n\u00e1tt\u00faru sem b\u00fd\u00f0ur upp \u00e1 skemmtilega upplifun og reynslu sem n\u00fdtt er \u00ed n\u00e1mi barnanna.<\/span><span data-ccp-props=\"{&quot;201341983&quot;:0,&quot;335559739&quot;:150,&quot;335559740&quot;:240}\">\u00a0<\/span><\/p>\n","protected":false},"excerpt":{"rendered":"<p>Vir\u00f0ing &#8211; gle\u00f0i &#8211; vin\u00e1tta\u00a0 Leiksk\u00f3linn Andab\u00e6r \u00e1 Hvanneyri \u00ed Borgarbygg\u00f0 er \u00feriggja deilda leiksk\u00f3li sem getur vista\u00f0 65 b\u00f6rn samt\u00edmis. Deildarnar heita Go\u00f0heimar, \u00c1lfheimar og Hulduheimar.\u00a0 Leiksk\u00f3linn var stofna\u00f0ur af foreldrum \u00ed febr\u00faar 1981 og var \u00fe\u00e1 sta\u00f0settur \u00ed kjallara B\u00e6ndask\u00f3lans \u00e1 Hvanneyri. Snemma \u00e1rs 1983 flutti hann \u00ed h\u00fasn\u00e6\u00f0i Andak\u00edlssk\u00f3la. \u00c1ri\u00f0 1990 var tekin fyrsta sk\u00f3flustungan af fyrstu &#8230; <\/p>\n<div><a href=\"https:\/\/dev.borgarbyggd.is\/andabaer\/upplysingar\/svona-erum-vid\/\" class=\"more-link\">Read More<\/a><\/div>\n","protected":false},"author":4,"featured_media":0,"parent":60,"menu_order":0,"comment_status":"closed","ping_status":"closed","template":"","meta":{"_acf_changed":false,"footnotes":""},"class_list":["post-45","page","type-page","status-publish","hentry","no-post-thumbnail"],"acf":{"quickaccess":false},"yoast_head":"<!-- This site is optimized with the Yoast SEO plugin v24.0 - https:\/\/yoast.com\/wordpress\/plugins\/seo\/ -->\n<title>Saga leiksk\u00f3lans - Andab\u00e6r<\/title>\n<meta name=\"robots\" content=\"noindex, follow, max-snippet:-1, max-image-preview:large, max-video-preview:-1\" \/>\n<meta property=\"og:locale\" content=\"is_IS\" \/>\n<meta property=\"og:type\" content=\"article\" \/>\n<meta property=\"og:title\" content=\"Saga leiksk\u00f3lans - Andab\u00e6r\" \/>\n<meta property=\"og:description\" content=\"Vir\u00f0ing &#8211; gle\u00f0i &#8211; vin\u00e1tta\u00a0 Leiksk\u00f3linn Andab\u00e6r \u00e1 Hvanneyri \u00ed Borgarbygg\u00f0 er \u00feriggja deilda leiksk\u00f3li sem getur vista\u00f0 65 b\u00f6rn samt\u00edmis. Deildarnar heita Go\u00f0heimar, \u00c1lfheimar og Hulduheimar.\u00a0 Leiksk\u00f3linn var stofna\u00f0ur af foreldrum \u00ed febr\u00faar 1981 og var \u00fe\u00e1 sta\u00f0settur \u00ed kjallara B\u00e6ndask\u00f3lans \u00e1 Hvanneyri. Snemma \u00e1rs 1983 flutti hann \u00ed h\u00fasn\u00e6\u00f0i Andak\u00edlssk\u00f3la. \u00c1ri\u00f0 1990 var tekin fyrsta sk\u00f3flustungan af fyrstu ... Read More\" \/>\n<meta property=\"og:url\" content=\"https:\/\/dev.borgarbyggd.is\/andabaer\/upplysingar\/svona-erum-vid\/\" \/>\n<meta property=\"og:site_name\" content=\"Andab\u00e6r\" \/>\n<meta property=\"article:modified_time\" content=\"2025-05-13T15:18:41+00:00\" \/>\n<meta name=\"twitter:card\" content=\"summary_large_image\" \/>\n<meta name=\"twitter:label1\" content=\"Est. reading time\" \/>\n\t<meta name=\"twitter:data1\" content=\"2 minutes\" \/>\n<script type=\"application\/ld+json\" class=\"yoast-schema-graph\">{\"@context\":\"https:\/\/schema.org\",\"@graph\":[{\"@type\":\"WebPage\",\"@id\":\"https:\/\/dev.borgarbyggd.is\/andabaer\/upplysingar\/svona-erum-vid\/\",\"url\":\"https:\/\/dev.borgarbyggd.is\/andabaer\/upplysingar\/svona-erum-vid\/\",\"name\":\"Saga leiksk\u00f3lans - Andab\u00e6r\",\"isPartOf\":{\"@id\":\"https:\/\/dev.borgarbyggd.is\/andabaer\/#website\"},\"datePublished\":\"2023-08-04T09:40:45+00:00\",\"dateModified\":\"2025-05-13T15:18:41+00:00\",\"breadcrumb\":{\"@id\":\"https:\/\/dev.borgarbyggd.is\/andabaer\/upplysingar\/svona-erum-vid\/#breadcrumb\"},\"inLanguage\":\"is\",\"potentialAction\":[{\"@type\":\"ReadAction\",\"target\":[\"https:\/\/dev.borgarbyggd.is\/andabaer\/upplysingar\/svona-erum-vid\/\"]}]},{\"@type\":\"BreadcrumbList\",\"@id\":\"https:\/\/dev.borgarbyggd.is\/andabaer\/upplysingar\/svona-erum-vid\/#breadcrumb\",\"itemListElement\":[{\"@type\":\"ListItem\",\"position\":1,\"name\":\"Home\",\"item\":\"https:\/\/dev.borgarbyggd.is\/andabaer\/\"},{\"@type\":\"ListItem\",\"position\":2,\"name\":\"Uppl\u00fdsingar\",\"item\":\"https:\/\/dev.borgarbyggd.is\/andabaer\/upplysingar\/\"},{\"@type\":\"ListItem\",\"position\":3,\"name\":\"Saga leiksk\u00f3lans\"}]},{\"@type\":\"WebSite\",\"@id\":\"https:\/\/dev.borgarbyggd.is\/andabaer\/#website\",\"url\":\"https:\/\/dev.borgarbyggd.is\/andabaer\/\",\"name\":\"Andab\u00e6r\",\"description\":\"\",\"potentialAction\":[{\"@type\":\"SearchAction\",\"target\":{\"@type\":\"EntryPoint\",\"urlTemplate\":\"https:\/\/dev.borgarbyggd.is\/andabaer\/?s={search_term_string}\"},\"query-input\":{\"@type\":\"PropertyValueSpecification\",\"valueRequired\":true,\"valueName\":\"search_term_string\"}}],\"inLanguage\":\"is\"}]}<\/script>\n<!-- \/ Yoast SEO plugin. -->","yoast_head_json":{"title":"Saga leiksk\u00f3lans - Andab\u00e6r","robots":{"index":"noindex","follow":"follow","max-snippet":"max-snippet:-1","max-image-preview":"max-image-preview:large","max-video-preview":"max-video-preview:-1"},"og_locale":"is_IS","og_type":"article","og_title":"Saga leiksk\u00f3lans - Andab\u00e6r","og_description":"Vir\u00f0ing &#8211; gle\u00f0i &#8211; vin\u00e1tta\u00a0 Leiksk\u00f3linn Andab\u00e6r \u00e1 Hvanneyri \u00ed Borgarbygg\u00f0 er \u00feriggja deilda leiksk\u00f3li sem getur vista\u00f0 65 b\u00f6rn samt\u00edmis. Deildarnar heita Go\u00f0heimar, \u00c1lfheimar og Hulduheimar.\u00a0 Leiksk\u00f3linn var stofna\u00f0ur af foreldrum \u00ed febr\u00faar 1981 og var \u00fe\u00e1 sta\u00f0settur \u00ed kjallara B\u00e6ndask\u00f3lans \u00e1 Hvanneyri. Snemma \u00e1rs 1983 flutti hann \u00ed h\u00fasn\u00e6\u00f0i Andak\u00edlssk\u00f3la. \u00c1ri\u00f0 1990 var tekin fyrsta sk\u00f3flustungan af fyrstu ... Read More","og_url":"https:\/\/dev.borgarbyggd.is\/andabaer\/upplysingar\/svona-erum-vid\/","og_site_name":"Andab\u00e6r","article_modified_time":"2025-05-13T15:18:41+00:00","twitter_card":"summary_large_image","twitter_misc":{"Est. reading time":"2 minutes"},"schema":{"@context":"https:\/\/schema.org","@graph":[{"@type":"WebPage","@id":"https:\/\/dev.borgarbyggd.is\/andabaer\/upplysingar\/svona-erum-vid\/","url":"https:\/\/dev.borgarbyggd.is\/andabaer\/upplysingar\/svona-erum-vid\/","name":"Saga leiksk\u00f3lans - Andab\u00e6r","isPartOf":{"@id":"https:\/\/dev.borgarbyggd.is\/andabaer\/#website"},"datePublished":"2023-08-04T09:40:45+00:00","dateModified":"2025-05-13T15:18:41+00:00","breadcrumb":{"@id":"https:\/\/dev.borgarbyggd.is\/andabaer\/upplysingar\/svona-erum-vid\/#breadcrumb"},"inLanguage":"is","potentialAction":[{"@type":"ReadAction","target":["https:\/\/dev.borgarbyggd.is\/andabaer\/upplysingar\/svona-erum-vid\/"]}]},{"@type":"BreadcrumbList","@id":"https:\/\/dev.borgarbyggd.is\/andabaer\/upplysingar\/svona-erum-vid\/#breadcrumb","itemListElement":[{"@type":"ListItem","position":1,"name":"Home","item":"https:\/\/dev.borgarbyggd.is\/andabaer\/"},{"@type":"ListItem","position":2,"name":"Uppl\u00fdsingar","item":"https:\/\/dev.borgarbyggd.is\/andabaer\/upplysingar\/"},{"@type":"ListItem","position":3,"name":"Saga leiksk\u00f3lans"}]},{"@type":"WebSite","@id":"https:\/\/dev.borgarbyggd.is\/andabaer\/#website","url":"https:\/\/dev.borgarbyggd.is\/andabaer\/","name":"Andab\u00e6r","description":"","potentialAction":[{"@type":"SearchAction","target":{"@type":"EntryPoint","urlTemplate":"https:\/\/dev.borgarbyggd.is\/andabaer\/?s={search_term_string}"},"query-input":{"@type":"PropertyValueSpecification","valueRequired":true,"valueName":"search_term_string"}}],"inLanguage":"is"}]}},"_links":{"self":[{"href":"https:\/\/dev.borgarbyggd.is\/andabaer\/wp-json\/wp\/v2\/pages\/45","targetHints":{"allow":["GET"]}}],"collection":[{"href":"https:\/\/dev.borgarbyggd.is\/andabaer\/wp-json\/wp\/v2\/pages"}],"about":[{"href":"https:\/\/dev.borgarbyggd.is\/andabaer\/wp-json\/wp\/v2\/types\/page"}],"author":[{"embeddable":true,"href":"https:\/\/dev.borgarbyggd.is\/andabaer\/wp-json\/wp\/v2\/users\/4"}],"replies":[{"embeddable":true,"href":"https:\/\/dev.borgarbyggd.is\/andabaer\/wp-json\/wp\/v2\/comments?post=45"}],"version-history":[{"count":0,"href":"https:\/\/dev.borgarbyggd.is\/andabaer\/wp-json\/wp\/v2\/pages\/45\/revisions"}],"up":[{"embeddable":true,"href":"https:\/\/dev.borgarbyggd.is\/andabaer\/wp-json\/wp\/v2\/pages\/60"}],"wp:attachment":[{"href":"https:\/\/dev.borgarbyggd.is\/andabaer\/wp-json\/wp\/v2\/media?parent=45"}],"curies":[{"name":"wp","href":"https:\/\/api.w.org\/{rel}","templated":true}]}}