{"id":44,"date":"2023-08-04T09:40:21","date_gmt":"2023-08-04T09:40:21","guid":{"rendered":"https:\/\/dev.borgarbyggd.is\/andabaer\/?page_id=44"},"modified":"2025-09-02T09:31:04","modified_gmt":"2025-09-02T09:31:04","slug":"skyrslur-2","status":"publish","type":"page","link":"https:\/\/dev.borgarbyggd.is\/andabaer\/skyrslur-og-aaetlanir\/skyrslur-2\/","title":{"rendered":"Sk\u00fdrslur"},"content":{"rendered":"<p style=\"text-align: left\"><strong>\u00c1rssk\u00fdrslur og Gr\u00e6nf\u00e1nask\u00fdrslur<\/strong><\/p>\n<div class=\"hlekkur_a_skjal\" style=\"text-align: left;\"><a style=\"max-width: 100%;\" href=\"https:\/\/dev.borgarbyggd.is\/andabaer\/wp-content\/uploads\/sites\/4\/2025\/08\/Arskyrslan-2023-2024.pdf\">\u00c1rssk\u00fdrsla 2023-2024<\/a><\/div>\n<div class=\"hlekkur_a_skjal\" style=\"text-align: left;\"><a style=\"max-width: 100%;\" href=\"https:\/\/dev.borgarbyggd.is\/andabaer\/wp-content\/uploads\/sites\/4\/2024\/04\/arsskyrsla-2022-2023-Andabaer.pdf\">\u00c1rssk\u00fdrsla 2022-2023<\/a><\/div>\n<div class=\"hlekkur_a_skjal\" style=\"text-align: left;\"><a style=\"max-width: 100%;\" href=\"https:\/\/dev.borgarbyggd.is\/andabaer\/wp-content\/uploads\/sites\/4\/2025\/08\/Greinagerd-2019-2024-.pdf\">Gr\u00e6nf\u00e1nask\u00fdrsla 2019-2024<\/a><\/div>\n<div class=\"hlekkur_a_skjal\" style=\"text-align: left;\"><a style=\"max-width: 100%;\" href=\"https:\/\/dev.borgarbyggd.is\/andabaer\/wp-content\/uploads\/sites\/4\/2023\/08\/greinagerd-2017-2019-1.pdf\">Gr\u00e6nf\u00e1nask\u00fdrsla 2017-2019 <\/a><\/div>\n<div class=\"hlekkur_a_skjal\" style=\"text-align: left;\"><a style=\"max-width: 100%;\" href=\"https:\/\/dev.borgarbyggd.is\/andabaer\/wp-content\/uploads\/sites\/4\/2023\/08\/skyrsla-2017.pdf\">Gr\u00e6nf\u00e1nask\u00fdrsla 2017<\/a><\/div>\n<div class=\"hlekkur_a_skjal\" style=\"text-align: left;\"><a style=\"max-width: 100%;\" href=\"https:\/\/dev.borgarbyggd.is\/andabaer\/wp-content\/uploads\/sites\/4\/2023\/08\/skyrsla-2015.pdf\">Gr\u00e6nf\u00e1nask\u00fdrsla 2015<\/a><\/div>\n<div class=\"hlekkur_a_skjal\" style=\"text-align: left;\"><a style=\"max-width: 100%;\" href=\"https:\/\/dev.borgarbyggd.is\/andabaer\/wp-content\/uploads\/sites\/4\/2023\/08\/skyrsla-2013.pdf\">Gr\u00e6nf\u00e1nask\u00fdrsla 2013<\/a><\/div>\n<div class=\"hlekkur_a_skjal\" style=\"text-align: left;\"><a style=\"max-width: 100%;\" href=\"https:\/\/dev.borgarbyggd.is\/andabaer\/wp-content\/uploads\/sites\/4\/2023\/08\/skyrsla-2011.pdf\">Gr\u00e6nf\u00e1nask\u00fdrsla 2011<\/a><\/div>\n<div class=\"hlekkur_a_skjal\" style=\"text-align: left;\"><a style=\"max-width: 100%;\" href=\"https:\/\/dev.borgarbyggd.is\/andabaer\/wp-content\/uploads\/sites\/4\/2023\/08\/skyrsla-2009.pdf\">Gr\u00e6nf\u00e1nask\u00fdrsla 2009<\/a><\/div>\n<div class=\"hlekkur_a_skjal\" style=\"text-align: left;\"><a style=\"max-width: 100%;\" href=\"https:\/\/dev.borgarbyggd.is\/andabaer\/wp-content\/uploads\/sites\/4\/2023\/08\/Skyrsla-2007.pdf\">Gr\u00e6nf\u00e1nask\u00fdrsla 2007<\/a><\/div>\n<div class=\"hlekkur_a_skjal\" style=\"text-align: left;\"><a style=\"max-width: 100%;\" href=\"https:\/\/dev.borgarbyggd.is\/andabaer\/wp-content\/uploads\/sites\/4\/2023\/08\/Skyrsla-2005.pdf\">Gr\u00e6nf\u00e1nask\u00fdrsla 2005<\/a><\/div>\n","protected":false},"excerpt":{"rendered":"<p>\u00c1rssk\u00fdrslur og Gr\u00e6nf\u00e1nask\u00fdrslur<\/p>\n","protected":false},"author":4,"featured_media":0,"parent":423,"menu_order":0,"comment_status":"closed","ping_status":"closed","template":"","meta":{"_acf_changed":false,"footnotes":""},"class_list":["post-44","page","type-page","status-publish","hentry","no-post-thumbnail"],"acf":{"quickaccess":false},"yoast_head":"<!-- This site is optimized with the Yoast SEO plugin v24.0 - https:\/\/yoast.com\/wordpress\/plugins\/seo\/ -->\n<title>Sk\u00fdrslur - Andab\u00e6r<\/title>\n<meta name=\"robots\" content=\"noindex, follow, max-snippet:-1, max-image-preview:large, max-video-preview:-1\" \/>\n<meta property=\"og:locale\" content=\"is_IS\" \/>\n<meta property=\"og:type\" content=\"article\" \/>\n<meta property=\"og:title\" content=\"Sk\u00fdrslur - Andab\u00e6r\" \/>\n<meta property=\"og:description\" content=\"\u00c1rssk\u00fdrslur og Gr\u00e6nf\u00e1nask\u00fdrslur\" \/>\n<meta property=\"og:url\" content=\"https:\/\/dev.borgarbyggd.is\/andabaer\/skyrslur-og-aaetlanir\/skyrslur-2\/\" \/>\n<meta property=\"og:site_name\" content=\"Andab\u00e6r\" \/>\n<meta property=\"article:modified_time\" content=\"2025-09-02T09:31:04+00:00\" \/>\n<meta name=\"twitter:card\" content=\"summary_large_image\" \/>\n<meta name=\"twitter:label1\" content=\"Est. reading time\" \/>\n\t<meta name=\"twitter:data1\" content=\"1 minute\" \/>\n<script type=\"application\/ld+json\" class=\"yoast-schema-graph\">{\"@context\":\"https:\/\/schema.org\",\"@graph\":[{\"@type\":\"WebPage\",\"@id\":\"https:\/\/dev.borgarbyggd.is\/andabaer\/skyrslur-og-aaetlanir\/skyrslur-2\/\",\"url\":\"https:\/\/dev.borgarbyggd.is\/andabaer\/skyrslur-og-aaetlanir\/skyrslur-2\/\",\"name\":\"Sk\u00fdrslur - Andab\u00e6r\",\"isPartOf\":{\"@id\":\"https:\/\/dev.borgarbyggd.is\/andabaer\/#website\"},\"datePublished\":\"2023-08-04T09:40:21+00:00\",\"dateModified\":\"2025-09-02T09:31:04+00:00\",\"breadcrumb\":{\"@id\":\"https:\/\/dev.borgarbyggd.is\/andabaer\/skyrslur-og-aaetlanir\/skyrslur-2\/#breadcrumb\"},\"inLanguage\":\"is\",\"potentialAction\":[{\"@type\":\"ReadAction\",\"target\":[\"https:\/\/dev.borgarbyggd.is\/andabaer\/skyrslur-og-aaetlanir\/skyrslur-2\/\"]}]},{\"@type\":\"BreadcrumbList\",\"@id\":\"https:\/\/dev.borgarbyggd.is\/andabaer\/skyrslur-og-aaetlanir\/skyrslur-2\/#breadcrumb\",\"itemListElement\":[{\"@type\":\"ListItem\",\"position\":1,\"name\":\"Home\",\"item\":\"https:\/\/dev.borgarbyggd.is\/andabaer\/\"},{\"@type\":\"ListItem\",\"position\":2,\"name\":\"Sk\u00fdrslur og \u00e1\u00e6tlanir\",\"item\":\"https:\/\/dev.borgarbyggd.is\/andabaer\/skyrslur-og-aaetlanir\/\"},{\"@type\":\"ListItem\",\"position\":3,\"name\":\"Sk\u00fdrslur\"}]},{\"@type\":\"WebSite\",\"@id\":\"https:\/\/dev.borgarbyggd.is\/andabaer\/#website\",\"url\":\"https:\/\/dev.borgarbyggd.is\/andabaer\/\",\"name\":\"Andab\u00e6r\",\"description\":\"\",\"potentialAction\":[{\"@type\":\"SearchAction\",\"target\":{\"@type\":\"EntryPoint\",\"urlTemplate\":\"https:\/\/dev.borgarbyggd.is\/andabaer\/?s={search_term_string}\"},\"query-input\":{\"@type\":\"PropertyValueSpecification\",\"valueRequired\":true,\"valueName\":\"search_term_string\"}}],\"inLanguage\":\"is\"}]}<\/script>\n<!-- \/ Yoast SEO plugin. -->","yoast_head_json":{"title":"Sk\u00fdrslur - Andab\u00e6r","robots":{"index":"noindex","follow":"follow","max-snippet":"max-snippet:-1","max-image-preview":"max-image-preview:large","max-video-preview":"max-video-preview:-1"},"og_locale":"is_IS","og_type":"article","og_title":"Sk\u00fdrslur - Andab\u00e6r","og_description":"\u00c1rssk\u00fdrslur og Gr\u00e6nf\u00e1nask\u00fdrslur","og_url":"https:\/\/dev.borgarbyggd.is\/andabaer\/skyrslur-og-aaetlanir\/skyrslur-2\/","og_site_name":"Andab\u00e6r","article_modified_time":"2025-09-02T09:31:04+00:00","twitter_card":"summary_large_image","twitter_misc":{"Est. reading time":"1 minute"},"schema":{"@context":"https:\/\/schema.org","@graph":[{"@type":"WebPage","@id":"https:\/\/dev.borgarbyggd.is\/andabaer\/skyrslur-og-aaetlanir\/skyrslur-2\/","url":"https:\/\/dev.borgarbyggd.is\/andabaer\/skyrslur-og-aaetlanir\/skyrslur-2\/","name":"Sk\u00fdrslur - Andab\u00e6r","isPartOf":{"@id":"https:\/\/dev.borgarbyggd.is\/andabaer\/#website"},"datePublished":"2023-08-04T09:40:21+00:00","dateModified":"2025-09-02T09:31:04+00:00","breadcrumb":{"@id":"https:\/\/dev.borgarbyggd.is\/andabaer\/skyrslur-og-aaetlanir\/skyrslur-2\/#breadcrumb"},"inLanguage":"is","potentialAction":[{"@type":"ReadAction","target":["https:\/\/dev.borgarbyggd.is\/andabaer\/skyrslur-og-aaetlanir\/skyrslur-2\/"]}]},{"@type":"BreadcrumbList","@id":"https:\/\/dev.borgarbyggd.is\/andabaer\/skyrslur-og-aaetlanir\/skyrslur-2\/#breadcrumb","itemListElement":[{"@type":"ListItem","position":1,"name":"Home","item":"https:\/\/dev.borgarbyggd.is\/andabaer\/"},{"@type":"ListItem","position":2,"name":"Sk\u00fdrslur og \u00e1\u00e6tlanir","item":"https:\/\/dev.borgarbyggd.is\/andabaer\/skyrslur-og-aaetlanir\/"},{"@type":"ListItem","position":3,"name":"Sk\u00fdrslur"}]},{"@type":"WebSite","@id":"https:\/\/dev.borgarbyggd.is\/andabaer\/#website","url":"https:\/\/dev.borgarbyggd.is\/andabaer\/","name":"Andab\u00e6r","description":"","potentialAction":[{"@type":"SearchAction","target":{"@type":"EntryPoint","urlTemplate":"https:\/\/dev.borgarbyggd.is\/andabaer\/?s={search_term_string}"},"query-input":{"@type":"PropertyValueSpecification","valueRequired":true,"valueName":"search_term_string"}}],"inLanguage":"is"}]}},"_links":{"self":[{"href":"https:\/\/dev.borgarbyggd.is\/andabaer\/wp-json\/wp\/v2\/pages\/44","targetHints":{"allow":["GET"]}}],"collection":[{"href":"https:\/\/dev.borgarbyggd.is\/andabaer\/wp-json\/wp\/v2\/pages"}],"about":[{"href":"https:\/\/dev.borgarbyggd.is\/andabaer\/wp-json\/wp\/v2\/types\/page"}],"author":[{"embeddable":true,"href":"https:\/\/dev.borgarbyggd.is\/andabaer\/wp-json\/wp\/v2\/users\/4"}],"replies":[{"embeddable":true,"href":"https:\/\/dev.borgarbyggd.is\/andabaer\/wp-json\/wp\/v2\/comments?post=44"}],"version-history":[{"count":0,"href":"https:\/\/dev.borgarbyggd.is\/andabaer\/wp-json\/wp\/v2\/pages\/44\/revisions"}],"up":[{"embeddable":true,"href":"https:\/\/dev.borgarbyggd.is\/andabaer\/wp-json\/wp\/v2\/pages\/423"}],"wp:attachment":[{"href":"https:\/\/dev.borgarbyggd.is\/andabaer\/wp-json\/wp\/v2\/media?parent=44"}],"curies":[{"name":"wp","href":"https:\/\/api.w.org\/{rel}","templated":true}]}}