{"id":43,"date":"2023-08-04T09:39:54","date_gmt":"2023-08-04T09:39:54","guid":{"rendered":"https:\/\/dev.borgarbyggd.is\/andabaer\/?page_id=43"},"modified":"2026-03-17T09:14:29","modified_gmt":"2026-03-17T09:14:29","slug":"skolanamskra","status":"publish","type":"page","link":"https:\/\/dev.borgarbyggd.is\/andabaer\/skolastarfid\/skolanamskra\/","title":{"rendered":"Sk\u00f3lan\u00e1mskr\u00e1"},"content":{"rendered":"<p>Veri\u00f0 er a\u00f0 yfirfara sk\u00f3lan\u00e1mskr\u00e1 Andab\u00e6jar<\/p>\n","protected":false},"excerpt":{"rendered":"<p>Veri\u00f0 er a\u00f0 yfirfara sk\u00f3lan\u00e1mskr\u00e1 Andab\u00e6jar<\/p>\n","protected":false},"author":4,"featured_media":0,"parent":29,"menu_order":0,"comment_status":"closed","ping_status":"closed","template":"","meta":{"_acf_changed":false,"footnotes":""},"class_list":["post-43","page","type-page","status-publish","hentry","no-post-thumbnail"],"acf":{"quickaccess":false},"yoast_head":"<!-- This site is optimized with the Yoast SEO plugin v24.0 - https:\/\/yoast.com\/wordpress\/plugins\/seo\/ -->\n<title>Sk\u00f3lan\u00e1mskr\u00e1 - Andab\u00e6r<\/title>\n<meta name=\"robots\" content=\"noindex, follow, max-snippet:-1, max-image-preview:large, max-video-preview:-1\" \/>\n<meta property=\"og:locale\" content=\"is_IS\" \/>\n<meta property=\"og:type\" content=\"article\" \/>\n<meta property=\"og:title\" content=\"Sk\u00f3lan\u00e1mskr\u00e1 - Andab\u00e6r\" \/>\n<meta property=\"og:description\" content=\"Veri\u00f0 er a\u00f0 yfirfara sk\u00f3lan\u00e1mskr\u00e1 Andab\u00e6jar\" \/>\n<meta property=\"og:url\" content=\"https:\/\/dev.borgarbyggd.is\/andabaer\/skolastarfid\/skolanamskra\/\" \/>\n<meta property=\"og:site_name\" content=\"Andab\u00e6r\" \/>\n<meta property=\"article:modified_time\" content=\"2026-03-17T09:14:29+00:00\" \/>\n<meta name=\"twitter:card\" content=\"summary_large_image\" \/>\n<meta name=\"twitter:label1\" content=\"Est. reading time\" \/>\n\t<meta name=\"twitter:data1\" content=\"1 minute\" \/>\n<script type=\"application\/ld+json\" class=\"yoast-schema-graph\">{\"@context\":\"https:\/\/schema.org\",\"@graph\":[{\"@type\":\"WebPage\",\"@id\":\"https:\/\/dev.borgarbyggd.is\/andabaer\/skolastarfid\/skolanamskra\/\",\"url\":\"https:\/\/dev.borgarbyggd.is\/andabaer\/skolastarfid\/skolanamskra\/\",\"name\":\"Sk\u00f3lan\u00e1mskr\u00e1 - Andab\u00e6r\",\"isPartOf\":{\"@id\":\"https:\/\/dev.borgarbyggd.is\/andabaer\/#website\"},\"datePublished\":\"2023-08-04T09:39:54+00:00\",\"dateModified\":\"2026-03-17T09:14:29+00:00\",\"breadcrumb\":{\"@id\":\"https:\/\/dev.borgarbyggd.is\/andabaer\/skolastarfid\/skolanamskra\/#breadcrumb\"},\"inLanguage\":\"is\",\"potentialAction\":[{\"@type\":\"ReadAction\",\"target\":[\"https:\/\/dev.borgarbyggd.is\/andabaer\/skolastarfid\/skolanamskra\/\"]}]},{\"@type\":\"BreadcrumbList\",\"@id\":\"https:\/\/dev.borgarbyggd.is\/andabaer\/skolastarfid\/skolanamskra\/#breadcrumb\",\"itemListElement\":[{\"@type\":\"ListItem\",\"position\":1,\"name\":\"Home\",\"item\":\"https:\/\/dev.borgarbyggd.is\/andabaer\/\"},{\"@type\":\"ListItem\",\"position\":2,\"name\":\"Sk\u00f3lastarfi\u00f0\",\"item\":\"https:\/\/dev.borgarbyggd.is\/andabaer\/skolastarfid\/\"},{\"@type\":\"ListItem\",\"position\":3,\"name\":\"Sk\u00f3lan\u00e1mskr\u00e1\"}]},{\"@type\":\"WebSite\",\"@id\":\"https:\/\/dev.borgarbyggd.is\/andabaer\/#website\",\"url\":\"https:\/\/dev.borgarbyggd.is\/andabaer\/\",\"name\":\"Andab\u00e6r\",\"description\":\"\",\"potentialAction\":[{\"@type\":\"SearchAction\",\"target\":{\"@type\":\"EntryPoint\",\"urlTemplate\":\"https:\/\/dev.borgarbyggd.is\/andabaer\/?s={search_term_string}\"},\"query-input\":{\"@type\":\"PropertyValueSpecification\",\"valueRequired\":true,\"valueName\":\"search_term_string\"}}],\"inLanguage\":\"is\"}]}<\/script>\n<!-- \/ Yoast SEO plugin. -->","yoast_head_json":{"title":"Sk\u00f3lan\u00e1mskr\u00e1 - Andab\u00e6r","robots":{"index":"noindex","follow":"follow","max-snippet":"max-snippet:-1","max-image-preview":"max-image-preview:large","max-video-preview":"max-video-preview:-1"},"og_locale":"is_IS","og_type":"article","og_title":"Sk\u00f3lan\u00e1mskr\u00e1 - Andab\u00e6r","og_description":"Veri\u00f0 er a\u00f0 yfirfara sk\u00f3lan\u00e1mskr\u00e1 Andab\u00e6jar","og_url":"https:\/\/dev.borgarbyggd.is\/andabaer\/skolastarfid\/skolanamskra\/","og_site_name":"Andab\u00e6r","article_modified_time":"2026-03-17T09:14:29+00:00","twitter_card":"summary_large_image","twitter_misc":{"Est. reading time":"1 minute"},"schema":{"@context":"https:\/\/schema.org","@graph":[{"@type":"WebPage","@id":"https:\/\/dev.borgarbyggd.is\/andabaer\/skolastarfid\/skolanamskra\/","url":"https:\/\/dev.borgarbyggd.is\/andabaer\/skolastarfid\/skolanamskra\/","name":"Sk\u00f3lan\u00e1mskr\u00e1 - Andab\u00e6r","isPartOf":{"@id":"https:\/\/dev.borgarbyggd.is\/andabaer\/#website"},"datePublished":"2023-08-04T09:39:54+00:00","dateModified":"2026-03-17T09:14:29+00:00","breadcrumb":{"@id":"https:\/\/dev.borgarbyggd.is\/andabaer\/skolastarfid\/skolanamskra\/#breadcrumb"},"inLanguage":"is","potentialAction":[{"@type":"ReadAction","target":["https:\/\/dev.borgarbyggd.is\/andabaer\/skolastarfid\/skolanamskra\/"]}]},{"@type":"BreadcrumbList","@id":"https:\/\/dev.borgarbyggd.is\/andabaer\/skolastarfid\/skolanamskra\/#breadcrumb","itemListElement":[{"@type":"ListItem","position":1,"name":"Home","item":"https:\/\/dev.borgarbyggd.is\/andabaer\/"},{"@type":"ListItem","position":2,"name":"Sk\u00f3lastarfi\u00f0","item":"https:\/\/dev.borgarbyggd.is\/andabaer\/skolastarfid\/"},{"@type":"ListItem","position":3,"name":"Sk\u00f3lan\u00e1mskr\u00e1"}]},{"@type":"WebSite","@id":"https:\/\/dev.borgarbyggd.is\/andabaer\/#website","url":"https:\/\/dev.borgarbyggd.is\/andabaer\/","name":"Andab\u00e6r","description":"","potentialAction":[{"@type":"SearchAction","target":{"@type":"EntryPoint","urlTemplate":"https:\/\/dev.borgarbyggd.is\/andabaer\/?s={search_term_string}"},"query-input":{"@type":"PropertyValueSpecification","valueRequired":true,"valueName":"search_term_string"}}],"inLanguage":"is"}]}},"_links":{"self":[{"href":"https:\/\/dev.borgarbyggd.is\/andabaer\/wp-json\/wp\/v2\/pages\/43","targetHints":{"allow":["GET"]}}],"collection":[{"href":"https:\/\/dev.borgarbyggd.is\/andabaer\/wp-json\/wp\/v2\/pages"}],"about":[{"href":"https:\/\/dev.borgarbyggd.is\/andabaer\/wp-json\/wp\/v2\/types\/page"}],"author":[{"embeddable":true,"href":"https:\/\/dev.borgarbyggd.is\/andabaer\/wp-json\/wp\/v2\/users\/4"}],"replies":[{"embeddable":true,"href":"https:\/\/dev.borgarbyggd.is\/andabaer\/wp-json\/wp\/v2\/comments?post=43"}],"version-history":[{"count":0,"href":"https:\/\/dev.borgarbyggd.is\/andabaer\/wp-json\/wp\/v2\/pages\/43\/revisions"}],"up":[{"embeddable":true,"href":"https:\/\/dev.borgarbyggd.is\/andabaer\/wp-json\/wp\/v2\/pages\/29"}],"wp:attachment":[{"href":"https:\/\/dev.borgarbyggd.is\/andabaer\/wp-json\/wp\/v2\/media?parent=43"}],"curies":[{"name":"wp","href":"https:\/\/api.w.org\/{rel}","templated":true}]}}