{"id":41,"date":"2023-08-04T09:38:39","date_gmt":"2023-08-04T09:38:39","guid":{"rendered":"https:\/\/dev.borgarbyggd.is\/andabaer\/?page_id=41"},"modified":"2024-03-06T09:46:40","modified_gmt":"2024-03-06T09:46:40","slug":"samstarfssamningur-milli-skolastiga-a-hvanneyri","status":"publish","type":"page","link":"https:\/\/dev.borgarbyggd.is\/andabaer\/skolastarfid\/samstarfssamningur-milli-skolastiga-a-hvanneyri\/","title":{"rendered":"Samstarfssamningur milli sk\u00f3lastiga \u00e1 Hvanneyri"},"content":{"rendered":"<p>\u00cd ma\u00ed 2009 ger\u00f0u \u00f6ll sk\u00f3lastig \u00e1 Hvanneyri, leik-, grunn, og h\u00e1sk\u00f3linn me\u00f0 s\u00e9r samstarfssamning.\u00a0 10 \u00e1rum s\u00ed\u00f0ar e\u00f0a \u00ed ma\u00ed 2019 var hann endursko\u00f0a\u00f0ur og b\u00fain til n\u00fdr.<\/p>\n<div class=\"hlekkur_a_skjal\" style=\"text-align: left;\"><a style=\"max-width: 100%;\" href=\"https:\/\/dev.borgarbyggd.is\/andabaer\/wp-content\/uploads\/sites\/4\/2023\/08\/samningur_2019_LQ.pdf\">Samstarfssamningur milli allra sk\u00f3lastiga \u00e1 Hvanneyri<\/a><\/div>\n<p>&nbsp;<\/p>\n<p><span data-ccp-props=\"{&quot;134233117&quot;:false,&quot;134233118&quot;:false,&quot;201341983&quot;:0,&quot;335559738&quot;:0,&quot;335559739&quot;:150,&quot;335559740&quot;:240}\">\u00a0<\/span><\/p>\n<p><span data-ccp-props=\"{&quot;201341983&quot;:0,&quot;335559739&quot;:160,&quot;335559740&quot;:259}\">\u00a0<\/span><\/p>\n","protected":false},"excerpt":{"rendered":"<p>\u00cd ma\u00ed 2009 ger\u00f0u \u00f6ll sk\u00f3lastig \u00e1 Hvanneyri, leik-, grunn, og h\u00e1sk\u00f3linn me\u00f0 s\u00e9r samstarfssamning.\u00a0 10 \u00e1rum s\u00ed\u00f0ar e\u00f0a \u00ed ma\u00ed 2019 var hann endursko\u00f0a\u00f0ur og b\u00fain til n\u00fdr. &nbsp; \u00a0 \u00a0<\/p>\n","protected":false},"author":4,"featured_media":0,"parent":29,"menu_order":0,"comment_status":"closed","ping_status":"closed","template":"","meta":{"_acf_changed":false,"footnotes":""},"class_list":["post-41","page","type-page","status-publish","hentry","no-post-thumbnail"],"acf":{"quickaccess":false},"yoast_head":"<!-- This site is optimized with the Yoast SEO plugin v24.0 - https:\/\/yoast.com\/wordpress\/plugins\/seo\/ -->\n<title>Samstarfssamningur milli sk\u00f3lastiga \u00e1 Hvanneyri - Andab\u00e6r<\/title>\n<meta name=\"robots\" content=\"noindex, follow, max-snippet:-1, max-image-preview:large, max-video-preview:-1\" \/>\n<meta property=\"og:locale\" content=\"is_IS\" \/>\n<meta property=\"og:type\" content=\"article\" \/>\n<meta property=\"og:title\" content=\"Samstarfssamningur milli sk\u00f3lastiga \u00e1 Hvanneyri - Andab\u00e6r\" \/>\n<meta property=\"og:description\" content=\"\u00cd ma\u00ed 2009 ger\u00f0u \u00f6ll sk\u00f3lastig \u00e1 Hvanneyri, leik-, grunn, og h\u00e1sk\u00f3linn me\u00f0 s\u00e9r samstarfssamning.\u00a0 10 \u00e1rum s\u00ed\u00f0ar e\u00f0a \u00ed ma\u00ed 2019 var hann endursko\u00f0a\u00f0ur og b\u00fain til n\u00fdr. &nbsp; \u00a0 \u00a0\" \/>\n<meta property=\"og:url\" content=\"https:\/\/dev.borgarbyggd.is\/andabaer\/skolastarfid\/samstarfssamningur-milli-skolastiga-a-hvanneyri\/\" \/>\n<meta property=\"og:site_name\" content=\"Andab\u00e6r\" \/>\n<meta property=\"article:modified_time\" content=\"2024-03-06T09:46:40+00:00\" \/>\n<meta name=\"twitter:card\" content=\"summary_large_image\" \/>\n<meta name=\"twitter:label1\" content=\"Est. reading time\" \/>\n\t<meta name=\"twitter:data1\" content=\"1 minute\" \/>\n<script type=\"application\/ld+json\" class=\"yoast-schema-graph\">{\"@context\":\"https:\/\/schema.org\",\"@graph\":[{\"@type\":\"WebPage\",\"@id\":\"https:\/\/dev.borgarbyggd.is\/andabaer\/skolastarfid\/samstarfssamningur-milli-skolastiga-a-hvanneyri\/\",\"url\":\"https:\/\/dev.borgarbyggd.is\/andabaer\/skolastarfid\/samstarfssamningur-milli-skolastiga-a-hvanneyri\/\",\"name\":\"Samstarfssamningur milli sk\u00f3lastiga \u00e1 Hvanneyri - Andab\u00e6r\",\"isPartOf\":{\"@id\":\"https:\/\/dev.borgarbyggd.is\/andabaer\/#website\"},\"datePublished\":\"2023-08-04T09:38:39+00:00\",\"dateModified\":\"2024-03-06T09:46:40+00:00\",\"breadcrumb\":{\"@id\":\"https:\/\/dev.borgarbyggd.is\/andabaer\/skolastarfid\/samstarfssamningur-milli-skolastiga-a-hvanneyri\/#breadcrumb\"},\"inLanguage\":\"is\",\"potentialAction\":[{\"@type\":\"ReadAction\",\"target\":[\"https:\/\/dev.borgarbyggd.is\/andabaer\/skolastarfid\/samstarfssamningur-milli-skolastiga-a-hvanneyri\/\"]}]},{\"@type\":\"BreadcrumbList\",\"@id\":\"https:\/\/dev.borgarbyggd.is\/andabaer\/skolastarfid\/samstarfssamningur-milli-skolastiga-a-hvanneyri\/#breadcrumb\",\"itemListElement\":[{\"@type\":\"ListItem\",\"position\":1,\"name\":\"Home\",\"item\":\"https:\/\/dev.borgarbyggd.is\/andabaer\/\"},{\"@type\":\"ListItem\",\"position\":2,\"name\":\"Sk\u00f3lastarfi\u00f0\",\"item\":\"https:\/\/dev.borgarbyggd.is\/andabaer\/skolastarfid\/\"},{\"@type\":\"ListItem\",\"position\":3,\"name\":\"Samstarfssamningur milli sk\u00f3lastiga \u00e1 Hvanneyri\"}]},{\"@type\":\"WebSite\",\"@id\":\"https:\/\/dev.borgarbyggd.is\/andabaer\/#website\",\"url\":\"https:\/\/dev.borgarbyggd.is\/andabaer\/\",\"name\":\"Andab\u00e6r\",\"description\":\"\",\"potentialAction\":[{\"@type\":\"SearchAction\",\"target\":{\"@type\":\"EntryPoint\",\"urlTemplate\":\"https:\/\/dev.borgarbyggd.is\/andabaer\/?s={search_term_string}\"},\"query-input\":{\"@type\":\"PropertyValueSpecification\",\"valueRequired\":true,\"valueName\":\"search_term_string\"}}],\"inLanguage\":\"is\"}]}<\/script>\n<!-- \/ Yoast SEO plugin. -->","yoast_head_json":{"title":"Samstarfssamningur milli sk\u00f3lastiga \u00e1 Hvanneyri - Andab\u00e6r","robots":{"index":"noindex","follow":"follow","max-snippet":"max-snippet:-1","max-image-preview":"max-image-preview:large","max-video-preview":"max-video-preview:-1"},"og_locale":"is_IS","og_type":"article","og_title":"Samstarfssamningur milli sk\u00f3lastiga \u00e1 Hvanneyri - Andab\u00e6r","og_description":"\u00cd ma\u00ed 2009 ger\u00f0u \u00f6ll sk\u00f3lastig \u00e1 Hvanneyri, leik-, grunn, og h\u00e1sk\u00f3linn me\u00f0 s\u00e9r samstarfssamning.\u00a0 10 \u00e1rum s\u00ed\u00f0ar e\u00f0a \u00ed ma\u00ed 2019 var hann endursko\u00f0a\u00f0ur og b\u00fain til n\u00fdr. &nbsp; \u00a0 \u00a0","og_url":"https:\/\/dev.borgarbyggd.is\/andabaer\/skolastarfid\/samstarfssamningur-milli-skolastiga-a-hvanneyri\/","og_site_name":"Andab\u00e6r","article_modified_time":"2024-03-06T09:46:40+00:00","twitter_card":"summary_large_image","twitter_misc":{"Est. reading time":"1 minute"},"schema":{"@context":"https:\/\/schema.org","@graph":[{"@type":"WebPage","@id":"https:\/\/dev.borgarbyggd.is\/andabaer\/skolastarfid\/samstarfssamningur-milli-skolastiga-a-hvanneyri\/","url":"https:\/\/dev.borgarbyggd.is\/andabaer\/skolastarfid\/samstarfssamningur-milli-skolastiga-a-hvanneyri\/","name":"Samstarfssamningur milli sk\u00f3lastiga \u00e1 Hvanneyri - Andab\u00e6r","isPartOf":{"@id":"https:\/\/dev.borgarbyggd.is\/andabaer\/#website"},"datePublished":"2023-08-04T09:38:39+00:00","dateModified":"2024-03-06T09:46:40+00:00","breadcrumb":{"@id":"https:\/\/dev.borgarbyggd.is\/andabaer\/skolastarfid\/samstarfssamningur-milli-skolastiga-a-hvanneyri\/#breadcrumb"},"inLanguage":"is","potentialAction":[{"@type":"ReadAction","target":["https:\/\/dev.borgarbyggd.is\/andabaer\/skolastarfid\/samstarfssamningur-milli-skolastiga-a-hvanneyri\/"]}]},{"@type":"BreadcrumbList","@id":"https:\/\/dev.borgarbyggd.is\/andabaer\/skolastarfid\/samstarfssamningur-milli-skolastiga-a-hvanneyri\/#breadcrumb","itemListElement":[{"@type":"ListItem","position":1,"name":"Home","item":"https:\/\/dev.borgarbyggd.is\/andabaer\/"},{"@type":"ListItem","position":2,"name":"Sk\u00f3lastarfi\u00f0","item":"https:\/\/dev.borgarbyggd.is\/andabaer\/skolastarfid\/"},{"@type":"ListItem","position":3,"name":"Samstarfssamningur milli sk\u00f3lastiga \u00e1 Hvanneyri"}]},{"@type":"WebSite","@id":"https:\/\/dev.borgarbyggd.is\/andabaer\/#website","url":"https:\/\/dev.borgarbyggd.is\/andabaer\/","name":"Andab\u00e6r","description":"","potentialAction":[{"@type":"SearchAction","target":{"@type":"EntryPoint","urlTemplate":"https:\/\/dev.borgarbyggd.is\/andabaer\/?s={search_term_string}"},"query-input":{"@type":"PropertyValueSpecification","valueRequired":true,"valueName":"search_term_string"}}],"inLanguage":"is"}]}},"_links":{"self":[{"href":"https:\/\/dev.borgarbyggd.is\/andabaer\/wp-json\/wp\/v2\/pages\/41","targetHints":{"allow":["GET"]}}],"collection":[{"href":"https:\/\/dev.borgarbyggd.is\/andabaer\/wp-json\/wp\/v2\/pages"}],"about":[{"href":"https:\/\/dev.borgarbyggd.is\/andabaer\/wp-json\/wp\/v2\/types\/page"}],"author":[{"embeddable":true,"href":"https:\/\/dev.borgarbyggd.is\/andabaer\/wp-json\/wp\/v2\/users\/4"}],"replies":[{"embeddable":true,"href":"https:\/\/dev.borgarbyggd.is\/andabaer\/wp-json\/wp\/v2\/comments?post=41"}],"version-history":[{"count":0,"href":"https:\/\/dev.borgarbyggd.is\/andabaer\/wp-json\/wp\/v2\/pages\/41\/revisions"}],"up":[{"embeddable":true,"href":"https:\/\/dev.borgarbyggd.is\/andabaer\/wp-json\/wp\/v2\/pages\/29"}],"wp:attachment":[{"href":"https:\/\/dev.borgarbyggd.is\/andabaer\/wp-json\/wp\/v2\/media?parent=41"}],"curies":[{"name":"wp","href":"https:\/\/api.w.org\/{rel}","templated":true}]}}