{"id":39,"date":"2023-08-04T09:37:32","date_gmt":"2023-08-04T09:37:32","guid":{"rendered":"https:\/\/dev.borgarbyggd.is\/andabaer\/?page_id=39"},"modified":"2024-03-06T13:27:05","modified_gmt":"2024-03-06T13:27:05","slug":"lubbi-finnur-malbein","status":"publish","type":"page","link":"https:\/\/dev.borgarbyggd.is\/andabaer\/skolastarfid\/lubbi-finnur-malbein\/","title":{"rendered":"Lubbi finnur m\u00e1lbein"},"content":{"rendered":"<p><span data-contrast=\"none\">N\u00e1msefni\u00f0 er fyrir \u00f6ll b\u00f6rn og er veri\u00f0 a\u00f0 leggja inn m\u00e1lhlj\u00f3\u00f0in \u00e1 skemmtilegan h\u00e1tt. \u00dea\u00f0 er gert me\u00f0 \u00fev\u00ed a\u00f0 leysa \u00fdmsar skemmtilegar \u00ferautir \u00ed hlj\u00f3\u00f0asmi\u00f0ju Lubba, t.d. a\u00f0 mynda m\u00e1lhlj\u00f3\u00f0in alveg r\u00e9tt og tengja \u00feau saman, klappa atkv\u00e6\u00f0i, r\u00edma, leita uppi b\u00f3kstafi, ra\u00f0a m\u00e1lbeinum saman \u00ed or\u00f0, lesa or\u00f0in og svara skemmtilegum spurningum. Einnig eru s\u00f6ngvar me\u00f0 hverju m\u00e1lhlj\u00f3\u00f0i. Lubbi veit a\u00f0 g\u00f3\u00f0ar m\u00e1lfyrirmyndir skipta h\u00f6fu\u00f0m\u00e1li, m.a. er var\u00f0ar r\u00edkan or\u00f0afor\u00f0a og skapandi notkun m\u00e1lsins. Mikilv\u00e6gt er \u00fev\u00ed a\u00f0 starfsf\u00f3lk Andab\u00e6jar s\u00e9u g\u00f3\u00f0ar fyrirmyndir og leggi r\u00edka \u00e1herslu \u00e1 g\u00f3\u00f0a og vanda\u00f0a \u00edslensku. Lubbastundir eru \u00e1 hverri deild \u00fear sem fari\u00f0 er \u00ed verkefni og sungnar v\u00edsurnar eftir aldri barnanna. Einnig er gripi\u00f0 \u00ed Lubba \u00e1 \u00f6llum t\u00edmum \u00ed starfinu.<\/span><span data-ccp-props=\"{&quot;201341983&quot;:2,&quot;335551550&quot;:6,&quot;335551620&quot;:6,&quot;335559739&quot;:0,&quot;335559740&quot;:315}\">\u00a0<\/span><\/p>\n<p><em><strong><a href=\"http:\/\/www.lubbi.is\/\">H\u00e9r m\u00e1 finna meiri uppl\u00fdsingar um Lubba<\/a>\u00a0<\/strong><\/em><\/p>\n<p><span data-ccp-props=\"{&quot;201341983&quot;:0,&quot;335559739&quot;:160,&quot;335559740&quot;:259}\">\u00a0<\/span><\/p>\n","protected":false},"excerpt":{"rendered":"<p>N\u00e1msefni\u00f0 er fyrir \u00f6ll b\u00f6rn og er veri\u00f0 a\u00f0 leggja inn m\u00e1lhlj\u00f3\u00f0in \u00e1 skemmtilegan h\u00e1tt. \u00dea\u00f0 er gert me\u00f0 \u00fev\u00ed a\u00f0 leysa \u00fdmsar skemmtilegar \u00ferautir \u00ed hlj\u00f3\u00f0asmi\u00f0ju Lubba, t.d. a\u00f0 mynda m\u00e1lhlj\u00f3\u00f0in alveg r\u00e9tt og tengja \u00feau saman, klappa atkv\u00e6\u00f0i, r\u00edma, leita uppi b\u00f3kstafi, ra\u00f0a m\u00e1lbeinum saman \u00ed or\u00f0, lesa or\u00f0in og svara skemmtilegum spurningum. Einnig eru s\u00f6ngvar me\u00f0 hverju &#8230; <\/p>\n<div><a href=\"https:\/\/dev.borgarbyggd.is\/andabaer\/skolastarfid\/lubbi-finnur-malbein\/\" class=\"more-link\">Read More<\/a><\/div>\n","protected":false},"author":4,"featured_media":0,"parent":29,"menu_order":0,"comment_status":"closed","ping_status":"closed","template":"","meta":{"_acf_changed":false,"footnotes":""},"class_list":["post-39","page","type-page","status-publish","hentry","no-post-thumbnail"],"acf":{"quickaccess":false},"yoast_head":"<!-- This site is optimized with the Yoast SEO plugin v24.0 - https:\/\/yoast.com\/wordpress\/plugins\/seo\/ -->\n<title>Lubbi finnur m\u00e1lbein - Andab\u00e6r<\/title>\n<meta name=\"robots\" content=\"noindex, follow, max-snippet:-1, max-image-preview:large, max-video-preview:-1\" \/>\n<meta property=\"og:locale\" content=\"is_IS\" \/>\n<meta property=\"og:type\" content=\"article\" \/>\n<meta property=\"og:title\" content=\"Lubbi finnur m\u00e1lbein - Andab\u00e6r\" \/>\n<meta property=\"og:description\" content=\"N\u00e1msefni\u00f0 er fyrir \u00f6ll b\u00f6rn og er veri\u00f0 a\u00f0 leggja inn m\u00e1lhlj\u00f3\u00f0in \u00e1 skemmtilegan h\u00e1tt. \u00dea\u00f0 er gert me\u00f0 \u00fev\u00ed a\u00f0 leysa \u00fdmsar skemmtilegar \u00ferautir \u00ed hlj\u00f3\u00f0asmi\u00f0ju Lubba, t.d. a\u00f0 mynda m\u00e1lhlj\u00f3\u00f0in alveg r\u00e9tt og tengja \u00feau saman, klappa atkv\u00e6\u00f0i, r\u00edma, leita uppi b\u00f3kstafi, ra\u00f0a m\u00e1lbeinum saman \u00ed or\u00f0, lesa or\u00f0in og svara skemmtilegum spurningum. Einnig eru s\u00f6ngvar me\u00f0 hverju ... Read More\" \/>\n<meta property=\"og:url\" content=\"https:\/\/dev.borgarbyggd.is\/andabaer\/skolastarfid\/lubbi-finnur-malbein\/\" \/>\n<meta property=\"og:site_name\" content=\"Andab\u00e6r\" \/>\n<meta property=\"article:modified_time\" content=\"2024-03-06T13:27:05+00:00\" \/>\n<meta name=\"twitter:card\" content=\"summary_large_image\" \/>\n<meta name=\"twitter:label1\" content=\"Est. reading time\" \/>\n\t<meta name=\"twitter:data1\" content=\"1 minute\" \/>\n<script type=\"application\/ld+json\" class=\"yoast-schema-graph\">{\"@context\":\"https:\/\/schema.org\",\"@graph\":[{\"@type\":\"WebPage\",\"@id\":\"https:\/\/dev.borgarbyggd.is\/andabaer\/skolastarfid\/lubbi-finnur-malbein\/\",\"url\":\"https:\/\/dev.borgarbyggd.is\/andabaer\/skolastarfid\/lubbi-finnur-malbein\/\",\"name\":\"Lubbi finnur m\u00e1lbein - Andab\u00e6r\",\"isPartOf\":{\"@id\":\"https:\/\/dev.borgarbyggd.is\/andabaer\/#website\"},\"datePublished\":\"2023-08-04T09:37:32+00:00\",\"dateModified\":\"2024-03-06T13:27:05+00:00\",\"breadcrumb\":{\"@id\":\"https:\/\/dev.borgarbyggd.is\/andabaer\/skolastarfid\/lubbi-finnur-malbein\/#breadcrumb\"},\"inLanguage\":\"is\",\"potentialAction\":[{\"@type\":\"ReadAction\",\"target\":[\"https:\/\/dev.borgarbyggd.is\/andabaer\/skolastarfid\/lubbi-finnur-malbein\/\"]}]},{\"@type\":\"BreadcrumbList\",\"@id\":\"https:\/\/dev.borgarbyggd.is\/andabaer\/skolastarfid\/lubbi-finnur-malbein\/#breadcrumb\",\"itemListElement\":[{\"@type\":\"ListItem\",\"position\":1,\"name\":\"Home\",\"item\":\"https:\/\/dev.borgarbyggd.is\/andabaer\/\"},{\"@type\":\"ListItem\",\"position\":2,\"name\":\"Sk\u00f3lastarfi\u00f0\",\"item\":\"https:\/\/dev.borgarbyggd.is\/andabaer\/skolastarfid\/\"},{\"@type\":\"ListItem\",\"position\":3,\"name\":\"Lubbi finnur m\u00e1lbein\"}]},{\"@type\":\"WebSite\",\"@id\":\"https:\/\/dev.borgarbyggd.is\/andabaer\/#website\",\"url\":\"https:\/\/dev.borgarbyggd.is\/andabaer\/\",\"name\":\"Andab\u00e6r\",\"description\":\"\",\"potentialAction\":[{\"@type\":\"SearchAction\",\"target\":{\"@type\":\"EntryPoint\",\"urlTemplate\":\"https:\/\/dev.borgarbyggd.is\/andabaer\/?s={search_term_string}\"},\"query-input\":{\"@type\":\"PropertyValueSpecification\",\"valueRequired\":true,\"valueName\":\"search_term_string\"}}],\"inLanguage\":\"is\"}]}<\/script>\n<!-- \/ Yoast SEO plugin. -->","yoast_head_json":{"title":"Lubbi finnur m\u00e1lbein - Andab\u00e6r","robots":{"index":"noindex","follow":"follow","max-snippet":"max-snippet:-1","max-image-preview":"max-image-preview:large","max-video-preview":"max-video-preview:-1"},"og_locale":"is_IS","og_type":"article","og_title":"Lubbi finnur m\u00e1lbein - Andab\u00e6r","og_description":"N\u00e1msefni\u00f0 er fyrir \u00f6ll b\u00f6rn og er veri\u00f0 a\u00f0 leggja inn m\u00e1lhlj\u00f3\u00f0in \u00e1 skemmtilegan h\u00e1tt. \u00dea\u00f0 er gert me\u00f0 \u00fev\u00ed a\u00f0 leysa \u00fdmsar skemmtilegar \u00ferautir \u00ed hlj\u00f3\u00f0asmi\u00f0ju Lubba, t.d. a\u00f0 mynda m\u00e1lhlj\u00f3\u00f0in alveg r\u00e9tt og tengja \u00feau saman, klappa atkv\u00e6\u00f0i, r\u00edma, leita uppi b\u00f3kstafi, ra\u00f0a m\u00e1lbeinum saman \u00ed or\u00f0, lesa or\u00f0in og svara skemmtilegum spurningum. Einnig eru s\u00f6ngvar me\u00f0 hverju ... Read More","og_url":"https:\/\/dev.borgarbyggd.is\/andabaer\/skolastarfid\/lubbi-finnur-malbein\/","og_site_name":"Andab\u00e6r","article_modified_time":"2024-03-06T13:27:05+00:00","twitter_card":"summary_large_image","twitter_misc":{"Est. reading time":"1 minute"},"schema":{"@context":"https:\/\/schema.org","@graph":[{"@type":"WebPage","@id":"https:\/\/dev.borgarbyggd.is\/andabaer\/skolastarfid\/lubbi-finnur-malbein\/","url":"https:\/\/dev.borgarbyggd.is\/andabaer\/skolastarfid\/lubbi-finnur-malbein\/","name":"Lubbi finnur m\u00e1lbein - Andab\u00e6r","isPartOf":{"@id":"https:\/\/dev.borgarbyggd.is\/andabaer\/#website"},"datePublished":"2023-08-04T09:37:32+00:00","dateModified":"2024-03-06T13:27:05+00:00","breadcrumb":{"@id":"https:\/\/dev.borgarbyggd.is\/andabaer\/skolastarfid\/lubbi-finnur-malbein\/#breadcrumb"},"inLanguage":"is","potentialAction":[{"@type":"ReadAction","target":["https:\/\/dev.borgarbyggd.is\/andabaer\/skolastarfid\/lubbi-finnur-malbein\/"]}]},{"@type":"BreadcrumbList","@id":"https:\/\/dev.borgarbyggd.is\/andabaer\/skolastarfid\/lubbi-finnur-malbein\/#breadcrumb","itemListElement":[{"@type":"ListItem","position":1,"name":"Home","item":"https:\/\/dev.borgarbyggd.is\/andabaer\/"},{"@type":"ListItem","position":2,"name":"Sk\u00f3lastarfi\u00f0","item":"https:\/\/dev.borgarbyggd.is\/andabaer\/skolastarfid\/"},{"@type":"ListItem","position":3,"name":"Lubbi finnur m\u00e1lbein"}]},{"@type":"WebSite","@id":"https:\/\/dev.borgarbyggd.is\/andabaer\/#website","url":"https:\/\/dev.borgarbyggd.is\/andabaer\/","name":"Andab\u00e6r","description":"","potentialAction":[{"@type":"SearchAction","target":{"@type":"EntryPoint","urlTemplate":"https:\/\/dev.borgarbyggd.is\/andabaer\/?s={search_term_string}"},"query-input":{"@type":"PropertyValueSpecification","valueRequired":true,"valueName":"search_term_string"}}],"inLanguage":"is"}]}},"_links":{"self":[{"href":"https:\/\/dev.borgarbyggd.is\/andabaer\/wp-json\/wp\/v2\/pages\/39","targetHints":{"allow":["GET"]}}],"collection":[{"href":"https:\/\/dev.borgarbyggd.is\/andabaer\/wp-json\/wp\/v2\/pages"}],"about":[{"href":"https:\/\/dev.borgarbyggd.is\/andabaer\/wp-json\/wp\/v2\/types\/page"}],"author":[{"embeddable":true,"href":"https:\/\/dev.borgarbyggd.is\/andabaer\/wp-json\/wp\/v2\/users\/4"}],"replies":[{"embeddable":true,"href":"https:\/\/dev.borgarbyggd.is\/andabaer\/wp-json\/wp\/v2\/comments?post=39"}],"version-history":[{"count":0,"href":"https:\/\/dev.borgarbyggd.is\/andabaer\/wp-json\/wp\/v2\/pages\/39\/revisions"}],"up":[{"embeddable":true,"href":"https:\/\/dev.borgarbyggd.is\/andabaer\/wp-json\/wp\/v2\/pages\/29"}],"wp:attachment":[{"href":"https:\/\/dev.borgarbyggd.is\/andabaer\/wp-json\/wp\/v2\/media?parent=39"}],"curies":[{"name":"wp","href":"https:\/\/api.w.org\/{rel}","templated":true}]}}