{"id":38,"date":"2023-08-04T09:37:04","date_gmt":"2023-08-04T09:37:04","guid":{"rendered":"https:\/\/dev.borgarbyggd.is\/andabaer\/?page_id=38"},"modified":"2026-02-27T10:06:10","modified_gmt":"2026-02-27T10:06:10","slug":"leidtoginn-i-mer","status":"publish","type":"page","link":"https:\/\/dev.borgarbyggd.is\/andabaer\/skolastarfid\/leidtoginn-i-mer\/","title":{"rendered":"Lei\u00f0toginn \u00ed m\u00e9r"},"content":{"rendered":"<p><span data-contrast=\"auto\">Tilgangurinn er a\u00f0 undirb\u00faa n\u00e6stu kynsl\u00f3\u00f0 a\u00f0 takast \u00e1 vi\u00f0 \u00e1skoranir og t\u00e6kif\u00e6ri 21. aldarinnar. Verkefni\u00f0 sn\u00fdst ekki um a\u00f0 b\u00faa til litla lei\u00f0toga \u00far \u00f6llum b\u00f6rnum, heldur a\u00f0 hj\u00e1lpa hverjum einstaklingi til a\u00f0 bl\u00f3mstra. Hver einstaklingur f\u00e6r \u00feannig t\u00e6kif\u00e6ri til a\u00f0 vinna \u00fat fr\u00e1 s\u00ednum eigin styrkleikum og ver\u00f0a besta \u00fatg\u00e1fan af sj\u00e1lfum s\u00e9r. \u00cd grunninn byggir hugmyndaf\u00e6\u00f0in upp skilning og f\u00e6rni til a\u00f0 geta bori\u00f0 \u00e1byrg\u00f0 \u00e1 eigin \u00e1kv\u00f6r\u00f0unum og \u00feannig m\u00f3ta\u00f0 l\u00edf sitt til hins betra \u00e1samt \u00fev\u00ed a\u00f0 \u00feroska samskiptah\u00e6fni nemenda og starfsf\u00f3lks.<\/span><span data-ccp-props=\"{&quot;201341983&quot;:0,&quot;335559739&quot;:150,&quot;335559740&quot;:240}\">\u00a0<\/span><\/p>\n<p><span data-contrast=\"auto\">Sk\u00f3lar sem innlei\u00f0a lei\u00f0togaverkefni\u00f0 skuldbinda sig til a\u00f0 halda svokalla\u00f0an lei\u00f0togadag a.m.k. einu sinni \u00e1 \u00e1ri. Lei\u00f0togadagurinn er til a\u00f0 veita b\u00f6rnunum m\u00f6guleika \u00e1 a\u00f0 \u00fej\u00e1lfa s\u00edna lei\u00f0togah\u00e6fileika \u00ed raunverulegum a\u00f0st\u00e6\u00f0um. Gestum er bo\u00f0i\u00f0 \u00ed leiksk\u00f3lann \u00feann dag og sj\u00e1 b\u00f6rnin um kynningu \u00e1 s\u00ednum sk\u00f3la, f\u00e1 hlutverk \u00e1 deginum s.s. m\u00f3tt\u00f6kulei\u00f0togi, gestab\u00f3kalei\u00f0togi, lei\u00f0sagnarlei\u00f0togi og veitingalei\u00f0togi.<\/span><span data-ccp-props=\"{&quot;201341983&quot;:0,&quot;335559739&quot;:150,&quot;335559740&quot;:240}\">\u00a0<\/span><\/p>\n<p><span data-contrast=\"auto\">Markmi\u00f0i\u00f0 \u00ed Andab\u00e6 er a\u00f0 koma auga \u00e1 styrkleika barnanna og hj\u00e1lpa \u00feeim a\u00f0 bera kennsl \u00e1 \u00fe\u00e1.Einnig eru b\u00f6rnin me\u00f0 \u00fdmis lei\u00f0togahlutverk yfir allt sk\u00f3la\u00e1ri\u00f0 sem eru breytileg \u00e1r fr\u00e1 \u00e1ri enda valin \u00ed samr\u00e1\u00f0i vi\u00f0 b\u00f6rnin.B\u00f6rnin eru t.d. \u00fej\u00f3nalei\u00f0togar, b\u00f3kalei\u00f0togar, vinalei\u00f0togar o.s.frv. mismunandi eftir aldri.\u202f<\/span><b><span data-contrast=\"auto\">Unni\u00f0 er a\u00f0 \u00fev\u00ed a\u00f0 hvert barn veri\u00f0 besta \u00fatg\u00e1fan af sj\u00e1lfu s\u00e9r til a\u00f0 takast \u00e1 vi\u00f0 verkefni framt\u00ed\u00f0arinnar<\/span><\/b><span data-contrast=\"auto\">. Lei\u00f0togaverkefni eru unnin yfir alla sk\u00f3lag\u00f6ngu barnsins og er \u00feeim safna\u00f0 \u00ed m\u00f6ppu sem er einnig heilsub\u00f3k barnsins og ver\u00f0ur eign \u00feess \u00feegar leiksk\u00f3lag\u00f6ngu l\u00fdkur.<\/span><\/p>\n<p><b><span data-contrast=\"auto\">Venja 1.\u00a0 TAKTU AF SKARI\u00d0\u00a0 \u00a0 \u00a0 \u00a0 \u00a0 \u00a0 \u00a0 \u00a0 \u00a0 \u00a0 \u00a0 \u00a0 \u00a0 \u00a0 \u00a0 \u00a0 \u00a0 \u00a0 \u00a0 \u00a0 \u00a0 \u00a0 \u00a0 \u00a0 \u00a0 \u00a0 \u00a0 \u00a0 \u00a0 \u00a0 \u00a0 \u00a0 \u00a0 \u00a0 \u00a0 \u00a0 \u00a0 \u00a0 \u00a0 \u00a0 \u00a0 \u00a0 \u00a0 \u00a0 \u00a0 \u00a0 \u00a0 \u00a0 \u00a0 \u00a0 \u00a0 \u00a0 \u00a0 \u00a0 \u00a0 \u00a0 \u00a0 \u00a0 \u00a0 \u00a0<\/span><\/b><\/p>\n<p style=\"text-align: left\"><span data-contrast=\"auto\">\u00a0 \u00a0 \u00a0 \u00a0 \u00a0 \u00a0 \u00a0 \u00a0\u00c9g stj\u00f3rna m\u00e9r.<\/span><\/p>\n<p style=\"text-align: left\"><b><span data-contrast=\"auto\">Venja 2.\u00a0 \u00cd UPPHAFI SKAL ENDINN SKO\u00d0A<\/span><\/b><\/p>\n<p style=\"text-align: left\"><span data-contrast=\"auto\">\u00a0 \u00a0 \u00a0 \u00a0 \u00a0 \u00a0 \u00a0 \u00a0Settu \u00fe\u00e9r markmi\u00f0. \u00deekktu \u00feinn tilgang og skilgreindu \u00fe\u00edna framt\u00ed\u00f0ars\u00fdn.<\/span><\/p>\n<p style=\"text-align: left\"><b><span data-contrast=\"auto\">Venja 3.\u00a0 FORGANGSRA\u00d0A\u00d0U<\/span><\/b><\/p>\n<p style=\"text-align: left\"><span data-contrast=\"auto\">\u00a0 \u00a0 \u00a0 \u00a0 \u00a0 \u00a0 \u00a0 \u00a0Ger\u00f0u hlutina \u00ed r\u00e9ttri r\u00f6\u00f0-forgangsra\u00f0a\u00f0u.<\/span><\/p>\n<p style=\"text-align: left\"><b><span data-contrast=\"auto\">Venja 4.\u00a0 SIGRUM SAMAN<\/span><\/b><\/p>\n<p style=\"text-align: left\"><span data-contrast=\"auto\">\u00a0 \u00a0 \u00a0 \u00a0 \u00a0 \u00a0 \u00a0 \u00a0Allir sigra, saman-leitum vi\u00f0 sameiginlegra hagsmuna<\/span><\/p>\n<p style=\"text-align: left\"><b><span data-contrast=\"auto\">Venja 5.\u00a0 SKILNINGSR\u00cdK HLUSTUN<\/span><\/b><\/p>\n<p style=\"text-align: left\"><span data-contrast=\"auto\">\u00a0 \u00a0 \u00a0 \u00a0 \u00a0 \u00a0 \u00a0 \u00a0Hlusta\u00f0u \u00e1\u00f0ur en \u00fe\u00fa talar.<\/span><\/p>\n<p style=\"text-align: left\"><b><span data-contrast=\"auto\">Venja 6.\u00a0 SKAPA\u00d0U SAMLEG\u00d0<\/span><\/b><\/p>\n<p style=\"text-align: left\"><span data-contrast=\"auto\">\u00a0 \u00a0 \u00a0 \u00a0 \u00a0 \u00a0 \u00a0 \u00a0Saman getum vi\u00f0 meira.<\/span><\/p>\n<p style=\"text-align: left\"><b><span data-contrast=\"auto\">Venja 7.\u00a0 R\u00c6KTA\u00d0U SJ\u00c1LFAN \u00deIG<\/span><\/b><\/p>\n<p style=\"text-align: left\"><span data-contrast=\"auto\">\u00a0 \u00a0 \u00a0 \u00a0 \u00a0 \u00a0 \u00a0 \u00a0Jafnv\u00e6gi er best.<\/span><span data-ccp-props=\"{&quot;201341983&quot;:0,&quot;335551550&quot;:2,&quot;335551620&quot;:2,&quot;335559739&quot;:150,&quot;335559740&quot;:240}\">\u00a0<\/span><\/p>\n<p><a href=\"https:\/\/www.leaderinme.org\/what-is-leader-in-me\/\">https:\/\/www.leaderinme.org\/what-is-leader-in-me\/<\/a><\/p>\n<p><a href=\"https:\/\/franklincovey.is\/7-venjur-fyrir-kata-krakka\/\"><span data-contrast=\"none\">https:\/\/franklincovey.is\/7-venjur-fyrir-kata-krakka\/<\/span><\/a><span data-ccp-props=\"{&quot;201341983&quot;:0,&quot;335551550&quot;:2,&quot;335551620&quot;:2,&quot;335559739&quot;:150,&quot;335559740&quot;:240}\">\u00a0<\/span><\/p>\n<p><span data-ccp-props=\"{&quot;201341983&quot;:0,&quot;335559739&quot;:160,&quot;335559740&quot;:259}\">\u00a0<\/span><\/p>\n","protected":false},"excerpt":{"rendered":"<p>Tilgangurinn er a\u00f0 undirb\u00faa n\u00e6stu kynsl\u00f3\u00f0 a\u00f0 takast \u00e1 vi\u00f0 \u00e1skoranir og t\u00e6kif\u00e6ri 21. aldarinnar. Verkefni\u00f0 sn\u00fdst ekki um a\u00f0 b\u00faa til litla lei\u00f0toga \u00far \u00f6llum b\u00f6rnum, heldur a\u00f0 hj\u00e1lpa hverjum einstaklingi til a\u00f0 bl\u00f3mstra. Hver einstaklingur f\u00e6r \u00feannig t\u00e6kif\u00e6ri til a\u00f0 vinna \u00fat fr\u00e1 s\u00ednum eigin styrkleikum og ver\u00f0a besta \u00fatg\u00e1fan af sj\u00e1lfum s\u00e9r. \u00cd grunninn byggir hugmyndaf\u00e6\u00f0in upp &#8230; <\/p>\n<div><a href=\"https:\/\/dev.borgarbyggd.is\/andabaer\/skolastarfid\/leidtoginn-i-mer\/\" class=\"more-link\">Read More<\/a><\/div>\n","protected":false},"author":4,"featured_media":0,"parent":29,"menu_order":0,"comment_status":"closed","ping_status":"closed","template":"","meta":{"_acf_changed":false,"footnotes":""},"class_list":["post-38","page","type-page","status-publish","hentry","no-post-thumbnail"],"acf":{"quickaccess":false},"yoast_head":"<!-- This site is optimized with the Yoast SEO plugin v24.0 - https:\/\/yoast.com\/wordpress\/plugins\/seo\/ -->\n<title>Lei\u00f0toginn \u00ed m\u00e9r - Andab\u00e6r<\/title>\n<meta name=\"robots\" content=\"noindex, follow, max-snippet:-1, max-image-preview:large, max-video-preview:-1\" \/>\n<meta property=\"og:locale\" content=\"is_IS\" \/>\n<meta property=\"og:type\" content=\"article\" \/>\n<meta property=\"og:title\" content=\"Lei\u00f0toginn \u00ed m\u00e9r - Andab\u00e6r\" \/>\n<meta property=\"og:description\" content=\"Tilgangurinn er a\u00f0 undirb\u00faa n\u00e6stu kynsl\u00f3\u00f0 a\u00f0 takast \u00e1 vi\u00f0 \u00e1skoranir og t\u00e6kif\u00e6ri 21. aldarinnar. Verkefni\u00f0 sn\u00fdst ekki um a\u00f0 b\u00faa til litla lei\u00f0toga \u00far \u00f6llum b\u00f6rnum, heldur a\u00f0 hj\u00e1lpa hverjum einstaklingi til a\u00f0 bl\u00f3mstra. Hver einstaklingur f\u00e6r \u00feannig t\u00e6kif\u00e6ri til a\u00f0 vinna \u00fat fr\u00e1 s\u00ednum eigin styrkleikum og ver\u00f0a besta \u00fatg\u00e1fan af sj\u00e1lfum s\u00e9r. \u00cd grunninn byggir hugmyndaf\u00e6\u00f0in upp ... Read More\" \/>\n<meta property=\"og:url\" content=\"https:\/\/dev.borgarbyggd.is\/andabaer\/skolastarfid\/leidtoginn-i-mer\/\" \/>\n<meta property=\"og:site_name\" content=\"Andab\u00e6r\" \/>\n<meta property=\"article:modified_time\" content=\"2026-02-27T10:06:10+00:00\" \/>\n<meta name=\"twitter:card\" content=\"summary_large_image\" \/>\n<meta name=\"twitter:label1\" content=\"Est. reading time\" \/>\n\t<meta name=\"twitter:data1\" content=\"2 minutes\" \/>\n<script type=\"application\/ld+json\" class=\"yoast-schema-graph\">{\"@context\":\"https:\/\/schema.org\",\"@graph\":[{\"@type\":\"WebPage\",\"@id\":\"https:\/\/dev.borgarbyggd.is\/andabaer\/skolastarfid\/leidtoginn-i-mer\/\",\"url\":\"https:\/\/dev.borgarbyggd.is\/andabaer\/skolastarfid\/leidtoginn-i-mer\/\",\"name\":\"Lei\u00f0toginn \u00ed m\u00e9r - Andab\u00e6r\",\"isPartOf\":{\"@id\":\"https:\/\/dev.borgarbyggd.is\/andabaer\/#website\"},\"datePublished\":\"2023-08-04T09:37:04+00:00\",\"dateModified\":\"2026-02-27T10:06:10+00:00\",\"breadcrumb\":{\"@id\":\"https:\/\/dev.borgarbyggd.is\/andabaer\/skolastarfid\/leidtoginn-i-mer\/#breadcrumb\"},\"inLanguage\":\"is\",\"potentialAction\":[{\"@type\":\"ReadAction\",\"target\":[\"https:\/\/dev.borgarbyggd.is\/andabaer\/skolastarfid\/leidtoginn-i-mer\/\"]}]},{\"@type\":\"BreadcrumbList\",\"@id\":\"https:\/\/dev.borgarbyggd.is\/andabaer\/skolastarfid\/leidtoginn-i-mer\/#breadcrumb\",\"itemListElement\":[{\"@type\":\"ListItem\",\"position\":1,\"name\":\"Home\",\"item\":\"https:\/\/dev.borgarbyggd.is\/andabaer\/\"},{\"@type\":\"ListItem\",\"position\":2,\"name\":\"Sk\u00f3lastarfi\u00f0\",\"item\":\"https:\/\/dev.borgarbyggd.is\/andabaer\/skolastarfid\/\"},{\"@type\":\"ListItem\",\"position\":3,\"name\":\"Lei\u00f0toginn \u00ed m\u00e9r\"}]},{\"@type\":\"WebSite\",\"@id\":\"https:\/\/dev.borgarbyggd.is\/andabaer\/#website\",\"url\":\"https:\/\/dev.borgarbyggd.is\/andabaer\/\",\"name\":\"Andab\u00e6r\",\"description\":\"\",\"potentialAction\":[{\"@type\":\"SearchAction\",\"target\":{\"@type\":\"EntryPoint\",\"urlTemplate\":\"https:\/\/dev.borgarbyggd.is\/andabaer\/?s={search_term_string}\"},\"query-input\":{\"@type\":\"PropertyValueSpecification\",\"valueRequired\":true,\"valueName\":\"search_term_string\"}}],\"inLanguage\":\"is\"}]}<\/script>\n<!-- \/ Yoast SEO plugin. -->","yoast_head_json":{"title":"Lei\u00f0toginn \u00ed m\u00e9r - Andab\u00e6r","robots":{"index":"noindex","follow":"follow","max-snippet":"max-snippet:-1","max-image-preview":"max-image-preview:large","max-video-preview":"max-video-preview:-1"},"og_locale":"is_IS","og_type":"article","og_title":"Lei\u00f0toginn \u00ed m\u00e9r - Andab\u00e6r","og_description":"Tilgangurinn er a\u00f0 undirb\u00faa n\u00e6stu kynsl\u00f3\u00f0 a\u00f0 takast \u00e1 vi\u00f0 \u00e1skoranir og t\u00e6kif\u00e6ri 21. aldarinnar. Verkefni\u00f0 sn\u00fdst ekki um a\u00f0 b\u00faa til litla lei\u00f0toga \u00far \u00f6llum b\u00f6rnum, heldur a\u00f0 hj\u00e1lpa hverjum einstaklingi til a\u00f0 bl\u00f3mstra. Hver einstaklingur f\u00e6r \u00feannig t\u00e6kif\u00e6ri til a\u00f0 vinna \u00fat fr\u00e1 s\u00ednum eigin styrkleikum og ver\u00f0a besta \u00fatg\u00e1fan af sj\u00e1lfum s\u00e9r. \u00cd grunninn byggir hugmyndaf\u00e6\u00f0in upp ... Read More","og_url":"https:\/\/dev.borgarbyggd.is\/andabaer\/skolastarfid\/leidtoginn-i-mer\/","og_site_name":"Andab\u00e6r","article_modified_time":"2026-02-27T10:06:10+00:00","twitter_card":"summary_large_image","twitter_misc":{"Est. reading time":"2 minutes"},"schema":{"@context":"https:\/\/schema.org","@graph":[{"@type":"WebPage","@id":"https:\/\/dev.borgarbyggd.is\/andabaer\/skolastarfid\/leidtoginn-i-mer\/","url":"https:\/\/dev.borgarbyggd.is\/andabaer\/skolastarfid\/leidtoginn-i-mer\/","name":"Lei\u00f0toginn \u00ed m\u00e9r - Andab\u00e6r","isPartOf":{"@id":"https:\/\/dev.borgarbyggd.is\/andabaer\/#website"},"datePublished":"2023-08-04T09:37:04+00:00","dateModified":"2026-02-27T10:06:10+00:00","breadcrumb":{"@id":"https:\/\/dev.borgarbyggd.is\/andabaer\/skolastarfid\/leidtoginn-i-mer\/#breadcrumb"},"inLanguage":"is","potentialAction":[{"@type":"ReadAction","target":["https:\/\/dev.borgarbyggd.is\/andabaer\/skolastarfid\/leidtoginn-i-mer\/"]}]},{"@type":"BreadcrumbList","@id":"https:\/\/dev.borgarbyggd.is\/andabaer\/skolastarfid\/leidtoginn-i-mer\/#breadcrumb","itemListElement":[{"@type":"ListItem","position":1,"name":"Home","item":"https:\/\/dev.borgarbyggd.is\/andabaer\/"},{"@type":"ListItem","position":2,"name":"Sk\u00f3lastarfi\u00f0","item":"https:\/\/dev.borgarbyggd.is\/andabaer\/skolastarfid\/"},{"@type":"ListItem","position":3,"name":"Lei\u00f0toginn \u00ed m\u00e9r"}]},{"@type":"WebSite","@id":"https:\/\/dev.borgarbyggd.is\/andabaer\/#website","url":"https:\/\/dev.borgarbyggd.is\/andabaer\/","name":"Andab\u00e6r","description":"","potentialAction":[{"@type":"SearchAction","target":{"@type":"EntryPoint","urlTemplate":"https:\/\/dev.borgarbyggd.is\/andabaer\/?s={search_term_string}"},"query-input":{"@type":"PropertyValueSpecification","valueRequired":true,"valueName":"search_term_string"}}],"inLanguage":"is"}]}},"_links":{"self":[{"href":"https:\/\/dev.borgarbyggd.is\/andabaer\/wp-json\/wp\/v2\/pages\/38","targetHints":{"allow":["GET"]}}],"collection":[{"href":"https:\/\/dev.borgarbyggd.is\/andabaer\/wp-json\/wp\/v2\/pages"}],"about":[{"href":"https:\/\/dev.borgarbyggd.is\/andabaer\/wp-json\/wp\/v2\/types\/page"}],"author":[{"embeddable":true,"href":"https:\/\/dev.borgarbyggd.is\/andabaer\/wp-json\/wp\/v2\/users\/4"}],"replies":[{"embeddable":true,"href":"https:\/\/dev.borgarbyggd.is\/andabaer\/wp-json\/wp\/v2\/comments?post=38"}],"version-history":[{"count":0,"href":"https:\/\/dev.borgarbyggd.is\/andabaer\/wp-json\/wp\/v2\/pages\/38\/revisions"}],"up":[{"embeddable":true,"href":"https:\/\/dev.borgarbyggd.is\/andabaer\/wp-json\/wp\/v2\/pages\/29"}],"wp:attachment":[{"href":"https:\/\/dev.borgarbyggd.is\/andabaer\/wp-json\/wp\/v2\/media?parent=38"}],"curies":[{"name":"wp","href":"https:\/\/api.w.org\/{rel}","templated":true}]}}