{"id":35,"date":"2023-08-04T09:35:02","date_gmt":"2023-08-04T09:35:02","guid":{"rendered":"https:\/\/dev.borgarbyggd.is\/andabaer\/?page_id=35"},"modified":"2024-03-06T13:18:12","modified_gmt":"2024-03-06T13:18:12","slug":"heilsueflandi-leikskoli","status":"publish","type":"page","link":"https:\/\/dev.borgarbyggd.is\/andabaer\/skolastarfid\/heilsueflandi-leikskoli\/","title":{"rendered":"Heilsueflandi leiksk\u00f3li"},"content":{"rendered":"<p><img loading=\"lazy\" decoding=\"async\" class=\"alignnone size-full wp-image-291\" src=\"https:\/\/dev.borgarbyggd.is\/andabaer\/wp-content\/uploads\/sites\/4\/2023\/10\/heilsueflandi.jpg\" alt=\"\" width=\"150\" height=\"147\" srcset=\"https:\/\/dev.borgarbyggd.is\/andabaer\/wp-content\/uploads\/sites\/4\/2023\/10\/heilsueflandi.jpg 150w, https:\/\/dev.borgarbyggd.is\/andabaer\/wp-content\/uploads\/sites\/4\/2023\/10\/heilsueflandi-100x98.jpg 100w\" sizes=\"auto, (max-width: 150px) 100vw, 150px\" \/><\/p>\n<p><span data-contrast=\"none\">Andab\u00e6r er b\u00fain vera Heilsueflandi leiksk\u00f3li s\u00ed\u00f0an 2018 \u00ed kj\u00f6lfar \u00feess a\u00f0 Borgarbygg\u00f0 ger\u00f0ist Heilsueflandi samf\u00e9lag. Allir leik og grunnsk\u00f3lar \u00ed sveitaf\u00e9laginu eru Heilsueflandi sk\u00f3lar.<\/span><span data-ccp-props=\"{&quot;201341983&quot;:0,&quot;335559739&quot;:150,&quot;335559740&quot;:240}\">\u00a0<\/span><\/p>\n<p><b><span data-contrast=\"none\">Heilsueflandi leiksk\u00f3la<\/span><\/b><span data-contrast=\"none\">\u202f\u00e1 vegum emb\u00e6ttis landl\u00e6knis er \u00e6tla\u00f0 a\u00f0 sty\u00f0ja leiksk\u00f3la \u00ed a\u00f0 vinna markvisst a\u00f0 heilsueflingu og gera hana a\u00f0 hluta af daglegu starfi leiksk\u00f3lans.<\/span><span data-ccp-props=\"{&quot;201341983&quot;:0,&quot;335559739&quot;:150,&quot;335559740&quot;:240}\">\u00a0<\/span><\/p>\n<p><span data-contrast=\"none\">\u00cd A\u00f0aln\u00e1mskr\u00e1 leiksk\u00f3la fr\u00e1 2011 eru\u202f<\/span><b><span data-contrast=\"none\">heilbrig\u00f0i og velfer\u00f0<\/span><\/b><span data-contrast=\"none\">\u202fskilgreind sem einn af sex grunn\u00fe\u00e1ttum menntunar sem leiksk\u00f3lar eiga a\u00f0 hafa a\u00f0 lei\u00f0arlj\u00f3si og innlei\u00f0a \u00ed \u00f6llu s\u00ednu starfi.<\/span><span data-ccp-props=\"{&quot;201341983&quot;:0,&quot;335559739&quot;:150,&quot;335559740&quot;:240}\">\u00a0<\/span><\/p>\n<p><span data-contrast=\"none\">Mikill samhlj\u00f3mur er me\u00f0 starfi Heilsueflandi leiksk\u00f3la og grunn\u00fe\u00e6ttinum um heilbrig\u00f0i og velfer\u00f0. Heilsueflandi leiksk\u00f3li mun \u00fev\u00ed n\u00fdtast leiksk\u00f3lum sem verkf\u00e6ri til a\u00f0 innlei\u00f0a grunn\u00fe\u00e1ttinn heilbrig\u00f0i og velfer\u00f0.<\/span><span data-ccp-props=\"{&quot;201341983&quot;:0,&quot;335559739&quot;:150,&quot;335559740&quot;:240}\">\u00a0<\/span><\/p>\n<p><span data-contrast=\"none\">\u00c1ri\u00f0 2012 var fari\u00f0 af sta\u00f0 me\u00f0 undirb\u00faning a\u00f0\u202f<\/span><b><span data-contrast=\"none\">Heilsueflandi leiksk\u00f3la<\/span><\/b><span data-contrast=\"none\">\u202fog var m.a. haldi\u00f0 m\u00e1l\u00feing um hausti\u00f0 \u00fear sem kynntar voru fyrstu hugmyndir a\u00f0 uppbyggingu verkefnisins.<\/span><span data-ccp-props=\"{&quot;201341983&quot;:0,&quot;335559739&quot;:150,&quot;335559740&quot;:240}\">\u00a0<\/span><\/p>\n<p><span data-contrast=\"none\">\u00cd \u00e1rsbyrjun 2013 var stofna\u00f0ur vinnuh\u00f3pur tengili\u00f0a \u00feeirra leiksk\u00f3la sem taka \u00fe\u00e1tt \u00ed \u00fer\u00f3unarverkefni Heilsueflandi leiksk\u00f3la. \u00cd \u00feessum vinnuh\u00f3pi sitja einnig a\u00f0ilar fr\u00e1 mennta- og menningarm\u00e1lar\u00e1\u00f0uneytinu og Kennarasambandi \u00cdslands.<\/span><span data-ccp-props=\"{&quot;201341983&quot;:0,&quot;335559739&quot;:150,&quot;335559740&quot;:240}\">\u00a0<\/span><\/p>\n<p><span data-contrast=\"none\">S\u00e9rfr\u00e6\u00f0ingar \u00e1 svi\u00f0i \u00e1hrifa\u00fe\u00e1tta heilbrig\u00f0is hj\u00e1 emb\u00e6tti landl\u00e6knis skipa st\u00fdrih\u00f3p Heilsueflandi leiksk\u00f3la og hafa \u00feeir noti\u00f0 stu\u00f0nings vinnuh\u00f3psins vi\u00f0 a\u00f0 m\u00f3ta dr\u00f6g a\u00f0 vi\u00f0mi\u00f0um og\u202f<\/span><span data-contrast=\"auto\">g\u00e1tlistum fyrir<\/span><span data-contrast=\"auto\">\u00a0<\/span><span data-contrast=\"none\">Heilsueflandi leiksk\u00f3la. Vi\u00f0mi\u00f0in og g\u00e1tlistarnir voru prufukeyr\u00f0ir veturinn 2013\u20132014 \u00ed \u00feeim leiksk\u00f3lum sem taka \u00fe\u00e1tt \u00ed \u00fer\u00f3unarstarfinu.<\/span><span data-ccp-props=\"{&quot;201341983&quot;:0,&quot;335559739&quot;:150,&quot;335559740&quot;:240}\">\u00a0<\/span><\/p>\n<p><span data-ccp-props=\"{&quot;201341983&quot;:0,&quot;335559739&quot;:150,&quot;335559740&quot;:240}\">\u00a0<\/span><\/p>\n<p><b><span data-contrast=\"none\">Heilsueflandi leiksk\u00f3li<\/span><\/b><span data-contrast=\"none\">\u202fleggur s\u00e9rstaka \u00e1herslu \u00e1 a\u00f0 vinna me\u00f0 \u00e1tta lykil\u00fe\u00e6tti sem tengjast sk\u00f3lastarfinu. \u00deeir eru:\u202f<\/span><b><span data-contrast=\"none\">hreyfing, matar\u00e6\u00f0i, ge\u00f0r\u00e6kt, \u00f6ryggi, tannheilsa, fj\u00f6lskylda, n\u00e6rsamf\u00e9lag<\/span><\/b><span data-contrast=\"none\">\u202fog\u202f<\/span><b><span data-contrast=\"none\">starfsf\u00f3lk<\/span><\/b><span data-contrast=\"none\">.<\/span><span data-ccp-props=\"{&quot;201341983&quot;:0,&quot;335559739&quot;:150,&quot;335559740&quot;:240}\">\u00a0<\/span><\/p>\n<p><span data-contrast=\"none\">Gert er r\u00e1\u00f0 fyrir a\u00f0 Heilsueflandi leiksk\u00f3lar setji s\u00e9r heildr\u00e6na stefnu um heilsueflandi sk\u00f3lastarf, \u00e1samt t\u00edmasettri a\u00f0ger\u00f0a\u00e1\u00e6tlun, og a\u00f0 \u00ed sk\u00f3lan\u00e1mskr\u00e1 s\u00e9 teki\u00f0 mi\u00f0 af stefnunni.<\/span><span data-ccp-props=\"{&quot;201341983&quot;:0,&quot;335559739&quot;:150,&quot;335559740&quot;:240}\">\u00a0<\/span><\/p>\n<p><span data-contrast=\"none\">Stefnan \u00fearf a\u00f0 vera unnin \u00ed g\u00f3\u00f0u samstarfi sk\u00f3lastj\u00f3rnenda, kennara, annars starfsf\u00f3lks, foreldra, barna og n\u00e6rsamf\u00e9lagsins en \u00feannig n\u00e6st bestur stu\u00f0ningur vi\u00f0 m\u00e1lefni\u00f0 og sameiginlegur skilningur.<\/span><span data-ccp-props=\"{&quot;201341983&quot;:0,&quot;335559739&quot;:150,&quot;335559740&quot;:240}\">\u00a0<\/span><\/p>\n<p><span data-contrast=\"none\">Reglulega \u00fearf s\u00ed\u00f0an a\u00f0 meta \u00e1rangur stefnunnar og endursko\u00f0a \u00ed samr\u00e1\u00f0i vi\u00f0 fulltr\u00faa allra \u00feeirra sem \u00e1ttu \u00fe\u00e1tt \u00ed ger\u00f0 hennar.<\/span><span data-ccp-props=\"{&quot;201341983&quot;:0,&quot;335559739&quot;:150,&quot;335559740&quot;:240}\">\u00a0<\/span><\/p>\n<p><span data-ccp-props=\"{&quot;201341983&quot;:0,&quot;335559739&quot;:150,&quot;335559740&quot;:240}\">\u00a0<\/span><\/p>\n<p><span data-contrast=\"none\">H\u00e6gt er a\u00f0 n\u00e1lgast meiri uppl\u00fdsingar h\u00e9r:\u202f<\/span><a href=\"https:\/\/www.landlaeknir.is\/heilsa-og-lidan\/verkefni\/item30702\/Heilsueflandi-leikskoli\"><span data-contrast=\"none\">https:\/\/www.landlaeknir.is\/heilsa-og-lidan\/verkefni\/item30702\/Heilsueflandi-leikskoli<\/span><\/a><span data-ccp-props=\"{&quot;201341983&quot;:0,&quot;335559739&quot;:150,&quot;335559740&quot;:240}\">\u00a0<\/span><\/p>\n<p><span data-ccp-props=\"{&quot;201341983&quot;:0,&quot;335559739&quot;:160,&quot;335559740&quot;:259}\">\u00a0<\/span><\/p>\n","protected":false},"excerpt":{"rendered":"<p>Andab\u00e6r er b\u00fain vera Heilsueflandi leiksk\u00f3li s\u00ed\u00f0an 2018 \u00ed kj\u00f6lfar \u00feess a\u00f0 Borgarbygg\u00f0 ger\u00f0ist Heilsueflandi samf\u00e9lag. Allir leik og grunnsk\u00f3lar \u00ed sveitaf\u00e9laginu eru Heilsueflandi sk\u00f3lar.\u00a0 Heilsueflandi leiksk\u00f3la\u202f\u00e1 vegum emb\u00e6ttis landl\u00e6knis er \u00e6tla\u00f0 a\u00f0 sty\u00f0ja leiksk\u00f3la \u00ed a\u00f0 vinna markvisst a\u00f0 heilsueflingu og gera hana a\u00f0 hluta af daglegu starfi leiksk\u00f3lans.\u00a0 \u00cd A\u00f0aln\u00e1mskr\u00e1 leiksk\u00f3la fr\u00e1 2011 eru\u202fheilbrig\u00f0i og velfer\u00f0\u202fskilgreind sem einn &#8230; <\/p>\n<div><a href=\"https:\/\/dev.borgarbyggd.is\/andabaer\/skolastarfid\/heilsueflandi-leikskoli\/\" class=\"more-link\">Read More<\/a><\/div>\n","protected":false},"author":4,"featured_media":0,"parent":29,"menu_order":0,"comment_status":"closed","ping_status":"closed","template":"","meta":{"_acf_changed":false,"footnotes":""},"class_list":["post-35","page","type-page","status-publish","hentry","no-post-thumbnail"],"acf":{"quickaccess":false},"yoast_head":"<!-- This site is optimized with the Yoast SEO plugin v24.0 - https:\/\/yoast.com\/wordpress\/plugins\/seo\/ -->\n<title>Heilsueflandi leiksk\u00f3li - Andab\u00e6r<\/title>\n<meta name=\"robots\" content=\"noindex, follow, max-snippet:-1, max-image-preview:large, max-video-preview:-1\" \/>\n<meta property=\"og:locale\" content=\"is_IS\" \/>\n<meta property=\"og:type\" content=\"article\" \/>\n<meta property=\"og:title\" content=\"Heilsueflandi leiksk\u00f3li - Andab\u00e6r\" \/>\n<meta property=\"og:description\" content=\"Andab\u00e6r er b\u00fain vera Heilsueflandi leiksk\u00f3li s\u00ed\u00f0an 2018 \u00ed kj\u00f6lfar \u00feess a\u00f0 Borgarbygg\u00f0 ger\u00f0ist Heilsueflandi samf\u00e9lag. Allir leik og grunnsk\u00f3lar \u00ed sveitaf\u00e9laginu eru Heilsueflandi sk\u00f3lar.\u00a0 Heilsueflandi leiksk\u00f3la\u202f\u00e1 vegum emb\u00e6ttis landl\u00e6knis er \u00e6tla\u00f0 a\u00f0 sty\u00f0ja leiksk\u00f3la \u00ed a\u00f0 vinna markvisst a\u00f0 heilsueflingu og gera hana a\u00f0 hluta af daglegu starfi leiksk\u00f3lans.\u00a0 \u00cd A\u00f0aln\u00e1mskr\u00e1 leiksk\u00f3la fr\u00e1 2011 eru\u202fheilbrig\u00f0i og velfer\u00f0\u202fskilgreind sem einn ... Read More\" \/>\n<meta property=\"og:url\" content=\"https:\/\/dev.borgarbyggd.is\/andabaer\/skolastarfid\/heilsueflandi-leikskoli\/\" \/>\n<meta property=\"og:site_name\" content=\"Andab\u00e6r\" \/>\n<meta property=\"article:modified_time\" content=\"2024-03-06T13:18:12+00:00\" \/>\n<meta property=\"og:image\" content=\"https:\/\/dev.borgarbyggd.is\/andabaer\/wp-content\/uploads\/sites\/4\/2023\/10\/heilsueflandi.jpg\" \/>\n<meta name=\"twitter:card\" content=\"summary_large_image\" \/>\n<meta name=\"twitter:label1\" content=\"Est. reading time\" \/>\n\t<meta name=\"twitter:data1\" content=\"2 minutes\" \/>\n<script type=\"application\/ld+json\" class=\"yoast-schema-graph\">{\"@context\":\"https:\/\/schema.org\",\"@graph\":[{\"@type\":\"WebPage\",\"@id\":\"https:\/\/dev.borgarbyggd.is\/andabaer\/skolastarfid\/heilsueflandi-leikskoli\/\",\"url\":\"https:\/\/dev.borgarbyggd.is\/andabaer\/skolastarfid\/heilsueflandi-leikskoli\/\",\"name\":\"Heilsueflandi leiksk\u00f3li - Andab\u00e6r\",\"isPartOf\":{\"@id\":\"https:\/\/dev.borgarbyggd.is\/andabaer\/#website\"},\"primaryImageOfPage\":{\"@id\":\"https:\/\/dev.borgarbyggd.is\/andabaer\/skolastarfid\/heilsueflandi-leikskoli\/#primaryimage\"},\"image\":{\"@id\":\"https:\/\/dev.borgarbyggd.is\/andabaer\/skolastarfid\/heilsueflandi-leikskoli\/#primaryimage\"},\"thumbnailUrl\":\"https:\/\/dev.borgarbyggd.is\/andabaer\/wp-content\/uploads\/sites\/4\/2023\/10\/heilsueflandi.jpg\",\"datePublished\":\"2023-08-04T09:35:02+00:00\",\"dateModified\":\"2024-03-06T13:18:12+00:00\",\"breadcrumb\":{\"@id\":\"https:\/\/dev.borgarbyggd.is\/andabaer\/skolastarfid\/heilsueflandi-leikskoli\/#breadcrumb\"},\"inLanguage\":\"is\",\"potentialAction\":[{\"@type\":\"ReadAction\",\"target\":[\"https:\/\/dev.borgarbyggd.is\/andabaer\/skolastarfid\/heilsueflandi-leikskoli\/\"]}]},{\"@type\":\"ImageObject\",\"inLanguage\":\"is\",\"@id\":\"https:\/\/dev.borgarbyggd.is\/andabaer\/skolastarfid\/heilsueflandi-leikskoli\/#primaryimage\",\"url\":\"https:\/\/dev.borgarbyggd.is\/andabaer\/wp-content\/uploads\/sites\/4\/2023\/10\/heilsueflandi.jpg\",\"contentUrl\":\"https:\/\/dev.borgarbyggd.is\/andabaer\/wp-content\/uploads\/sites\/4\/2023\/10\/heilsueflandi.jpg\",\"width\":150,\"height\":147},{\"@type\":\"BreadcrumbList\",\"@id\":\"https:\/\/dev.borgarbyggd.is\/andabaer\/skolastarfid\/heilsueflandi-leikskoli\/#breadcrumb\",\"itemListElement\":[{\"@type\":\"ListItem\",\"position\":1,\"name\":\"Home\",\"item\":\"https:\/\/dev.borgarbyggd.is\/andabaer\/\"},{\"@type\":\"ListItem\",\"position\":2,\"name\":\"Sk\u00f3lastarfi\u00f0\",\"item\":\"https:\/\/dev.borgarbyggd.is\/andabaer\/skolastarfid\/\"},{\"@type\":\"ListItem\",\"position\":3,\"name\":\"Heilsueflandi leiksk\u00f3li\"}]},{\"@type\":\"WebSite\",\"@id\":\"https:\/\/dev.borgarbyggd.is\/andabaer\/#website\",\"url\":\"https:\/\/dev.borgarbyggd.is\/andabaer\/\",\"name\":\"Andab\u00e6r\",\"description\":\"\",\"potentialAction\":[{\"@type\":\"SearchAction\",\"target\":{\"@type\":\"EntryPoint\",\"urlTemplate\":\"https:\/\/dev.borgarbyggd.is\/andabaer\/?s={search_term_string}\"},\"query-input\":{\"@type\":\"PropertyValueSpecification\",\"valueRequired\":true,\"valueName\":\"search_term_string\"}}],\"inLanguage\":\"is\"}]}<\/script>\n<!-- \/ Yoast SEO plugin. -->","yoast_head_json":{"title":"Heilsueflandi leiksk\u00f3li - Andab\u00e6r","robots":{"index":"noindex","follow":"follow","max-snippet":"max-snippet:-1","max-image-preview":"max-image-preview:large","max-video-preview":"max-video-preview:-1"},"og_locale":"is_IS","og_type":"article","og_title":"Heilsueflandi leiksk\u00f3li - Andab\u00e6r","og_description":"Andab\u00e6r er b\u00fain vera Heilsueflandi leiksk\u00f3li s\u00ed\u00f0an 2018 \u00ed kj\u00f6lfar \u00feess a\u00f0 Borgarbygg\u00f0 ger\u00f0ist Heilsueflandi samf\u00e9lag. Allir leik og grunnsk\u00f3lar \u00ed sveitaf\u00e9laginu eru Heilsueflandi sk\u00f3lar.\u00a0 Heilsueflandi leiksk\u00f3la\u202f\u00e1 vegum emb\u00e6ttis landl\u00e6knis er \u00e6tla\u00f0 a\u00f0 sty\u00f0ja leiksk\u00f3la \u00ed a\u00f0 vinna markvisst a\u00f0 heilsueflingu og gera hana a\u00f0 hluta af daglegu starfi leiksk\u00f3lans.\u00a0 \u00cd A\u00f0aln\u00e1mskr\u00e1 leiksk\u00f3la fr\u00e1 2011 eru\u202fheilbrig\u00f0i og velfer\u00f0\u202fskilgreind sem einn ... Read More","og_url":"https:\/\/dev.borgarbyggd.is\/andabaer\/skolastarfid\/heilsueflandi-leikskoli\/","og_site_name":"Andab\u00e6r","article_modified_time":"2024-03-06T13:18:12+00:00","og_image":[{"url":"https:\/\/dev.borgarbyggd.is\/andabaer\/wp-content\/uploads\/sites\/4\/2023\/10\/heilsueflandi.jpg","type":"","width":"","height":""}],"twitter_card":"summary_large_image","twitter_misc":{"Est. reading time":"2 minutes"},"schema":{"@context":"https:\/\/schema.org","@graph":[{"@type":"WebPage","@id":"https:\/\/dev.borgarbyggd.is\/andabaer\/skolastarfid\/heilsueflandi-leikskoli\/","url":"https:\/\/dev.borgarbyggd.is\/andabaer\/skolastarfid\/heilsueflandi-leikskoli\/","name":"Heilsueflandi leiksk\u00f3li - Andab\u00e6r","isPartOf":{"@id":"https:\/\/dev.borgarbyggd.is\/andabaer\/#website"},"primaryImageOfPage":{"@id":"https:\/\/dev.borgarbyggd.is\/andabaer\/skolastarfid\/heilsueflandi-leikskoli\/#primaryimage"},"image":{"@id":"https:\/\/dev.borgarbyggd.is\/andabaer\/skolastarfid\/heilsueflandi-leikskoli\/#primaryimage"},"thumbnailUrl":"https:\/\/dev.borgarbyggd.is\/andabaer\/wp-content\/uploads\/sites\/4\/2023\/10\/heilsueflandi.jpg","datePublished":"2023-08-04T09:35:02+00:00","dateModified":"2024-03-06T13:18:12+00:00","breadcrumb":{"@id":"https:\/\/dev.borgarbyggd.is\/andabaer\/skolastarfid\/heilsueflandi-leikskoli\/#breadcrumb"},"inLanguage":"is","potentialAction":[{"@type":"ReadAction","target":["https:\/\/dev.borgarbyggd.is\/andabaer\/skolastarfid\/heilsueflandi-leikskoli\/"]}]},{"@type":"ImageObject","inLanguage":"is","@id":"https:\/\/dev.borgarbyggd.is\/andabaer\/skolastarfid\/heilsueflandi-leikskoli\/#primaryimage","url":"https:\/\/dev.borgarbyggd.is\/andabaer\/wp-content\/uploads\/sites\/4\/2023\/10\/heilsueflandi.jpg","contentUrl":"https:\/\/dev.borgarbyggd.is\/andabaer\/wp-content\/uploads\/sites\/4\/2023\/10\/heilsueflandi.jpg","width":150,"height":147},{"@type":"BreadcrumbList","@id":"https:\/\/dev.borgarbyggd.is\/andabaer\/skolastarfid\/heilsueflandi-leikskoli\/#breadcrumb","itemListElement":[{"@type":"ListItem","position":1,"name":"Home","item":"https:\/\/dev.borgarbyggd.is\/andabaer\/"},{"@type":"ListItem","position":2,"name":"Sk\u00f3lastarfi\u00f0","item":"https:\/\/dev.borgarbyggd.is\/andabaer\/skolastarfid\/"},{"@type":"ListItem","position":3,"name":"Heilsueflandi leiksk\u00f3li"}]},{"@type":"WebSite","@id":"https:\/\/dev.borgarbyggd.is\/andabaer\/#website","url":"https:\/\/dev.borgarbyggd.is\/andabaer\/","name":"Andab\u00e6r","description":"","potentialAction":[{"@type":"SearchAction","target":{"@type":"EntryPoint","urlTemplate":"https:\/\/dev.borgarbyggd.is\/andabaer\/?s={search_term_string}"},"query-input":{"@type":"PropertyValueSpecification","valueRequired":true,"valueName":"search_term_string"}}],"inLanguage":"is"}]}},"_links":{"self":[{"href":"https:\/\/dev.borgarbyggd.is\/andabaer\/wp-json\/wp\/v2\/pages\/35","targetHints":{"allow":["GET"]}}],"collection":[{"href":"https:\/\/dev.borgarbyggd.is\/andabaer\/wp-json\/wp\/v2\/pages"}],"about":[{"href":"https:\/\/dev.borgarbyggd.is\/andabaer\/wp-json\/wp\/v2\/types\/page"}],"author":[{"embeddable":true,"href":"https:\/\/dev.borgarbyggd.is\/andabaer\/wp-json\/wp\/v2\/users\/4"}],"replies":[{"embeddable":true,"href":"https:\/\/dev.borgarbyggd.is\/andabaer\/wp-json\/wp\/v2\/comments?post=35"}],"version-history":[{"count":0,"href":"https:\/\/dev.borgarbyggd.is\/andabaer\/wp-json\/wp\/v2\/pages\/35\/revisions"}],"up":[{"embeddable":true,"href":"https:\/\/dev.borgarbyggd.is\/andabaer\/wp-json\/wp\/v2\/pages\/29"}],"wp:attachment":[{"href":"https:\/\/dev.borgarbyggd.is\/andabaer\/wp-json\/wp\/v2\/media?parent=35"}],"curies":[{"name":"wp","href":"https:\/\/api.w.org\/{rel}","templated":true}]}}