{"id":32,"date":"2023-08-04T09:31:29","date_gmt":"2023-08-04T09:31:29","guid":{"rendered":"https:\/\/dev.borgarbyggd.is\/andabaer\/?page_id=32"},"modified":"2024-06-03T15:44:42","modified_gmt":"2024-06-03T15:44:42","slug":"adlogun","status":"publish","type":"page","link":"https:\/\/dev.borgarbyggd.is\/andabaer\/upplysingar\/adlogun\/","title":{"rendered":"A\u00f0l\u00f6gun"},"content":{"rendered":"<p><b><span data-contrast=\"none\">\u00de\u00e1ttt\u00f6kua\u00f0l\u00f6gun<\/span><\/b><span data-ccp-props=\"{&quot;201341983&quot;:0,&quot;335559739&quot;:150,&quot;335559740&quot;:240}\">\u00a0<\/span><\/p>\n<p><span data-contrast=\"none\">\u00cd leiksk\u00f3lanum Andab\u00e6 er stu\u00f0st vi\u00f0 a\u00f0l\u00f6gunara\u00f0fer\u00f0 sem kallast \u00fe\u00e1ttt\u00f6kua\u00f0l\u00f6gun en h\u00fan var fyrst \u00fer\u00f3u\u00f0 \u00ed Sv\u00ed\u00fej\u00f3\u00f0.<\/span><span data-ccp-props=\"{&quot;201341983&quot;:0,&quot;335559739&quot;:150,&quot;335559740&quot;:240}\">\u00a0<\/span><\/p>\n<p><span data-contrast=\"none\">\u00dea\u00f0 sem fyrst og fremst greinir \u00fe\u00e1ttt\u00f6kua\u00f0l\u00f6gunina fr\u00e1 \u00feeirri eldri er a\u00f0 h\u00fan tekur mun skemmri t\u00edma e\u00f0a \u00ferj\u00e1 daga. B\u00f6rnin sem byrja \u00ed leiksk\u00f3lanum eru a\u00f0l\u00f6gu\u00f0 inn undir umsj\u00e1 og verndarh\u00f6nd foreldra sinna. Hugmyndafr\u00e6\u00f0in \u00e1 bak vi\u00f0 \u00feessa a\u00f0l\u00f6gun er s\u00fa a\u00f0 \u00f6ryggi foreldra smiti eigin \u00f6ryggiskennd yfir til barnsins. Gengi\u00f0 er \u00fat fr\u00e1 \u00fev\u00ed a\u00f0 upplifunin auki forvitni foreldranna og spennu. Kynni \u00feeirra af dagskipulaginu, starfsf\u00f3lkinu, hinum b\u00f6rnunum og foreldrum \u00feeirra auki \u00e1hugann \u00e1 velfer\u00f0 sk\u00f3lans og a\u00f0 \u00feau ver\u00f0i fremur tilb\u00fain til \u00feess a\u00f0 taka \u00fe\u00e1tt \u00ed starfi \u00e1 vegum leiksk\u00f3lans vegna \u00feessa n\u00fdstofnu\u00f0u kynna.<\/span><span data-ccp-props=\"{&quot;201341983&quot;:0,&quot;335559739&quot;:150,&quot;335559740&quot;:240}\">\u00a0<\/span><\/p>\n<p><b><span data-contrast=\"none\">Framkv\u00e6md<\/span><\/b><span data-ccp-props=\"{&quot;201341983&quot;:0,&quot;335559739&quot;:150,&quot;335559740&quot;:240}\">\u00a0<\/span><\/p>\n<p><span data-contrast=\"none\">\u00c1 tilsettum degi sem barni\u00f0 m\u00e6tir \u00ed fyrsta skipti\u00f0 hefst a\u00f0l\u00f6gunin me\u00f0 \u00fev\u00ed a\u00f0 barni\u00f0 m\u00e6tir kl. 09:00 \u00ed leiksk\u00f3lann og er til kl. 10:30 me\u00f0 \u00f6\u00f0ru foreldri s\u00ednu.<\/span><span data-ccp-props=\"{&quot;201341983&quot;:0,&quot;335559739&quot;:150,&quot;335559740&quot;:240}\">\u00a0<\/span><\/p>\n<p><span data-contrast=\"none\">N\u00e6stu 2 daga er foreldri og barn fr\u00e1 kl. 08:30 til kl. 14:00 og 14:40. Foreldrarnir eiga a\u00f0 taka \u00fe\u00e1tt \u00ed \u00f6llum verkefnum barnsins undir lei\u00f0s\u00f6gn kennaranna \u00feessa daga. \u00deeir sj\u00e1 a\u00f0 auki um a\u00f0 sinna \u00fe\u00f6rfum \u00feeirra; gefa \u00feeim a\u00f0 bor\u00f0a, skipta um bleiur og leika me\u00f0 \u00feeim. Hlutverk kennaranna er a\u00f0 lei\u00f0beina foreldrum og b\u00f6rnum, leggja \u00feeim til verkefni og skr\u00e1 hj\u00e1 s\u00e9r \u00fdmis atri\u00f0i \u00ed samskiptum foreldra og barna, atri\u00f0i sem \u00feeir svo tileinka s\u00e9r \u00ed samskiptum s\u00ednum vi\u00f0 vi\u00f0komandi barn.<\/span><span data-ccp-props=\"{&quot;201341983&quot;:0,&quot;335559739&quot;:150,&quot;335559740&quot;:240}\">\u00a0<\/span><\/p>\n<p><span data-contrast=\"none\">\u00c1 fj\u00f3r\u00f0a degi kve\u00f0ja b\u00f6rnin foreldra s\u00edna og eru svo \u00ed leiksk\u00f3lanum allan daginn. Gott er a\u00f0 s\u00e6kja barni\u00f0 snemma til a\u00f0 byrja me\u00f0.<\/span><span data-ccp-props=\"{&quot;201341983&quot;:0,&quot;335559739&quot;:150,&quot;335559740&quot;:240}\">\u00a0<\/span><\/p>\n<div class=\"hlekkur_a_skjal\" style=\"text-align: left;\"><a style=\"max-width: 100%;\" href=\"https:\/\/dev.borgarbyggd.is\/andabaer\/wp-content\/uploads\/sites\/4\/2024\/06\/foreldrahandbok-2024-endurbaett.pdf\">Foreldrahandb\u00f3k 2024<\/a><\/div>\n<div class=\"hlekkur_a_skjal\" style=\"text-align: left;\"><a style=\"max-width: 100%;\" href=\"https:\/\/dev.borgarbyggd.is\/andabaer\/wp-content\/uploads\/sites\/4\/2024\/06\/THatttokuadlogun-i-Andabae-2024.pdf\">\u00de\u00e1ttt\u00f6kua\u00f0l\u00f6gun \u00ed Andab\u00e6 <\/a><\/div>\n","protected":false},"excerpt":{"rendered":"<p>\u00de\u00e1ttt\u00f6kua\u00f0l\u00f6gun\u00a0 \u00cd leiksk\u00f3lanum Andab\u00e6 er stu\u00f0st vi\u00f0 a\u00f0l\u00f6gunara\u00f0fer\u00f0 sem kallast \u00fe\u00e1ttt\u00f6kua\u00f0l\u00f6gun en h\u00fan var fyrst \u00fer\u00f3u\u00f0 \u00ed Sv\u00ed\u00fej\u00f3\u00f0.\u00a0 \u00dea\u00f0 sem fyrst og fremst greinir \u00fe\u00e1ttt\u00f6kua\u00f0l\u00f6gunina fr\u00e1 \u00feeirri eldri er a\u00f0 h\u00fan tekur mun skemmri t\u00edma e\u00f0a \u00ferj\u00e1 daga. B\u00f6rnin sem byrja \u00ed leiksk\u00f3lanum eru a\u00f0l\u00f6gu\u00f0 inn undir umsj\u00e1 og verndarh\u00f6nd foreldra sinna. Hugmyndafr\u00e6\u00f0in \u00e1 bak vi\u00f0 \u00feessa a\u00f0l\u00f6gun er s\u00fa &#8230; <\/p>\n<div><a href=\"https:\/\/dev.borgarbyggd.is\/andabaer\/upplysingar\/adlogun\/\" class=\"more-link\">Read More<\/a><\/div>\n","protected":false},"author":4,"featured_media":0,"parent":60,"menu_order":0,"comment_status":"closed","ping_status":"closed","template":"","meta":{"_acf_changed":false,"footnotes":""},"class_list":["post-32","page","type-page","status-publish","hentry","no-post-thumbnail"],"acf":{"quickaccess":false},"yoast_head":"<!-- This site is optimized with the Yoast SEO plugin v24.0 - https:\/\/yoast.com\/wordpress\/plugins\/seo\/ -->\n<title>A\u00f0l\u00f6gun - Andab\u00e6r<\/title>\n<meta name=\"robots\" content=\"noindex, follow, max-snippet:-1, max-image-preview:large, max-video-preview:-1\" \/>\n<meta property=\"og:locale\" content=\"is_IS\" \/>\n<meta property=\"og:type\" content=\"article\" \/>\n<meta property=\"og:title\" content=\"A\u00f0l\u00f6gun - Andab\u00e6r\" \/>\n<meta property=\"og:description\" content=\"\u00de\u00e1ttt\u00f6kua\u00f0l\u00f6gun\u00a0 \u00cd leiksk\u00f3lanum Andab\u00e6 er stu\u00f0st vi\u00f0 a\u00f0l\u00f6gunara\u00f0fer\u00f0 sem kallast \u00fe\u00e1ttt\u00f6kua\u00f0l\u00f6gun en h\u00fan var fyrst \u00fer\u00f3u\u00f0 \u00ed Sv\u00ed\u00fej\u00f3\u00f0.\u00a0 \u00dea\u00f0 sem fyrst og fremst greinir \u00fe\u00e1ttt\u00f6kua\u00f0l\u00f6gunina fr\u00e1 \u00feeirri eldri er a\u00f0 h\u00fan tekur mun skemmri t\u00edma e\u00f0a \u00ferj\u00e1 daga. B\u00f6rnin sem byrja \u00ed leiksk\u00f3lanum eru a\u00f0l\u00f6gu\u00f0 inn undir umsj\u00e1 og verndarh\u00f6nd foreldra sinna. Hugmyndafr\u00e6\u00f0in \u00e1 bak vi\u00f0 \u00feessa a\u00f0l\u00f6gun er s\u00fa ... Read More\" \/>\n<meta property=\"og:url\" content=\"https:\/\/dev.borgarbyggd.is\/andabaer\/upplysingar\/adlogun\/\" \/>\n<meta property=\"og:site_name\" content=\"Andab\u00e6r\" \/>\n<meta property=\"article:modified_time\" content=\"2024-06-03T15:44:42+00:00\" \/>\n<meta name=\"twitter:card\" content=\"summary_large_image\" \/>\n<meta name=\"twitter:label1\" content=\"Est. reading time\" \/>\n\t<meta name=\"twitter:data1\" content=\"2 minutes\" \/>\n<script type=\"application\/ld+json\" class=\"yoast-schema-graph\">{\"@context\":\"https:\/\/schema.org\",\"@graph\":[{\"@type\":\"WebPage\",\"@id\":\"https:\/\/dev.borgarbyggd.is\/andabaer\/upplysingar\/adlogun\/\",\"url\":\"https:\/\/dev.borgarbyggd.is\/andabaer\/upplysingar\/adlogun\/\",\"name\":\"A\u00f0l\u00f6gun - Andab\u00e6r\",\"isPartOf\":{\"@id\":\"https:\/\/dev.borgarbyggd.is\/andabaer\/#website\"},\"datePublished\":\"2023-08-04T09:31:29+00:00\",\"dateModified\":\"2024-06-03T15:44:42+00:00\",\"breadcrumb\":{\"@id\":\"https:\/\/dev.borgarbyggd.is\/andabaer\/upplysingar\/adlogun\/#breadcrumb\"},\"inLanguage\":\"is\",\"potentialAction\":[{\"@type\":\"ReadAction\",\"target\":[\"https:\/\/dev.borgarbyggd.is\/andabaer\/upplysingar\/adlogun\/\"]}]},{\"@type\":\"BreadcrumbList\",\"@id\":\"https:\/\/dev.borgarbyggd.is\/andabaer\/upplysingar\/adlogun\/#breadcrumb\",\"itemListElement\":[{\"@type\":\"ListItem\",\"position\":1,\"name\":\"Home\",\"item\":\"https:\/\/dev.borgarbyggd.is\/andabaer\/\"},{\"@type\":\"ListItem\",\"position\":2,\"name\":\"Uppl\u00fdsingar\",\"item\":\"https:\/\/dev.borgarbyggd.is\/andabaer\/upplysingar\/\"},{\"@type\":\"ListItem\",\"position\":3,\"name\":\"A\u00f0l\u00f6gun\"}]},{\"@type\":\"WebSite\",\"@id\":\"https:\/\/dev.borgarbyggd.is\/andabaer\/#website\",\"url\":\"https:\/\/dev.borgarbyggd.is\/andabaer\/\",\"name\":\"Andab\u00e6r\",\"description\":\"\",\"potentialAction\":[{\"@type\":\"SearchAction\",\"target\":{\"@type\":\"EntryPoint\",\"urlTemplate\":\"https:\/\/dev.borgarbyggd.is\/andabaer\/?s={search_term_string}\"},\"query-input\":{\"@type\":\"PropertyValueSpecification\",\"valueRequired\":true,\"valueName\":\"search_term_string\"}}],\"inLanguage\":\"is\"}]}<\/script>\n<!-- \/ Yoast SEO plugin. -->","yoast_head_json":{"title":"A\u00f0l\u00f6gun - Andab\u00e6r","robots":{"index":"noindex","follow":"follow","max-snippet":"max-snippet:-1","max-image-preview":"max-image-preview:large","max-video-preview":"max-video-preview:-1"},"og_locale":"is_IS","og_type":"article","og_title":"A\u00f0l\u00f6gun - Andab\u00e6r","og_description":"\u00de\u00e1ttt\u00f6kua\u00f0l\u00f6gun\u00a0 \u00cd leiksk\u00f3lanum Andab\u00e6 er stu\u00f0st vi\u00f0 a\u00f0l\u00f6gunara\u00f0fer\u00f0 sem kallast \u00fe\u00e1ttt\u00f6kua\u00f0l\u00f6gun en h\u00fan var fyrst \u00fer\u00f3u\u00f0 \u00ed Sv\u00ed\u00fej\u00f3\u00f0.\u00a0 \u00dea\u00f0 sem fyrst og fremst greinir \u00fe\u00e1ttt\u00f6kua\u00f0l\u00f6gunina fr\u00e1 \u00feeirri eldri er a\u00f0 h\u00fan tekur mun skemmri t\u00edma e\u00f0a \u00ferj\u00e1 daga. B\u00f6rnin sem byrja \u00ed leiksk\u00f3lanum eru a\u00f0l\u00f6gu\u00f0 inn undir umsj\u00e1 og verndarh\u00f6nd foreldra sinna. Hugmyndafr\u00e6\u00f0in \u00e1 bak vi\u00f0 \u00feessa a\u00f0l\u00f6gun er s\u00fa ... Read More","og_url":"https:\/\/dev.borgarbyggd.is\/andabaer\/upplysingar\/adlogun\/","og_site_name":"Andab\u00e6r","article_modified_time":"2024-06-03T15:44:42+00:00","twitter_card":"summary_large_image","twitter_misc":{"Est. reading time":"2 minutes"},"schema":{"@context":"https:\/\/schema.org","@graph":[{"@type":"WebPage","@id":"https:\/\/dev.borgarbyggd.is\/andabaer\/upplysingar\/adlogun\/","url":"https:\/\/dev.borgarbyggd.is\/andabaer\/upplysingar\/adlogun\/","name":"A\u00f0l\u00f6gun - Andab\u00e6r","isPartOf":{"@id":"https:\/\/dev.borgarbyggd.is\/andabaer\/#website"},"datePublished":"2023-08-04T09:31:29+00:00","dateModified":"2024-06-03T15:44:42+00:00","breadcrumb":{"@id":"https:\/\/dev.borgarbyggd.is\/andabaer\/upplysingar\/adlogun\/#breadcrumb"},"inLanguage":"is","potentialAction":[{"@type":"ReadAction","target":["https:\/\/dev.borgarbyggd.is\/andabaer\/upplysingar\/adlogun\/"]}]},{"@type":"BreadcrumbList","@id":"https:\/\/dev.borgarbyggd.is\/andabaer\/upplysingar\/adlogun\/#breadcrumb","itemListElement":[{"@type":"ListItem","position":1,"name":"Home","item":"https:\/\/dev.borgarbyggd.is\/andabaer\/"},{"@type":"ListItem","position":2,"name":"Uppl\u00fdsingar","item":"https:\/\/dev.borgarbyggd.is\/andabaer\/upplysingar\/"},{"@type":"ListItem","position":3,"name":"A\u00f0l\u00f6gun"}]},{"@type":"WebSite","@id":"https:\/\/dev.borgarbyggd.is\/andabaer\/#website","url":"https:\/\/dev.borgarbyggd.is\/andabaer\/","name":"Andab\u00e6r","description":"","potentialAction":[{"@type":"SearchAction","target":{"@type":"EntryPoint","urlTemplate":"https:\/\/dev.borgarbyggd.is\/andabaer\/?s={search_term_string}"},"query-input":{"@type":"PropertyValueSpecification","valueRequired":true,"valueName":"search_term_string"}}],"inLanguage":"is"}]}},"_links":{"self":[{"href":"https:\/\/dev.borgarbyggd.is\/andabaer\/wp-json\/wp\/v2\/pages\/32","targetHints":{"allow":["GET"]}}],"collection":[{"href":"https:\/\/dev.borgarbyggd.is\/andabaer\/wp-json\/wp\/v2\/pages"}],"about":[{"href":"https:\/\/dev.borgarbyggd.is\/andabaer\/wp-json\/wp\/v2\/types\/page"}],"author":[{"embeddable":true,"href":"https:\/\/dev.borgarbyggd.is\/andabaer\/wp-json\/wp\/v2\/users\/4"}],"replies":[{"embeddable":true,"href":"https:\/\/dev.borgarbyggd.is\/andabaer\/wp-json\/wp\/v2\/comments?post=32"}],"version-history":[{"count":0,"href":"https:\/\/dev.borgarbyggd.is\/andabaer\/wp-json\/wp\/v2\/pages\/32\/revisions"}],"up":[{"embeddable":true,"href":"https:\/\/dev.borgarbyggd.is\/andabaer\/wp-json\/wp\/v2\/pages\/60"}],"wp:attachment":[{"href":"https:\/\/dev.borgarbyggd.is\/andabaer\/wp-json\/wp\/v2\/media?parent=32"}],"curies":[{"name":"wp","href":"https:\/\/api.w.org\/{rel}","templated":true}]}}