{"id":200,"date":"2023-08-16T13:54:13","date_gmt":"2023-08-16T13:54:13","guid":{"rendered":"https:\/\/dev.borgarbyggd.is\/andabaer\/?page_id=200"},"modified":"2024-03-01T10:32:03","modified_gmt":"2024-03-01T10:32:03","slug":"almennar-upplysingar","status":"publish","type":"page","link":"https:\/\/dev.borgarbyggd.is\/andabaer\/foreldrar\/almennar-upplysingar\/","title":{"rendered":"Almennar uppl\u00fdsingar"},"content":{"rendered":"<p><b><span data-contrast=\"auto\">Veikindi<\/span><\/b><\/p>\n<p><span data-contrast=\"auto\">Leiksk\u00f3lar eru \u00e6tla\u00f0ir heilbrig\u00f0um b\u00f6rnum. Veikist barni\u00f0 skal \u00fea\u00f0 dvelja heima \u00fear til \u00fea\u00f0 er or\u00f0i\u00f0 hitalaust \u00ed a.m.k. 1-2 s\u00f3lahringa. Ekki er bo\u00f0i\u00f0 upp \u00e1 a\u00f0 hafa b\u00f6rn inni eftir veikindi<\/span><span data-ccp-props=\"{&quot;201341983&quot;:0,&quot;335559739&quot;:160,&quot;335559740&quot;:259}\">\u00a0<\/span><\/p>\n<p><b><span data-contrast=\"auto\">Lyfjagjafir<\/span><\/b><\/p>\n<p><b> <\/b><span data-contrast=\"auto\">Ef b\u00f6rn \u00ed leiksk\u00f3la \u00feurfa \u00e1 lyfjum a\u00f0 halda ber a\u00f0 haga lyfjagj\u00f6f \u00feannig a\u00f0 lyfin s\u00e9u gefin heima en ekki \u00ed leiksk\u00f3lanum. Undantekning \u00e1 \u00feessu eru asmalyf.<\/span><span data-ccp-props=\"{&quot;201341983&quot;:0,&quot;335559739&quot;:160,&quot;335559740&quot;:259}\">\u00a0<\/span><\/p>\n<p><b><span data-contrast=\"auto\">Matar\u00f3\u00feol e\u00f0a ofn\u00e6mi<\/span><\/b><\/p>\n<p><span data-contrast=\"auto\">Ef um \u00f3\u00feol e\u00f0a ofn\u00e6mi er a\u00f0 r\u00e6\u00f0a \u00fearf a\u00f0 koma me\u00f0 vottor\u00f0 fr\u00e1 l\u00e6kni. Mikilv\u00e6gt er a\u00f0 vera \u00ed g\u00f3\u00f0um samskiptum vi\u00f0 sk\u00f3la me\u00f0 \u00e1framhaldi\u00f0. Vottor\u00f0 \u00fearf a\u00f0 endurn\u00fdja \u00ed samr\u00e1\u00f0 vi\u00f0 l\u00e6kni. Sk\u00f3li gerir sitt besta til a\u00f0 koma \u00e1 m\u00f3ts vi\u00f0 s\u00e9rf\u00e6\u00f0i barna og leggur sig fram vi\u00f0 a\u00f0 mi\u00f0la uppl\u00fdsingum milli heimilis og sk\u00f3la.<\/span><span data-ccp-props=\"{&quot;201341983&quot;:0,&quot;335559739&quot;:160,&quot;335559740&quot;:259}\">\u00a0<\/span><\/p>\n<p><b><span data-contrast=\"none\">Hli\u00f0i\u00f0<\/span><\/b><\/p>\n<p><span data-contrast=\"none\">Hli\u00f0i\u00f0 ver\u00f0ur a\u00f0 vera loku\u00f0 \u00e1 \u00f6llum t\u00edmum, b\u00e6\u00f0i \u00feegar a\u00f0 b\u00f6rnin eru \u00fati og inni. Foreldrar eru vinsamlega be\u00f0nir um a\u00f0 l\u00e1ta \u00fe\u00e1 sem koma og s\u00e6kja b\u00f6rnin \u00ed leiksk\u00f3lann vita af \u00feessu. \u00deetta er mj\u00f6g mikilv\u00e6gt atri\u00f0i.\u202fM\u00f6rgum b\u00f6rnum finnst spennandi a\u00f0 f\u00e1 a\u00f0 opna hli\u00f0i\u00f0 fyrir m\u00f6mmu og pabba \u00feegar komi\u00f0 er a\u00f0 s\u00e6kja \u00feau. \u00deau eru stundum of dugleg vi\u00f0 \u00feessa i\u00f0ju s\u00edna og hafa opna\u00f0 hli\u00f0in \u00e1\u00f0ur en foreldrar eru komnir a\u00f0 l\u00f3\u00f0inni e\u00f0a \u00feegar\u202fveri\u00f0 er a\u00f0 fara \u00ed g\u00f6ngufer\u00f0ir. Leiksk\u00f3linn bi\u00f0ur foreldra um samstarf hva\u00f0 \u00feetta var\u00f0ar og a\u00f0 reglan s\u00e9 s\u00fa a\u00f0 fullor\u00f0nir opna hli\u00f0i\u00f0, ekki b\u00f6rnin.<\/span><span data-ccp-props=\"{&quot;201341983&quot;:0,&quot;335559739&quot;:160,&quot;335559740&quot;:259}\">\u00a0<\/span><\/p>\n<p><b><span data-contrast=\"none\">Barni\u00f0 kemur og fer<\/span><\/b><\/p>\n<p><span data-contrast=\"none\">\u00deegar komi\u00f0 er me\u00f0 barni\u00f0 \u00ed leiksk\u00f3lann og \u00feegar a\u00f0\u202f\u00fea\u00f0 er s\u00f3tt er nau\u00f0synlegt a\u00f0 l\u00e1ta kennara \u00e1 deild barnsins vita. Minnt er\u202f s\u00e9rstaklega \u00e1 \u00feetta ef komi\u00f0 er me\u00f0 barni\u00f0 e\u00f0a \u00fea\u00f0 s\u00f3tt \u00ed \u00fativeru. Af \u00f6ryggis\u00e1st\u00e6\u00f0um er nau\u00f0synlegt a\u00f0 hringja og l\u00e1ta kennara vita ef einhverjir a\u00f0rir en foreldrar koma og s\u00e6kja barni\u00f0 \u00ed leiksk\u00f3lann. B\u00f6rn yngri en 12 \u00e1ra mega ekki s\u00e6ki barni\u00f0 \u00ed leiksk\u00f3lann. Kennarar skr\u00e1 rafr\u00e6nt hven\u00e6r barni\u00f0 m\u00e6tir og hven\u00e6r \u00fea\u00f0 er s\u00f3tt. \u00deessi skr\u00e1ning er mikilv\u00e6g til a\u00f0 tryggja \u00f6ryggi hvers barns \u00ed leiksk\u00f3lanum<\/span><span data-contrast=\"none\">.<\/span><span data-ccp-props=\"{&quot;201341983&quot;:0,&quot;335559739&quot;:160,&quot;335559740&quot;:259}\">\u00a0<\/span><\/p>\n<p><span data-ccp-props=\"{&quot;201341983&quot;:0,&quot;335559739&quot;:160,&quot;335559740&quot;:259}\">\u00a0<\/span><\/p>\n","protected":false},"excerpt":{"rendered":"<p>Veikindi Leiksk\u00f3lar eru \u00e6tla\u00f0ir heilbrig\u00f0um b\u00f6rnum. Veikist barni\u00f0 skal \u00fea\u00f0 dvelja heima \u00fear til \u00fea\u00f0 er or\u00f0i\u00f0 hitalaust \u00ed a.m.k. 1-2 s\u00f3lahringa. Ekki er bo\u00f0i\u00f0 upp \u00e1 a\u00f0 hafa b\u00f6rn inni eftir veikindi\u00a0 Lyfjagjafir Ef b\u00f6rn \u00ed leiksk\u00f3la \u00feurfa \u00e1 lyfjum a\u00f0 halda ber a\u00f0 haga lyfjagj\u00f6f \u00feannig a\u00f0 lyfin s\u00e9u gefin heima en ekki \u00ed leiksk\u00f3lanum. Undantekning \u00e1 \u00feessu &#8230; <\/p>\n<div><a href=\"https:\/\/dev.borgarbyggd.is\/andabaer\/foreldrar\/almennar-upplysingar\/\" class=\"more-link\">Read More<\/a><\/div>\n","protected":false},"author":4,"featured_media":0,"parent":54,"menu_order":0,"comment_status":"closed","ping_status":"closed","template":"","meta":{"_acf_changed":false,"footnotes":""},"class_list":["post-200","page","type-page","status-publish","hentry","no-post-thumbnail"],"acf":{"quickaccess":false},"yoast_head":"<!-- This site is optimized with the Yoast SEO plugin v24.0 - https:\/\/yoast.com\/wordpress\/plugins\/seo\/ -->\n<title>Almennar uppl\u00fdsingar - Andab\u00e6r<\/title>\n<meta name=\"robots\" content=\"noindex, follow, max-snippet:-1, max-image-preview:large, max-video-preview:-1\" \/>\n<meta property=\"og:locale\" content=\"is_IS\" \/>\n<meta property=\"og:type\" content=\"article\" \/>\n<meta property=\"og:title\" content=\"Almennar uppl\u00fdsingar - Andab\u00e6r\" \/>\n<meta property=\"og:description\" content=\"Veikindi Leiksk\u00f3lar eru \u00e6tla\u00f0ir heilbrig\u00f0um b\u00f6rnum. Veikist barni\u00f0 skal \u00fea\u00f0 dvelja heima \u00fear til \u00fea\u00f0 er or\u00f0i\u00f0 hitalaust \u00ed a.m.k. 1-2 s\u00f3lahringa. Ekki er bo\u00f0i\u00f0 upp \u00e1 a\u00f0 hafa b\u00f6rn inni eftir veikindi\u00a0 Lyfjagjafir Ef b\u00f6rn \u00ed leiksk\u00f3la \u00feurfa \u00e1 lyfjum a\u00f0 halda ber a\u00f0 haga lyfjagj\u00f6f \u00feannig a\u00f0 lyfin s\u00e9u gefin heima en ekki \u00ed leiksk\u00f3lanum. Undantekning \u00e1 \u00feessu ... Read More\" \/>\n<meta property=\"og:url\" content=\"https:\/\/dev.borgarbyggd.is\/andabaer\/foreldrar\/almennar-upplysingar\/\" \/>\n<meta property=\"og:site_name\" content=\"Andab\u00e6r\" \/>\n<meta property=\"article:modified_time\" content=\"2024-03-01T10:32:03+00:00\" \/>\n<meta name=\"twitter:card\" content=\"summary_large_image\" \/>\n<meta name=\"twitter:label1\" content=\"Est. reading time\" \/>\n\t<meta name=\"twitter:data1\" content=\"2 minutes\" \/>\n<script type=\"application\/ld+json\" class=\"yoast-schema-graph\">{\"@context\":\"https:\/\/schema.org\",\"@graph\":[{\"@type\":\"WebPage\",\"@id\":\"https:\/\/dev.borgarbyggd.is\/andabaer\/foreldrar\/almennar-upplysingar\/\",\"url\":\"https:\/\/dev.borgarbyggd.is\/andabaer\/foreldrar\/almennar-upplysingar\/\",\"name\":\"Almennar uppl\u00fdsingar - Andab\u00e6r\",\"isPartOf\":{\"@id\":\"https:\/\/dev.borgarbyggd.is\/andabaer\/#website\"},\"datePublished\":\"2023-08-16T13:54:13+00:00\",\"dateModified\":\"2024-03-01T10:32:03+00:00\",\"breadcrumb\":{\"@id\":\"https:\/\/dev.borgarbyggd.is\/andabaer\/foreldrar\/almennar-upplysingar\/#breadcrumb\"},\"inLanguage\":\"is\",\"potentialAction\":[{\"@type\":\"ReadAction\",\"target\":[\"https:\/\/dev.borgarbyggd.is\/andabaer\/foreldrar\/almennar-upplysingar\/\"]}]},{\"@type\":\"BreadcrumbList\",\"@id\":\"https:\/\/dev.borgarbyggd.is\/andabaer\/foreldrar\/almennar-upplysingar\/#breadcrumb\",\"itemListElement\":[{\"@type\":\"ListItem\",\"position\":1,\"name\":\"Home\",\"item\":\"https:\/\/dev.borgarbyggd.is\/andabaer\/\"},{\"@type\":\"ListItem\",\"position\":2,\"name\":\"Foreldrar\",\"item\":\"https:\/\/dev.borgarbyggd.is\/andabaer\/foreldrar\/\"},{\"@type\":\"ListItem\",\"position\":3,\"name\":\"Almennar uppl\u00fdsingar\"}]},{\"@type\":\"WebSite\",\"@id\":\"https:\/\/dev.borgarbyggd.is\/andabaer\/#website\",\"url\":\"https:\/\/dev.borgarbyggd.is\/andabaer\/\",\"name\":\"Andab\u00e6r\",\"description\":\"\",\"potentialAction\":[{\"@type\":\"SearchAction\",\"target\":{\"@type\":\"EntryPoint\",\"urlTemplate\":\"https:\/\/dev.borgarbyggd.is\/andabaer\/?s={search_term_string}\"},\"query-input\":{\"@type\":\"PropertyValueSpecification\",\"valueRequired\":true,\"valueName\":\"search_term_string\"}}],\"inLanguage\":\"is\"}]}<\/script>\n<!-- \/ Yoast SEO plugin. -->","yoast_head_json":{"title":"Almennar uppl\u00fdsingar - Andab\u00e6r","robots":{"index":"noindex","follow":"follow","max-snippet":"max-snippet:-1","max-image-preview":"max-image-preview:large","max-video-preview":"max-video-preview:-1"},"og_locale":"is_IS","og_type":"article","og_title":"Almennar uppl\u00fdsingar - Andab\u00e6r","og_description":"Veikindi Leiksk\u00f3lar eru \u00e6tla\u00f0ir heilbrig\u00f0um b\u00f6rnum. Veikist barni\u00f0 skal \u00fea\u00f0 dvelja heima \u00fear til \u00fea\u00f0 er or\u00f0i\u00f0 hitalaust \u00ed a.m.k. 1-2 s\u00f3lahringa. Ekki er bo\u00f0i\u00f0 upp \u00e1 a\u00f0 hafa b\u00f6rn inni eftir veikindi\u00a0 Lyfjagjafir Ef b\u00f6rn \u00ed leiksk\u00f3la \u00feurfa \u00e1 lyfjum a\u00f0 halda ber a\u00f0 haga lyfjagj\u00f6f \u00feannig a\u00f0 lyfin s\u00e9u gefin heima en ekki \u00ed leiksk\u00f3lanum. Undantekning \u00e1 \u00feessu ... Read More","og_url":"https:\/\/dev.borgarbyggd.is\/andabaer\/foreldrar\/almennar-upplysingar\/","og_site_name":"Andab\u00e6r","article_modified_time":"2024-03-01T10:32:03+00:00","twitter_card":"summary_large_image","twitter_misc":{"Est. reading time":"2 minutes"},"schema":{"@context":"https:\/\/schema.org","@graph":[{"@type":"WebPage","@id":"https:\/\/dev.borgarbyggd.is\/andabaer\/foreldrar\/almennar-upplysingar\/","url":"https:\/\/dev.borgarbyggd.is\/andabaer\/foreldrar\/almennar-upplysingar\/","name":"Almennar uppl\u00fdsingar - Andab\u00e6r","isPartOf":{"@id":"https:\/\/dev.borgarbyggd.is\/andabaer\/#website"},"datePublished":"2023-08-16T13:54:13+00:00","dateModified":"2024-03-01T10:32:03+00:00","breadcrumb":{"@id":"https:\/\/dev.borgarbyggd.is\/andabaer\/foreldrar\/almennar-upplysingar\/#breadcrumb"},"inLanguage":"is","potentialAction":[{"@type":"ReadAction","target":["https:\/\/dev.borgarbyggd.is\/andabaer\/foreldrar\/almennar-upplysingar\/"]}]},{"@type":"BreadcrumbList","@id":"https:\/\/dev.borgarbyggd.is\/andabaer\/foreldrar\/almennar-upplysingar\/#breadcrumb","itemListElement":[{"@type":"ListItem","position":1,"name":"Home","item":"https:\/\/dev.borgarbyggd.is\/andabaer\/"},{"@type":"ListItem","position":2,"name":"Foreldrar","item":"https:\/\/dev.borgarbyggd.is\/andabaer\/foreldrar\/"},{"@type":"ListItem","position":3,"name":"Almennar uppl\u00fdsingar"}]},{"@type":"WebSite","@id":"https:\/\/dev.borgarbyggd.is\/andabaer\/#website","url":"https:\/\/dev.borgarbyggd.is\/andabaer\/","name":"Andab\u00e6r","description":"","potentialAction":[{"@type":"SearchAction","target":{"@type":"EntryPoint","urlTemplate":"https:\/\/dev.borgarbyggd.is\/andabaer\/?s={search_term_string}"},"query-input":{"@type":"PropertyValueSpecification","valueRequired":true,"valueName":"search_term_string"}}],"inLanguage":"is"}]}},"_links":{"self":[{"href":"https:\/\/dev.borgarbyggd.is\/andabaer\/wp-json\/wp\/v2\/pages\/200","targetHints":{"allow":["GET"]}}],"collection":[{"href":"https:\/\/dev.borgarbyggd.is\/andabaer\/wp-json\/wp\/v2\/pages"}],"about":[{"href":"https:\/\/dev.borgarbyggd.is\/andabaer\/wp-json\/wp\/v2\/types\/page"}],"author":[{"embeddable":true,"href":"https:\/\/dev.borgarbyggd.is\/andabaer\/wp-json\/wp\/v2\/users\/4"}],"replies":[{"embeddable":true,"href":"https:\/\/dev.borgarbyggd.is\/andabaer\/wp-json\/wp\/v2\/comments?post=200"}],"version-history":[{"count":0,"href":"https:\/\/dev.borgarbyggd.is\/andabaer\/wp-json\/wp\/v2\/pages\/200\/revisions"}],"up":[{"embeddable":true,"href":"https:\/\/dev.borgarbyggd.is\/andabaer\/wp-json\/wp\/v2\/pages\/54"}],"wp:attachment":[{"href":"https:\/\/dev.borgarbyggd.is\/andabaer\/wp-json\/wp\/v2\/media?parent=200"}],"curies":[{"name":"wp","href":"https:\/\/api.w.org\/{rel}","templated":true}]}}