{"id":188,"date":"2026-02-10T11:05:54","date_gmt":"2026-02-10T11:05:54","guid":{"rendered":"https:\/\/dev.borgarbyggd.is\/aldan\/?page_id=188"},"modified":"2026-02-10T11:06:02","modified_gmt":"2026-02-10T11:06:02","slug":"endurhaefing","status":"publish","type":"page","link":"https:\/\/dev.borgarbyggd.is\/aldan\/forsida\/thjonusta\/endurhaefing\/","title":{"rendered":"Endurh\u00e6fing"},"content":{"rendered":"<p>\u00deessi s\u00ed\u00f0a er \u00ed vinnslu<\/p>\n","protected":false},"excerpt":{"rendered":"<p>\u00deessi s\u00ed\u00f0a er \u00ed vinnslu<\/p>\n","protected":false},"author":51,"featured_media":0,"parent":187,"menu_order":0,"comment_status":"closed","ping_status":"closed","template":"","meta":{"_acf_changed":false,"footnotes":""},"class_list":["post-188","page","type-page","status-publish","hentry","no-post-thumbnail"],"acf":{"quickaccess":false},"yoast_head":"<!-- This site is optimized with the Yoast SEO plugin v24.0 - https:\/\/yoast.com\/wordpress\/plugins\/seo\/ -->\n<title>Endurh\u00e6fing - Aldan<\/title>\n<meta name=\"robots\" content=\"index, follow, max-snippet:-1, max-image-preview:large, max-video-preview:-1\" \/>\n<link rel=\"canonical\" href=\"https:\/\/dev.borgarbyggd.is\/aldan\/forsida\/thjonusta\/endurhaefing\/\" \/>\n<meta property=\"og:locale\" content=\"is_IS\" \/>\n<meta property=\"og:type\" content=\"article\" \/>\n<meta property=\"og:title\" content=\"Endurh\u00e6fing - Aldan\" \/>\n<meta property=\"og:description\" content=\"\u00deessi s\u00ed\u00f0a er \u00ed vinnslu\" \/>\n<meta property=\"og:url\" content=\"https:\/\/dev.borgarbyggd.is\/aldan\/forsida\/thjonusta\/endurhaefing\/\" \/>\n<meta property=\"og:site_name\" content=\"Aldan\" \/>\n<meta property=\"article:modified_time\" content=\"2026-02-10T11:06:02+00:00\" \/>\n<meta name=\"twitter:card\" content=\"summary_large_image\" \/>\n<meta name=\"twitter:label1\" content=\"Est. reading time\" \/>\n\t<meta name=\"twitter:data1\" content=\"1 minute\" \/>\n<script type=\"application\/ld+json\" class=\"yoast-schema-graph\">{\"@context\":\"https:\/\/schema.org\",\"@graph\":[{\"@type\":\"WebPage\",\"@id\":\"https:\/\/dev.borgarbyggd.is\/aldan\/forsida\/thjonusta\/endurhaefing\/\",\"url\":\"https:\/\/dev.borgarbyggd.is\/aldan\/forsida\/thjonusta\/endurhaefing\/\",\"name\":\"Endurh\u00e6fing - Aldan\",\"isPartOf\":{\"@id\":\"https:\/\/dev.borgarbyggd.is\/aldan\/#website\"},\"datePublished\":\"2026-02-10T11:05:54+00:00\",\"dateModified\":\"2026-02-10T11:06:02+00:00\",\"breadcrumb\":{\"@id\":\"https:\/\/dev.borgarbyggd.is\/aldan\/forsida\/thjonusta\/endurhaefing\/#breadcrumb\"},\"inLanguage\":\"is\",\"potentialAction\":[{\"@type\":\"ReadAction\",\"target\":[\"https:\/\/dev.borgarbyggd.is\/aldan\/forsida\/thjonusta\/endurhaefing\/\"]}]},{\"@type\":\"BreadcrumbList\",\"@id\":\"https:\/\/dev.borgarbyggd.is\/aldan\/forsida\/thjonusta\/endurhaefing\/#breadcrumb\",\"itemListElement\":[{\"@type\":\"ListItem\",\"position\":1,\"name\":\"Home\",\"item\":\"https:\/\/dev.borgarbyggd.is\/aldan\/\"},{\"@type\":\"ListItem\",\"position\":2,\"name\":\"Fors\u00ed\u00f0a\",\"item\":\"https:\/\/dev.borgarbyggd.is\/aldan\/\"},{\"@type\":\"ListItem\",\"position\":3,\"name\":\"\u00dej\u00f3nusta\",\"item\":\"https:\/\/dev.borgarbyggd.is\/aldan\/forsida\/thjonusta\/\"},{\"@type\":\"ListItem\",\"position\":4,\"name\":\"Endurh\u00e6fing\"}]},{\"@type\":\"WebSite\",\"@id\":\"https:\/\/dev.borgarbyggd.is\/aldan\/#website\",\"url\":\"https:\/\/dev.borgarbyggd.is\/aldan\/\",\"name\":\"Aldan\",\"description\":\"\",\"potentialAction\":[{\"@type\":\"SearchAction\",\"target\":{\"@type\":\"EntryPoint\",\"urlTemplate\":\"https:\/\/dev.borgarbyggd.is\/aldan\/?s={search_term_string}\"},\"query-input\":{\"@type\":\"PropertyValueSpecification\",\"valueRequired\":true,\"valueName\":\"search_term_string\"}}],\"inLanguage\":\"is\"}]}<\/script>\n<!-- \/ Yoast SEO plugin. -->","yoast_head_json":{"title":"Endurh\u00e6fing - Aldan","robots":{"index":"index","follow":"follow","max-snippet":"max-snippet:-1","max-image-preview":"max-image-preview:large","max-video-preview":"max-video-preview:-1"},"canonical":"https:\/\/dev.borgarbyggd.is\/aldan\/forsida\/thjonusta\/endurhaefing\/","og_locale":"is_IS","og_type":"article","og_title":"Endurh\u00e6fing - Aldan","og_description":"\u00deessi s\u00ed\u00f0a er \u00ed vinnslu","og_url":"https:\/\/dev.borgarbyggd.is\/aldan\/forsida\/thjonusta\/endurhaefing\/","og_site_name":"Aldan","article_modified_time":"2026-02-10T11:06:02+00:00","twitter_card":"summary_large_image","twitter_misc":{"Est. reading time":"1 minute"},"schema":{"@context":"https:\/\/schema.org","@graph":[{"@type":"WebPage","@id":"https:\/\/dev.borgarbyggd.is\/aldan\/forsida\/thjonusta\/endurhaefing\/","url":"https:\/\/dev.borgarbyggd.is\/aldan\/forsida\/thjonusta\/endurhaefing\/","name":"Endurh\u00e6fing - Aldan","isPartOf":{"@id":"https:\/\/dev.borgarbyggd.is\/aldan\/#website"},"datePublished":"2026-02-10T11:05:54+00:00","dateModified":"2026-02-10T11:06:02+00:00","breadcrumb":{"@id":"https:\/\/dev.borgarbyggd.is\/aldan\/forsida\/thjonusta\/endurhaefing\/#breadcrumb"},"inLanguage":"is","potentialAction":[{"@type":"ReadAction","target":["https:\/\/dev.borgarbyggd.is\/aldan\/forsida\/thjonusta\/endurhaefing\/"]}]},{"@type":"BreadcrumbList","@id":"https:\/\/dev.borgarbyggd.is\/aldan\/forsida\/thjonusta\/endurhaefing\/#breadcrumb","itemListElement":[{"@type":"ListItem","position":1,"name":"Home","item":"https:\/\/dev.borgarbyggd.is\/aldan\/"},{"@type":"ListItem","position":2,"name":"Fors\u00ed\u00f0a","item":"https:\/\/dev.borgarbyggd.is\/aldan\/"},{"@type":"ListItem","position":3,"name":"\u00dej\u00f3nusta","item":"https:\/\/dev.borgarbyggd.is\/aldan\/forsida\/thjonusta\/"},{"@type":"ListItem","position":4,"name":"Endurh\u00e6fing"}]},{"@type":"WebSite","@id":"https:\/\/dev.borgarbyggd.is\/aldan\/#website","url":"https:\/\/dev.borgarbyggd.is\/aldan\/","name":"Aldan","description":"","potentialAction":[{"@type":"SearchAction","target":{"@type":"EntryPoint","urlTemplate":"https:\/\/dev.borgarbyggd.is\/aldan\/?s={search_term_string}"},"query-input":{"@type":"PropertyValueSpecification","valueRequired":true,"valueName":"search_term_string"}}],"inLanguage":"is"}]}},"_links":{"self":[{"href":"https:\/\/dev.borgarbyggd.is\/aldan\/wp-json\/wp\/v2\/pages\/188","targetHints":{"allow":["GET"]}}],"collection":[{"href":"https:\/\/dev.borgarbyggd.is\/aldan\/wp-json\/wp\/v2\/pages"}],"about":[{"href":"https:\/\/dev.borgarbyggd.is\/aldan\/wp-json\/wp\/v2\/types\/page"}],"author":[{"embeddable":true,"href":"https:\/\/dev.borgarbyggd.is\/aldan\/wp-json\/wp\/v2\/users\/51"}],"replies":[{"embeddable":true,"href":"https:\/\/dev.borgarbyggd.is\/aldan\/wp-json\/wp\/v2\/comments?post=188"}],"version-history":[{"count":0,"href":"https:\/\/dev.borgarbyggd.is\/aldan\/wp-json\/wp\/v2\/pages\/188\/revisions"}],"up":[{"embeddable":true,"href":"https:\/\/dev.borgarbyggd.is\/aldan\/wp-json\/wp\/v2\/pages\/187"}],"wp:attachment":[{"href":"https:\/\/dev.borgarbyggd.is\/aldan\/wp-json\/wp\/v2\/media?parent=188"}],"curies":[{"name":"wp","href":"https:\/\/api.w.org\/{rel}","templated":true}]}}