{"id":174,"date":"2026-02-05T11:43:07","date_gmt":"2026-02-05T11:43:07","guid":{"rendered":"https:\/\/dev.borgarbyggd.is\/aldan\/?page_id=174"},"modified":"2026-02-18T11:09:01","modified_gmt":"2026-02-18T11:09:01","slug":"framleidsla-oldunnar","status":"publish","type":"page","link":"https:\/\/dev.borgarbyggd.is\/aldan\/forsida\/almennar-upplysingar\/framleidsla-oldunnar\/","title":{"rendered":"Framlei\u00f0sla \u00d6ldunnar"},"content":{"rendered":"<p>Aldan rekur verslun, saumastofu, kertager\u00f0 og sm\u00ed\u00f0astofu. \u00dea\u00f0 er \u00fev\u00ed margt sem Aldan framlei\u00f0ir og vinnur til s\u00f6lu. Aldan tekur einnig a\u00f0 s\u00e9r \u00fdmis verkefni svo sem p\u00f6kkun og merkingar \u00e1 varning \u00e1samt fleiri tilfallandi verkefnum \u00ed samstarfi vi\u00f0 fyrirt\u00e6ki og stofnanir.<\/p>\n<p>H\u00e6gt er a\u00f0 hafa samband \u00ed s\u00edma 433-7440 e\u00f0a me\u00f0 t\u00f6lvup\u00f3sti \u00e1 netfangi\u00f0 aldan@borgarbyggd.is til \u00feess a\u00f0 f\u00e1 n\u00e1nari uppl\u00fdsingar e\u00f0a panta v\u00f6rur.<\/p>\n<p>&nbsp;<\/p>\n<p>Kertager\u00f0 \u00d6ldunnar framlei\u00f0ir kerti \u00ed \u00f6llum st\u00e6r\u00f0um, ger\u00f0um og lit. Einnig er h\u00e6gt a\u00f0 \u00fatb\u00faa b\u00e6\u00f0i inni- og \u00fatikerti.<\/p>\n<p><img loading=\"lazy\" decoding=\"async\" class=\"alignnone size-medium wp-image-216\" src=\"https:\/\/dev.borgarbyggd.is\/aldan\/wp-content\/uploads\/sites\/3\/2026\/02\/Kerti-233x300.jpg\" alt=\"\" width=\"233\" height=\"300\" srcset=\"https:\/\/dev.borgarbyggd.is\/aldan\/wp-content\/uploads\/sites\/3\/2026\/02\/Kerti-233x300.jpg 233w, https:\/\/dev.borgarbyggd.is\/aldan\/wp-content\/uploads\/sites\/3\/2026\/02\/Kerti-796x1024.jpg 796w, https:\/\/dev.borgarbyggd.is\/aldan\/wp-content\/uploads\/sites\/3\/2026\/02\/Kerti-768x988.jpg 768w, https:\/\/dev.borgarbyggd.is\/aldan\/wp-content\/uploads\/sites\/3\/2026\/02\/Kerti-1194x1536.jpg 1194w, https:\/\/dev.borgarbyggd.is\/aldan\/wp-content\/uploads\/sites\/3\/2026\/02\/Kerti-1592x2048.jpg 1592w, https:\/\/dev.borgarbyggd.is\/aldan\/wp-content\/uploads\/sites\/3\/2026\/02\/Kerti-100x129.jpg 100w, https:\/\/dev.borgarbyggd.is\/aldan\/wp-content\/uploads\/sites\/3\/2026\/02\/Kerti-1200x1543.jpg 1200w, https:\/\/dev.borgarbyggd.is\/aldan\/wp-content\/uploads\/sites\/3\/2026\/02\/Kerti-scaled.jpg 1990w\" sizes=\"auto, (max-width: 233px) 100vw, 233px\" \/><\/p>\n<p>Saumastofan \u00ed \u00d6ldunni er mj\u00f6g \u00f6flug og hefur sj\u00e1lfb\u00e6rni og endurvinnslu a\u00f0 lei\u00f0arlj\u00f3si. Framleiddir eru me\u00f0al annars fj\u00f6lnota innkaupapokar, stuttir og langir smekkir, tuskur, litlar t\u00f6skur, j\u00f3lasokkar og fleira!<\/p>\n<p><img loading=\"lazy\" decoding=\"async\" class=\"alignnone size-medium wp-image-209\" src=\"https:\/\/dev.borgarbyggd.is\/aldan\/wp-content\/uploads\/sites\/3\/2026\/02\/Fjolnota-pokar-225x300.jpg\" alt=\"\" width=\"225\" height=\"300\" srcset=\"https:\/\/dev.borgarbyggd.is\/aldan\/wp-content\/uploads\/sites\/3\/2026\/02\/Fjolnota-pokar-225x300.jpg 225w, https:\/\/dev.borgarbyggd.is\/aldan\/wp-content\/uploads\/sites\/3\/2026\/02\/Fjolnota-pokar-768x1024.jpg 768w, https:\/\/dev.borgarbyggd.is\/aldan\/wp-content\/uploads\/sites\/3\/2026\/02\/Fjolnota-pokar-1152x1536.jpg 1152w, https:\/\/dev.borgarbyggd.is\/aldan\/wp-content\/uploads\/sites\/3\/2026\/02\/Fjolnota-pokar-1536x2048.jpg 1536w, https:\/\/dev.borgarbyggd.is\/aldan\/wp-content\/uploads\/sites\/3\/2026\/02\/Fjolnota-pokar-100x133.jpg 100w, https:\/\/dev.borgarbyggd.is\/aldan\/wp-content\/uploads\/sites\/3\/2026\/02\/Fjolnota-pokar-1200x1600.jpg 1200w, https:\/\/dev.borgarbyggd.is\/aldan\/wp-content\/uploads\/sites\/3\/2026\/02\/Fjolnota-pokar-scaled.jpg 1920w\" sizes=\"auto, (max-width: 225px) 100vw, 225px\" \/><\/p>\n<p><img loading=\"lazy\" decoding=\"async\" class=\"alignnone size-medium wp-image-210\" src=\"https:\/\/dev.borgarbyggd.is\/aldan\/wp-content\/uploads\/sites\/3\/2026\/02\/Fjolnota-poki-225x300.jpg\" alt=\"\" width=\"225\" height=\"300\" srcset=\"https:\/\/dev.borgarbyggd.is\/aldan\/wp-content\/uploads\/sites\/3\/2026\/02\/Fjolnota-poki-225x300.jpg 225w, https:\/\/dev.borgarbyggd.is\/aldan\/wp-content\/uploads\/sites\/3\/2026\/02\/Fjolnota-poki-768x1024.jpg 768w, https:\/\/dev.borgarbyggd.is\/aldan\/wp-content\/uploads\/sites\/3\/2026\/02\/Fjolnota-poki-1152x1536.jpg 1152w, https:\/\/dev.borgarbyggd.is\/aldan\/wp-content\/uploads\/sites\/3\/2026\/02\/Fjolnota-poki-1536x2048.jpg 1536w, https:\/\/dev.borgarbyggd.is\/aldan\/wp-content\/uploads\/sites\/3\/2026\/02\/Fjolnota-poki-100x133.jpg 100w, https:\/\/dev.borgarbyggd.is\/aldan\/wp-content\/uploads\/sites\/3\/2026\/02\/Fjolnota-poki-1200x1600.jpg 1200w, https:\/\/dev.borgarbyggd.is\/aldan\/wp-content\/uploads\/sites\/3\/2026\/02\/Fjolnota-poki-scaled.jpg 1920w\" sizes=\"auto, (max-width: 225px) 100vw, 225px\" \/><\/p>\n<p><img loading=\"lazy\" decoding=\"async\" class=\"alignnone size-medium wp-image-211\" src=\"https:\/\/dev.borgarbyggd.is\/aldan\/wp-content\/uploads\/sites\/3\/2026\/02\/Jolasokkar-2-300x225.jpg\" alt=\"\" width=\"300\" height=\"225\" srcset=\"https:\/\/dev.borgarbyggd.is\/aldan\/wp-content\/uploads\/sites\/3\/2026\/02\/Jolasokkar-2-300x225.jpg 300w, https:\/\/dev.borgarbyggd.is\/aldan\/wp-content\/uploads\/sites\/3\/2026\/02\/Jolasokkar-2-768x576.jpg 768w, https:\/\/dev.borgarbyggd.is\/aldan\/wp-content\/uploads\/sites\/3\/2026\/02\/Jolasokkar-2-100x75.jpg 100w, https:\/\/dev.borgarbyggd.is\/aldan\/wp-content\/uploads\/sites\/3\/2026\/02\/Jolasokkar-2.jpg 800w\" sizes=\"auto, (max-width: 300px) 100vw, 300px\" \/><\/p>\n<p><img loading=\"lazy\" decoding=\"async\" class=\"alignnone size-medium wp-image-218\" src=\"https:\/\/dev.borgarbyggd.is\/aldan\/wp-content\/uploads\/sites\/3\/2026\/02\/Litlar-toskur--225x300.jpg\" alt=\"\" width=\"225\" height=\"300\" srcset=\"https:\/\/dev.borgarbyggd.is\/aldan\/wp-content\/uploads\/sites\/3\/2026\/02\/Litlar-toskur--225x300.jpg 225w, https:\/\/dev.borgarbyggd.is\/aldan\/wp-content\/uploads\/sites\/3\/2026\/02\/Litlar-toskur--768x1024.jpg 768w, https:\/\/dev.borgarbyggd.is\/aldan\/wp-content\/uploads\/sites\/3\/2026\/02\/Litlar-toskur--1152x1536.jpg 1152w, https:\/\/dev.borgarbyggd.is\/aldan\/wp-content\/uploads\/sites\/3\/2026\/02\/Litlar-toskur--1536x2048.jpg 1536w, https:\/\/dev.borgarbyggd.is\/aldan\/wp-content\/uploads\/sites\/3\/2026\/02\/Litlar-toskur--100x133.jpg 100w, https:\/\/dev.borgarbyggd.is\/aldan\/wp-content\/uploads\/sites\/3\/2026\/02\/Litlar-toskur--1200x1600.jpg 1200w, https:\/\/dev.borgarbyggd.is\/aldan\/wp-content\/uploads\/sites\/3\/2026\/02\/Litlar-toskur--scaled.jpg 1920w\" sizes=\"auto, (max-width: 225px) 100vw, 225px\" \/><\/p>\n<p>Margv\u00edslegt handverk er einnig unni\u00f0 \u00ed \u00d6ldunni og m\u00e1 \u00fe\u00e1 til d\u00e6mis nefna s\u00e1pur, v\u00f6rur unnar \u00far vi\u00f0 \u00e1samt perlu\u00f0um armb\u00f6ndum, eyrnalokkum og h\u00e1lsfestum.<\/p>\n<p><img loading=\"lazy\" decoding=\"async\" class=\"alignnone size-medium wp-image-219\" src=\"https:\/\/dev.borgarbyggd.is\/aldan\/wp-content\/uploads\/sites\/3\/2026\/02\/Perlad-222x300.jpg\" alt=\"\" width=\"222\" height=\"300\" srcset=\"https:\/\/dev.borgarbyggd.is\/aldan\/wp-content\/uploads\/sites\/3\/2026\/02\/Perlad-222x300.jpg 222w, https:\/\/dev.borgarbyggd.is\/aldan\/wp-content\/uploads\/sites\/3\/2026\/02\/Perlad-100x135.jpg 100w, https:\/\/dev.borgarbyggd.is\/aldan\/wp-content\/uploads\/sites\/3\/2026\/02\/Perlad.jpg 591w\" sizes=\"auto, (max-width: 222px) 100vw, 222px\" \/><\/p>\n<p><img loading=\"lazy\" decoding=\"async\" class=\"alignnone size-medium wp-image-220\" src=\"https:\/\/dev.borgarbyggd.is\/aldan\/wp-content\/uploads\/sites\/3\/2026\/02\/Perlufestar-og-armbond-225x300.jpg\" alt=\"\" width=\"225\" height=\"300\" srcset=\"https:\/\/dev.borgarbyggd.is\/aldan\/wp-content\/uploads\/sites\/3\/2026\/02\/Perlufestar-og-armbond-225x300.jpg 225w, https:\/\/dev.borgarbyggd.is\/aldan\/wp-content\/uploads\/sites\/3\/2026\/02\/Perlufestar-og-armbond-100x133.jpg 100w, https:\/\/dev.borgarbyggd.is\/aldan\/wp-content\/uploads\/sites\/3\/2026\/02\/Perlufestar-og-armbond.jpg 600w\" sizes=\"auto, (max-width: 225px) 100vw, 225px\" \/><\/p>\n<p><img loading=\"lazy\" decoding=\"async\" class=\"alignnone size-medium wp-image-222\" src=\"https:\/\/dev.borgarbyggd.is\/aldan\/wp-content\/uploads\/sites\/3\/2026\/02\/Smjorhnifar-225x300.jpg\" alt=\"\" width=\"225\" height=\"300\" srcset=\"https:\/\/dev.borgarbyggd.is\/aldan\/wp-content\/uploads\/sites\/3\/2026\/02\/Smjorhnifar-225x300.jpg 225w, https:\/\/dev.borgarbyggd.is\/aldan\/wp-content\/uploads\/sites\/3\/2026\/02\/Smjorhnifar-100x133.jpg 100w, https:\/\/dev.borgarbyggd.is\/aldan\/wp-content\/uploads\/sites\/3\/2026\/02\/Smjorhnifar.jpg 600w\" sizes=\"auto, (max-width: 225px) 100vw, 225px\" \/><\/p>\n<p><img loading=\"lazy\" decoding=\"async\" class=\"alignnone size-medium wp-image-223\" src=\"https:\/\/dev.borgarbyggd.is\/aldan\/wp-content\/uploads\/sites\/3\/2026\/02\/Smjorjnifar-225x300.jpg\" alt=\"\" width=\"225\" height=\"300\" srcset=\"https:\/\/dev.borgarbyggd.is\/aldan\/wp-content\/uploads\/sites\/3\/2026\/02\/Smjorjnifar-225x300.jpg 225w, https:\/\/dev.borgarbyggd.is\/aldan\/wp-content\/uploads\/sites\/3\/2026\/02\/Smjorjnifar-768x1024.jpg 768w, https:\/\/dev.borgarbyggd.is\/aldan\/wp-content\/uploads\/sites\/3\/2026\/02\/Smjorjnifar-1152x1536.jpg 1152w, https:\/\/dev.borgarbyggd.is\/aldan\/wp-content\/uploads\/sites\/3\/2026\/02\/Smjorjnifar-1536x2048.jpg 1536w, https:\/\/dev.borgarbyggd.is\/aldan\/wp-content\/uploads\/sites\/3\/2026\/02\/Smjorjnifar-100x133.jpg 100w, https:\/\/dev.borgarbyggd.is\/aldan\/wp-content\/uploads\/sites\/3\/2026\/02\/Smjorjnifar-1200x1600.jpg 1200w, https:\/\/dev.borgarbyggd.is\/aldan\/wp-content\/uploads\/sites\/3\/2026\/02\/Smjorjnifar-scaled.jpg 1920w\" sizes=\"auto, (max-width: 225px) 100vw, 225px\" \/><\/p>\n<p>&nbsp;<\/p>\n","protected":false},"excerpt":{"rendered":"<p>Aldan rekur verslun, saumastofu, kertager\u00f0 og sm\u00ed\u00f0astofu. \u00dea\u00f0 er \u00fev\u00ed margt sem Aldan framlei\u00f0ir og vinnur til s\u00f6lu. Aldan tekur einnig a\u00f0 s\u00e9r \u00fdmis verkefni svo sem p\u00f6kkun og merkingar \u00e1 varning \u00e1samt fleiri tilfallandi verkefnum \u00ed samstarfi vi\u00f0 fyrirt\u00e6ki og stofnanir. H\u00e6gt er a\u00f0 hafa samband \u00ed s\u00edma 433-7440 e\u00f0a me\u00f0 t\u00f6lvup\u00f3sti \u00e1 netfangi\u00f0 aldan@borgarbyggd.is til \u00feess a\u00f0 f\u00e1 &#8230; <\/p>\n<div><a href=\"https:\/\/dev.borgarbyggd.is\/aldan\/forsida\/almennar-upplysingar\/framleidsla-oldunnar\/\" class=\"more-link\">Read More<\/a><\/div>\n","protected":false},"author":51,"featured_media":0,"parent":50,"menu_order":0,"comment_status":"closed","ping_status":"closed","template":"","meta":{"_acf_changed":false,"footnotes":""},"class_list":["post-174","page","type-page","status-publish","hentry","no-post-thumbnail"],"acf":{"quickaccess":false},"yoast_head":"<!-- This site is optimized with the Yoast SEO plugin v24.0 - https:\/\/yoast.com\/wordpress\/plugins\/seo\/ -->\n<title>Framlei\u00f0sla \u00d6ldunnar - Aldan<\/title>\n<meta name=\"robots\" content=\"index, follow, max-snippet:-1, max-image-preview:large, max-video-preview:-1\" \/>\n<link rel=\"canonical\" href=\"https:\/\/dev.borgarbyggd.is\/aldan\/forsida\/almennar-upplysingar\/framleidsla-oldunnar\/\" \/>\n<meta property=\"og:locale\" content=\"is_IS\" \/>\n<meta property=\"og:type\" content=\"article\" \/>\n<meta property=\"og:title\" content=\"Framlei\u00f0sla \u00d6ldunnar - Aldan\" \/>\n<meta property=\"og:description\" content=\"Aldan rekur verslun, saumastofu, kertager\u00f0 og sm\u00ed\u00f0astofu. \u00dea\u00f0 er \u00fev\u00ed margt sem Aldan framlei\u00f0ir og vinnur til s\u00f6lu. Aldan tekur einnig a\u00f0 s\u00e9r \u00fdmis verkefni svo sem p\u00f6kkun og merkingar \u00e1 varning \u00e1samt fleiri tilfallandi verkefnum \u00ed samstarfi vi\u00f0 fyrirt\u00e6ki og stofnanir. H\u00e6gt er a\u00f0 hafa samband \u00ed s\u00edma 433-7440 e\u00f0a me\u00f0 t\u00f6lvup\u00f3sti \u00e1 netfangi\u00f0 aldan@borgarbyggd.is til \u00feess a\u00f0 f\u00e1 ... Read More\" \/>\n<meta property=\"og:url\" content=\"https:\/\/dev.borgarbyggd.is\/aldan\/forsida\/almennar-upplysingar\/framleidsla-oldunnar\/\" \/>\n<meta property=\"og:site_name\" content=\"Aldan\" \/>\n<meta property=\"article:modified_time\" content=\"2026-02-18T11:09:01+00:00\" \/>\n<meta property=\"og:image\" content=\"https:\/\/dev.borgarbyggd.is\/aldan\/wp-content\/uploads\/sites\/3\/2026\/02\/Kerti-scaled.jpg\" \/>\n\t<meta property=\"og:image:width\" content=\"1990\" \/>\n\t<meta property=\"og:image:height\" content=\"2560\" \/>\n\t<meta property=\"og:image:type\" content=\"image\/jpeg\" \/>\n<meta name=\"twitter:card\" content=\"summary_large_image\" \/>\n<meta name=\"twitter:label1\" content=\"Est. reading time\" \/>\n\t<meta name=\"twitter:data1\" content=\"3 minutes\" \/>\n<script type=\"application\/ld+json\" class=\"yoast-schema-graph\">{\"@context\":\"https:\/\/schema.org\",\"@graph\":[{\"@type\":\"WebPage\",\"@id\":\"https:\/\/dev.borgarbyggd.is\/aldan\/forsida\/almennar-upplysingar\/framleidsla-oldunnar\/\",\"url\":\"https:\/\/dev.borgarbyggd.is\/aldan\/forsida\/almennar-upplysingar\/framleidsla-oldunnar\/\",\"name\":\"Framlei\u00f0sla \u00d6ldunnar - Aldan\",\"isPartOf\":{\"@id\":\"https:\/\/dev.borgarbyggd.is\/aldan\/#website\"},\"primaryImageOfPage\":{\"@id\":\"https:\/\/dev.borgarbyggd.is\/aldan\/forsida\/almennar-upplysingar\/framleidsla-oldunnar\/#primaryimage\"},\"image\":{\"@id\":\"https:\/\/dev.borgarbyggd.is\/aldan\/forsida\/almennar-upplysingar\/framleidsla-oldunnar\/#primaryimage\"},\"thumbnailUrl\":\"https:\/\/dev.borgarbyggd.is\/aldan\/wp-content\/uploads\/sites\/3\/2026\/02\/Kerti-233x300.jpg\",\"datePublished\":\"2026-02-05T11:43:07+00:00\",\"dateModified\":\"2026-02-18T11:09:01+00:00\",\"breadcrumb\":{\"@id\":\"https:\/\/dev.borgarbyggd.is\/aldan\/forsida\/almennar-upplysingar\/framleidsla-oldunnar\/#breadcrumb\"},\"inLanguage\":\"is\",\"potentialAction\":[{\"@type\":\"ReadAction\",\"target\":[\"https:\/\/dev.borgarbyggd.is\/aldan\/forsida\/almennar-upplysingar\/framleidsla-oldunnar\/\"]}]},{\"@type\":\"ImageObject\",\"inLanguage\":\"is\",\"@id\":\"https:\/\/dev.borgarbyggd.is\/aldan\/forsida\/almennar-upplysingar\/framleidsla-oldunnar\/#primaryimage\",\"url\":\"https:\/\/dev.borgarbyggd.is\/aldan\/wp-content\/uploads\/sites\/3\/2026\/02\/Kerti-scaled.jpg\",\"contentUrl\":\"https:\/\/dev.borgarbyggd.is\/aldan\/wp-content\/uploads\/sites\/3\/2026\/02\/Kerti-scaled.jpg\",\"width\":1990,\"height\":2560},{\"@type\":\"BreadcrumbList\",\"@id\":\"https:\/\/dev.borgarbyggd.is\/aldan\/forsida\/almennar-upplysingar\/framleidsla-oldunnar\/#breadcrumb\",\"itemListElement\":[{\"@type\":\"ListItem\",\"position\":1,\"name\":\"Home\",\"item\":\"https:\/\/dev.borgarbyggd.is\/aldan\/\"},{\"@type\":\"ListItem\",\"position\":2,\"name\":\"Fors\u00ed\u00f0a\",\"item\":\"https:\/\/dev.borgarbyggd.is\/aldan\/\"},{\"@type\":\"ListItem\",\"position\":3,\"name\":\"Starfsemi\",\"item\":\"https:\/\/dev.borgarbyggd.is\/aldan\/forsida\/almennar-upplysingar\/\"},{\"@type\":\"ListItem\",\"position\":4,\"name\":\"Framlei\u00f0sla \u00d6ldunnar\"}]},{\"@type\":\"WebSite\",\"@id\":\"https:\/\/dev.borgarbyggd.is\/aldan\/#website\",\"url\":\"https:\/\/dev.borgarbyggd.is\/aldan\/\",\"name\":\"Aldan\",\"description\":\"\",\"potentialAction\":[{\"@type\":\"SearchAction\",\"target\":{\"@type\":\"EntryPoint\",\"urlTemplate\":\"https:\/\/dev.borgarbyggd.is\/aldan\/?s={search_term_string}\"},\"query-input\":{\"@type\":\"PropertyValueSpecification\",\"valueRequired\":true,\"valueName\":\"search_term_string\"}}],\"inLanguage\":\"is\"}]}<\/script>\n<!-- \/ Yoast SEO plugin. -->","yoast_head_json":{"title":"Framlei\u00f0sla \u00d6ldunnar - Aldan","robots":{"index":"index","follow":"follow","max-snippet":"max-snippet:-1","max-image-preview":"max-image-preview:large","max-video-preview":"max-video-preview:-1"},"canonical":"https:\/\/dev.borgarbyggd.is\/aldan\/forsida\/almennar-upplysingar\/framleidsla-oldunnar\/","og_locale":"is_IS","og_type":"article","og_title":"Framlei\u00f0sla \u00d6ldunnar - Aldan","og_description":"Aldan rekur verslun, saumastofu, kertager\u00f0 og sm\u00ed\u00f0astofu. \u00dea\u00f0 er \u00fev\u00ed margt sem Aldan framlei\u00f0ir og vinnur til s\u00f6lu. Aldan tekur einnig a\u00f0 s\u00e9r \u00fdmis verkefni svo sem p\u00f6kkun og merkingar \u00e1 varning \u00e1samt fleiri tilfallandi verkefnum \u00ed samstarfi vi\u00f0 fyrirt\u00e6ki og stofnanir. H\u00e6gt er a\u00f0 hafa samband \u00ed s\u00edma 433-7440 e\u00f0a me\u00f0 t\u00f6lvup\u00f3sti \u00e1 netfangi\u00f0 aldan@borgarbyggd.is til \u00feess a\u00f0 f\u00e1 ... Read More","og_url":"https:\/\/dev.borgarbyggd.is\/aldan\/forsida\/almennar-upplysingar\/framleidsla-oldunnar\/","og_site_name":"Aldan","article_modified_time":"2026-02-18T11:09:01+00:00","og_image":[{"width":1990,"height":2560,"url":"https:\/\/dev.borgarbyggd.is\/aldan\/wp-content\/uploads\/sites\/3\/2026\/02\/Kerti-scaled.jpg","type":"image\/jpeg"}],"twitter_card":"summary_large_image","twitter_misc":{"Est. reading time":"3 minutes"},"schema":{"@context":"https:\/\/schema.org","@graph":[{"@type":"WebPage","@id":"https:\/\/dev.borgarbyggd.is\/aldan\/forsida\/almennar-upplysingar\/framleidsla-oldunnar\/","url":"https:\/\/dev.borgarbyggd.is\/aldan\/forsida\/almennar-upplysingar\/framleidsla-oldunnar\/","name":"Framlei\u00f0sla \u00d6ldunnar - Aldan","isPartOf":{"@id":"https:\/\/dev.borgarbyggd.is\/aldan\/#website"},"primaryImageOfPage":{"@id":"https:\/\/dev.borgarbyggd.is\/aldan\/forsida\/almennar-upplysingar\/framleidsla-oldunnar\/#primaryimage"},"image":{"@id":"https:\/\/dev.borgarbyggd.is\/aldan\/forsida\/almennar-upplysingar\/framleidsla-oldunnar\/#primaryimage"},"thumbnailUrl":"https:\/\/dev.borgarbyggd.is\/aldan\/wp-content\/uploads\/sites\/3\/2026\/02\/Kerti-233x300.jpg","datePublished":"2026-02-05T11:43:07+00:00","dateModified":"2026-02-18T11:09:01+00:00","breadcrumb":{"@id":"https:\/\/dev.borgarbyggd.is\/aldan\/forsida\/almennar-upplysingar\/framleidsla-oldunnar\/#breadcrumb"},"inLanguage":"is","potentialAction":[{"@type":"ReadAction","target":["https:\/\/dev.borgarbyggd.is\/aldan\/forsida\/almennar-upplysingar\/framleidsla-oldunnar\/"]}]},{"@type":"ImageObject","inLanguage":"is","@id":"https:\/\/dev.borgarbyggd.is\/aldan\/forsida\/almennar-upplysingar\/framleidsla-oldunnar\/#primaryimage","url":"https:\/\/dev.borgarbyggd.is\/aldan\/wp-content\/uploads\/sites\/3\/2026\/02\/Kerti-scaled.jpg","contentUrl":"https:\/\/dev.borgarbyggd.is\/aldan\/wp-content\/uploads\/sites\/3\/2026\/02\/Kerti-scaled.jpg","width":1990,"height":2560},{"@type":"BreadcrumbList","@id":"https:\/\/dev.borgarbyggd.is\/aldan\/forsida\/almennar-upplysingar\/framleidsla-oldunnar\/#breadcrumb","itemListElement":[{"@type":"ListItem","position":1,"name":"Home","item":"https:\/\/dev.borgarbyggd.is\/aldan\/"},{"@type":"ListItem","position":2,"name":"Fors\u00ed\u00f0a","item":"https:\/\/dev.borgarbyggd.is\/aldan\/"},{"@type":"ListItem","position":3,"name":"Starfsemi","item":"https:\/\/dev.borgarbyggd.is\/aldan\/forsida\/almennar-upplysingar\/"},{"@type":"ListItem","position":4,"name":"Framlei\u00f0sla \u00d6ldunnar"}]},{"@type":"WebSite","@id":"https:\/\/dev.borgarbyggd.is\/aldan\/#website","url":"https:\/\/dev.borgarbyggd.is\/aldan\/","name":"Aldan","description":"","potentialAction":[{"@type":"SearchAction","target":{"@type":"EntryPoint","urlTemplate":"https:\/\/dev.borgarbyggd.is\/aldan\/?s={search_term_string}"},"query-input":{"@type":"PropertyValueSpecification","valueRequired":true,"valueName":"search_term_string"}}],"inLanguage":"is"}]}},"_links":{"self":[{"href":"https:\/\/dev.borgarbyggd.is\/aldan\/wp-json\/wp\/v2\/pages\/174","targetHints":{"allow":["GET"]}}],"collection":[{"href":"https:\/\/dev.borgarbyggd.is\/aldan\/wp-json\/wp\/v2\/pages"}],"about":[{"href":"https:\/\/dev.borgarbyggd.is\/aldan\/wp-json\/wp\/v2\/types\/page"}],"author":[{"embeddable":true,"href":"https:\/\/dev.borgarbyggd.is\/aldan\/wp-json\/wp\/v2\/users\/51"}],"replies":[{"embeddable":true,"href":"https:\/\/dev.borgarbyggd.is\/aldan\/wp-json\/wp\/v2\/comments?post=174"}],"version-history":[{"count":0,"href":"https:\/\/dev.borgarbyggd.is\/aldan\/wp-json\/wp\/v2\/pages\/174\/revisions"}],"up":[{"embeddable":true,"href":"https:\/\/dev.borgarbyggd.is\/aldan\/wp-json\/wp\/v2\/pages\/50"}],"wp:attachment":[{"href":"https:\/\/dev.borgarbyggd.is\/aldan\/wp-json\/wp\/v2\/media?parent=174"}],"curies":[{"name":"wp","href":"https:\/\/api.w.org\/{rel}","templated":true}]}}