{"id":173,"date":"2026-02-05T11:42:18","date_gmt":"2026-02-05T11:42:18","guid":{"rendered":"https:\/\/dev.borgarbyggd.is\/aldan\/?page_id=173"},"modified":"2026-02-10T10:54:55","modified_gmt":"2026-02-10T10:54:55","slug":"hafa-samband","status":"publish","type":"page","link":"https:\/\/dev.borgarbyggd.is\/aldan\/forsida\/hafa-samband\/","title":{"rendered":"Hafa samband"},"content":{"rendered":"<p>Velkomi\u00f0 er a\u00f0 k\u00edkja \u00ed heims\u00f3kn \u00ed \u00d6lduna alla virka daga \u00e1 opnunart\u00edma 09:00-15:30.<\/p>\n<p>H\u00e6gt er a\u00f0 hafa samband \u00ed s\u00edma 433-7440 en einnig me\u00f0 \u00fev\u00ed a\u00f0 senda \u00e1 aldan@borgarbyggd.is<\/p>\n<p>&nbsp;<\/p>\n","protected":false},"excerpt":{"rendered":"<p>Velkomi\u00f0 er a\u00f0 k\u00edkja \u00ed heims\u00f3kn \u00ed \u00d6lduna alla virka daga \u00e1 opnunart\u00edma 09:00-15:30. H\u00e6gt er a\u00f0 hafa samband \u00ed s\u00edma 433-7440 en einnig me\u00f0 \u00fev\u00ed a\u00f0 senda \u00e1 aldan@borgarbyggd.is &nbsp;<\/p>\n","protected":false},"author":51,"featured_media":0,"parent":5,"menu_order":0,"comment_status":"closed","ping_status":"closed","template":"","meta":{"_acf_changed":false,"footnotes":""},"class_list":["post-173","page","type-page","status-publish","hentry","no-post-thumbnail"],"acf":{"quickaccess":false},"yoast_head":"<!-- This site is optimized with the Yoast SEO plugin v24.0 - https:\/\/yoast.com\/wordpress\/plugins\/seo\/ -->\n<title>Hafa samband - Aldan<\/title>\n<meta name=\"robots\" content=\"index, follow, max-snippet:-1, max-image-preview:large, max-video-preview:-1\" \/>\n<link rel=\"canonical\" href=\"https:\/\/dev.borgarbyggd.is\/aldan\/forsida\/hafa-samband\/\" \/>\n<meta property=\"og:locale\" content=\"is_IS\" \/>\n<meta property=\"og:type\" content=\"article\" \/>\n<meta property=\"og:title\" content=\"Hafa samband - Aldan\" \/>\n<meta property=\"og:description\" content=\"Velkomi\u00f0 er a\u00f0 k\u00edkja \u00ed heims\u00f3kn \u00ed \u00d6lduna alla virka daga \u00e1 opnunart\u00edma 09:00-15:30. H\u00e6gt er a\u00f0 hafa samband \u00ed s\u00edma 433-7440 en einnig me\u00f0 \u00fev\u00ed a\u00f0 senda \u00e1 aldan@borgarbyggd.is &nbsp;\" \/>\n<meta property=\"og:url\" content=\"https:\/\/dev.borgarbyggd.is\/aldan\/forsida\/hafa-samband\/\" \/>\n<meta property=\"og:site_name\" content=\"Aldan\" \/>\n<meta property=\"article:modified_time\" content=\"2026-02-10T10:54:55+00:00\" \/>\n<meta name=\"twitter:card\" content=\"summary_large_image\" \/>\n<meta name=\"twitter:label1\" content=\"Est. reading time\" \/>\n\t<meta name=\"twitter:data1\" content=\"1 minute\" \/>\n<script type=\"application\/ld+json\" class=\"yoast-schema-graph\">{\"@context\":\"https:\/\/schema.org\",\"@graph\":[{\"@type\":\"WebPage\",\"@id\":\"https:\/\/dev.borgarbyggd.is\/aldan\/forsida\/hafa-samband\/\",\"url\":\"https:\/\/dev.borgarbyggd.is\/aldan\/forsida\/hafa-samband\/\",\"name\":\"Hafa samband - Aldan\",\"isPartOf\":{\"@id\":\"https:\/\/dev.borgarbyggd.is\/aldan\/#website\"},\"datePublished\":\"2026-02-05T11:42:18+00:00\",\"dateModified\":\"2026-02-10T10:54:55+00:00\",\"breadcrumb\":{\"@id\":\"https:\/\/dev.borgarbyggd.is\/aldan\/forsida\/hafa-samband\/#breadcrumb\"},\"inLanguage\":\"is\",\"potentialAction\":[{\"@type\":\"ReadAction\",\"target\":[\"https:\/\/dev.borgarbyggd.is\/aldan\/forsida\/hafa-samband\/\"]}]},{\"@type\":\"BreadcrumbList\",\"@id\":\"https:\/\/dev.borgarbyggd.is\/aldan\/forsida\/hafa-samband\/#breadcrumb\",\"itemListElement\":[{\"@type\":\"ListItem\",\"position\":1,\"name\":\"Home\",\"item\":\"https:\/\/dev.borgarbyggd.is\/aldan\/\"},{\"@type\":\"ListItem\",\"position\":2,\"name\":\"Fors\u00ed\u00f0a\",\"item\":\"https:\/\/dev.borgarbyggd.is\/aldan\/\"},{\"@type\":\"ListItem\",\"position\":3,\"name\":\"Hafa samband\"}]},{\"@type\":\"WebSite\",\"@id\":\"https:\/\/dev.borgarbyggd.is\/aldan\/#website\",\"url\":\"https:\/\/dev.borgarbyggd.is\/aldan\/\",\"name\":\"Aldan\",\"description\":\"\",\"potentialAction\":[{\"@type\":\"SearchAction\",\"target\":{\"@type\":\"EntryPoint\",\"urlTemplate\":\"https:\/\/dev.borgarbyggd.is\/aldan\/?s={search_term_string}\"},\"query-input\":{\"@type\":\"PropertyValueSpecification\",\"valueRequired\":true,\"valueName\":\"search_term_string\"}}],\"inLanguage\":\"is\"}]}<\/script>\n<!-- \/ Yoast SEO plugin. -->","yoast_head_json":{"title":"Hafa samband - Aldan","robots":{"index":"index","follow":"follow","max-snippet":"max-snippet:-1","max-image-preview":"max-image-preview:large","max-video-preview":"max-video-preview:-1"},"canonical":"https:\/\/dev.borgarbyggd.is\/aldan\/forsida\/hafa-samband\/","og_locale":"is_IS","og_type":"article","og_title":"Hafa samband - Aldan","og_description":"Velkomi\u00f0 er a\u00f0 k\u00edkja \u00ed heims\u00f3kn \u00ed \u00d6lduna alla virka daga \u00e1 opnunart\u00edma 09:00-15:30. H\u00e6gt er a\u00f0 hafa samband \u00ed s\u00edma 433-7440 en einnig me\u00f0 \u00fev\u00ed a\u00f0 senda \u00e1 aldan@borgarbyggd.is &nbsp;","og_url":"https:\/\/dev.borgarbyggd.is\/aldan\/forsida\/hafa-samband\/","og_site_name":"Aldan","article_modified_time":"2026-02-10T10:54:55+00:00","twitter_card":"summary_large_image","twitter_misc":{"Est. reading time":"1 minute"},"schema":{"@context":"https:\/\/schema.org","@graph":[{"@type":"WebPage","@id":"https:\/\/dev.borgarbyggd.is\/aldan\/forsida\/hafa-samband\/","url":"https:\/\/dev.borgarbyggd.is\/aldan\/forsida\/hafa-samband\/","name":"Hafa samband - Aldan","isPartOf":{"@id":"https:\/\/dev.borgarbyggd.is\/aldan\/#website"},"datePublished":"2026-02-05T11:42:18+00:00","dateModified":"2026-02-10T10:54:55+00:00","breadcrumb":{"@id":"https:\/\/dev.borgarbyggd.is\/aldan\/forsida\/hafa-samband\/#breadcrumb"},"inLanguage":"is","potentialAction":[{"@type":"ReadAction","target":["https:\/\/dev.borgarbyggd.is\/aldan\/forsida\/hafa-samband\/"]}]},{"@type":"BreadcrumbList","@id":"https:\/\/dev.borgarbyggd.is\/aldan\/forsida\/hafa-samband\/#breadcrumb","itemListElement":[{"@type":"ListItem","position":1,"name":"Home","item":"https:\/\/dev.borgarbyggd.is\/aldan\/"},{"@type":"ListItem","position":2,"name":"Fors\u00ed\u00f0a","item":"https:\/\/dev.borgarbyggd.is\/aldan\/"},{"@type":"ListItem","position":3,"name":"Hafa samband"}]},{"@type":"WebSite","@id":"https:\/\/dev.borgarbyggd.is\/aldan\/#website","url":"https:\/\/dev.borgarbyggd.is\/aldan\/","name":"Aldan","description":"","potentialAction":[{"@type":"SearchAction","target":{"@type":"EntryPoint","urlTemplate":"https:\/\/dev.borgarbyggd.is\/aldan\/?s={search_term_string}"},"query-input":{"@type":"PropertyValueSpecification","valueRequired":true,"valueName":"search_term_string"}}],"inLanguage":"is"}]}},"_links":{"self":[{"href":"https:\/\/dev.borgarbyggd.is\/aldan\/wp-json\/wp\/v2\/pages\/173","targetHints":{"allow":["GET"]}}],"collection":[{"href":"https:\/\/dev.borgarbyggd.is\/aldan\/wp-json\/wp\/v2\/pages"}],"about":[{"href":"https:\/\/dev.borgarbyggd.is\/aldan\/wp-json\/wp\/v2\/types\/page"}],"author":[{"embeddable":true,"href":"https:\/\/dev.borgarbyggd.is\/aldan\/wp-json\/wp\/v2\/users\/51"}],"replies":[{"embeddable":true,"href":"https:\/\/dev.borgarbyggd.is\/aldan\/wp-json\/wp\/v2\/comments?post=173"}],"version-history":[{"count":0,"href":"https:\/\/dev.borgarbyggd.is\/aldan\/wp-json\/wp\/v2\/pages\/173\/revisions"}],"up":[{"embeddable":true,"href":"https:\/\/dev.borgarbyggd.is\/aldan\/wp-json\/wp\/v2\/pages\/5"}],"wp:attachment":[{"href":"https:\/\/dev.borgarbyggd.is\/aldan\/wp-json\/wp\/v2\/media?parent=173"}],"curies":[{"name":"wp","href":"https:\/\/api.w.org\/{rel}","templated":true}]}}