{"id":169,"date":"2026-02-05T09:41:46","date_gmt":"2026-02-05T09:41:46","guid":{"rendered":"https:\/\/dev.borgarbyggd.is\/aldan\/?page_id=169"},"modified":"2026-02-18T12:28:31","modified_gmt":"2026-02-18T12:28:31","slug":"hugmyndafraedi-i-starfi-oldunnar","status":"publish","type":"page","link":"https:\/\/dev.borgarbyggd.is\/aldan\/hugmyndafraedi-i-starfi-oldunnar\/","title":{"rendered":"Hugmyndafr\u00e6\u00f0i \u00ed starfi \u00d6ldunnar"},"content":{"rendered":"<p>Mikil \u00e1hersla er l\u00f6g\u00f0 \u00e1 a\u00f0 starfsemi \u00d6ldunar s\u00e9 bygg\u00f0 \u00e1 faglegum grunni. Starfar Aldan \u00fev\u00ed \u00ed samr\u00e6mi vi\u00f0 <a href=\"https:\/\/www.stjornarradid.is\/media\/velferdarraduneyti-media\/media\/acrobat-skjol\/10062009samningurumrettindifatladsfolks.pdf\">samning Sameinu\u00f0u \u00fej\u00f3\u00f0anna um r\u00e9ttindi fatla\u00f0s f\u00f3lks.<\/a><\/p>\n<p>Aldan sty\u00f0st vi\u00f0 eftirfarandi hugmyndafr\u00e6\u00f0i e\u00f0a n\u00e1lgun \u00ed s\u00ednu starfi:<\/p>\n<p><strong>\u00dej\u00f3nandi lei\u00f0s\u00f6gn (e. Gentle teaching)<\/strong><\/p>\n<p>\u00dej\u00f3nandi lei\u00f0s\u00f6gn (e. Gentle teaching) var innleidd inn \u00ed starf \u00d6ldunar 2025.<\/p>\n<p>Megin tilgangur \u00fej\u00f3nandi lei\u00f0sagnar er a\u00f0 r\u00e6kta, kenna og vi\u00f0halda upplifun af tengslum, samveru og samf\u00e9lagi fyrir \u00feau sem hafa endurteki\u00f0 upplifa\u00f0 einangrun, einmanaleika og skort \u00e1 f\u00e9lagslegum tengslum. \u00dej\u00f3nandi lei\u00f0s\u00f6gn n\u00fdtir samkennd sem fyrsta val \u00ed a\u00f0 koma til m\u00f3ts vi\u00f0 f\u00f3lk me\u00f0 fl\u00f3knar \u00fearfir.<\/p>\n<p>\u00dej\u00f3nandi lei\u00f0s\u00f6gn byggir \u00e1 \u00fev\u00ed a\u00f0 f\u00f3lk eigi r\u00e9tt \u00e1 \u00fev\u00ed a\u00f0 upplifa \u00f6ryggi og hl\u00fdtt vi\u00f0m\u00f3t. S\u00e9rst\u00f6k \u00e1hersla er l\u00f6g\u00f0 \u00e1 myndun tengsla og samkennd \u00ed eigin gar\u00f0 og annarra. R\u00edk \u00e1hersla er l\u00f6g\u00f0 \u00e1 a\u00f0 f\u00f3lk f\u00e1i a\u00f0 vera vi\u00f0 stj\u00f3rnv\u00f6lin \u00ed eigin l\u00edfi og teki\u00f0 \u00fe\u00e1tt \u00e1 eigin forsendum eftir \u00e1huga og getu.<\/p>\n<p>\u00c1hersla er l\u00f6g\u00f0 \u00e1 j\u00e1kv\u00e6tt umhverfi\u00a0 \u00fear sem f\u00e9lagsleg tengsl, samvinna og j\u00e1kv\u00e6\u00f0ni er \u00ed h\u00e1vegum h\u00f6f\u00f0.<\/p>\n<p>Frekari uppl\u00fdsingar um \u00fej\u00f3nandi lei\u00f0s\u00f6gn m\u00e1 finna \u00e1 <a href=\"https:\/\/gentleteaching.com\/about\/\">h\u00e9r<\/a><\/p>\n<p><strong>L\u00edkan um i\u00f0ju mannsins (e. Model of human occupation)<\/strong><\/p>\n<p>L\u00edkan um i\u00f0ju mannsins v\u00edsar til \u00feess hvernig \u00e1hugi, venjur og geta hefur \u00e1hrif \u00e1 daglegt l\u00edf og i\u00f0ju. L\u00edkani\u00f0 er n\u00fdtt til grundvallar \u00ed \u00feeirri i\u00f0ju sem fer fram \u00ed \u00d6ldunni. \u00dear er mikil \u00e1hersla l\u00f6g\u00f0 \u00e1 \u00e1huga hvers og eins \u00fear sem eigin geta er \u00ed fyrirr\u00fami. Umhverfi\u00f0 er s\u00ed\u00f0an n\u00fdtt til a\u00f0 sty\u00f0ja sem best vi\u00f0 markmi\u00f0 hvers og eins. N\u00e1nari uppl\u00fdsingar m\u00e1 finna <a href=\"https:\/\/ottheory.com\/therapy-model\/model-human-occupations-moho\">h\u00e9r<\/a>.<\/p>\n<p><strong>\u00c1fallami\u00f0u\u00f0 n\u00e1lgun<\/strong><\/p>\n<p><span data-contrast=\"auto\">\u00c1fallami\u00f0u\u00f0 n\u00e1lgun byggir \u00e1 \u00feeirri forsendu a\u00f0 \u00fej\u00f3nusta s\u00e9 veitt af f\u00f3lk me\u00f0 \u00feekkingu og skilningi \u00e1 \u00e1f\u00f6llum og aflei\u00f0ingum \u00feeirra.\u00a0Grunnsto\u00f0ir \u00e1fallami\u00f0a\u00f0rar n\u00e1lgunar byggja \u00e1 \u00fev\u00ed a\u00f0 \u00feekkja v\u00ed\u00f0t\u00e6k \u00e1hrif \u00e1falla og aflei\u00f0ingum \u00feeirra auk \u00feess a\u00f0\u00a0skapa umhverfi sem stu\u00f0lar a\u00f0 vell\u00ed\u00f0an og \u00f6ryggi.\u00a0<\/span><span data-ccp-props=\"{&quot;335559685&quot;:0}\">\u00a0<\/span><\/p>\n<p><span data-contrast=\"auto\">\u00c1fallami\u00f0u\u00f0 n\u00e1lgun sty\u00f0ur vi\u00f0 f\u00f3lk me\u00f0 \u00fev\u00ed a\u00f0\u00a0s\u00fdna skilning \u00e1\u00a0vanda \u00feess og upplifun \u00ed sta\u00f0inn fyrir a\u00f0\u00a0setja skilyr\u00f0i og h\u00f6mlur.\u00a0Horft er til styrkleika \u00ed sta\u00f0 annmarka og f\u00f3lki er m\u00e6tt \u00e1 \u00feeim sta\u00f0 sem \u00feau eru.\u00a0<\/span><span data-ccp-props=\"{&quot;335559685&quot;:0}\">\u00a0<\/span><\/p>\n","protected":false},"excerpt":{"rendered":"<p>Mikil \u00e1hersla er l\u00f6g\u00f0 \u00e1 a\u00f0 starfsemi \u00d6ldunar s\u00e9 bygg\u00f0 \u00e1 faglegum grunni. Starfar Aldan \u00fev\u00ed \u00ed samr\u00e6mi vi\u00f0 samning Sameinu\u00f0u \u00fej\u00f3\u00f0anna um r\u00e9ttindi fatla\u00f0s f\u00f3lks. Aldan sty\u00f0st vi\u00f0 eftirfarandi hugmyndafr\u00e6\u00f0i e\u00f0a n\u00e1lgun \u00ed s\u00ednu starfi: \u00dej\u00f3nandi lei\u00f0s\u00f6gn (e. Gentle teaching) \u00dej\u00f3nandi lei\u00f0s\u00f6gn (e. Gentle teaching) var innleidd inn \u00ed starf \u00d6ldunar 2025. Megin tilgangur \u00fej\u00f3nandi lei\u00f0sagnar er a\u00f0 r\u00e6kta, &#8230; <\/p>\n<div><a href=\"https:\/\/dev.borgarbyggd.is\/aldan\/hugmyndafraedi-i-starfi-oldunnar\/\" class=\"more-link\">Read More<\/a><\/div>\n","protected":false},"author":51,"featured_media":0,"parent":0,"menu_order":0,"comment_status":"closed","ping_status":"closed","template":"","meta":{"_acf_changed":false,"footnotes":""},"class_list":["post-169","page","type-page","status-publish","hentry","no-post-thumbnail"],"acf":{"quickaccess":false},"yoast_head":"<!-- This site is optimized with the Yoast SEO plugin v24.0 - https:\/\/yoast.com\/wordpress\/plugins\/seo\/ -->\n<title>Hugmyndafr\u00e6\u00f0i \u00ed starfi \u00d6ldunnar - Aldan<\/title>\n<meta name=\"robots\" content=\"index, follow, max-snippet:-1, max-image-preview:large, max-video-preview:-1\" \/>\n<link rel=\"canonical\" href=\"https:\/\/dev.borgarbyggd.is\/aldan\/hugmyndafraedi-i-starfi-oldunnar\/\" \/>\n<meta property=\"og:locale\" content=\"is_IS\" \/>\n<meta property=\"og:type\" content=\"article\" \/>\n<meta property=\"og:title\" content=\"Hugmyndafr\u00e6\u00f0i \u00ed starfi \u00d6ldunnar - Aldan\" \/>\n<meta property=\"og:description\" content=\"Mikil \u00e1hersla er l\u00f6g\u00f0 \u00e1 a\u00f0 starfsemi \u00d6ldunar s\u00e9 bygg\u00f0 \u00e1 faglegum grunni. Starfar Aldan \u00fev\u00ed \u00ed samr\u00e6mi vi\u00f0 samning Sameinu\u00f0u \u00fej\u00f3\u00f0anna um r\u00e9ttindi fatla\u00f0s f\u00f3lks. Aldan sty\u00f0st vi\u00f0 eftirfarandi hugmyndafr\u00e6\u00f0i e\u00f0a n\u00e1lgun \u00ed s\u00ednu starfi: \u00dej\u00f3nandi lei\u00f0s\u00f6gn (e. Gentle teaching) \u00dej\u00f3nandi lei\u00f0s\u00f6gn (e. Gentle teaching) var innleidd inn \u00ed starf \u00d6ldunar 2025. Megin tilgangur \u00fej\u00f3nandi lei\u00f0sagnar er a\u00f0 r\u00e6kta, ... Read More\" \/>\n<meta property=\"og:url\" content=\"https:\/\/dev.borgarbyggd.is\/aldan\/hugmyndafraedi-i-starfi-oldunnar\/\" \/>\n<meta property=\"og:site_name\" content=\"Aldan\" \/>\n<meta property=\"article:modified_time\" content=\"2026-02-18T12:28:31+00:00\" \/>\n<meta name=\"twitter:card\" content=\"summary_large_image\" \/>\n<meta name=\"twitter:label1\" content=\"Est. reading time\" \/>\n\t<meta name=\"twitter:data1\" content=\"2 minutes\" \/>\n<script type=\"application\/ld+json\" class=\"yoast-schema-graph\">{\"@context\":\"https:\/\/schema.org\",\"@graph\":[{\"@type\":\"WebPage\",\"@id\":\"https:\/\/dev.borgarbyggd.is\/aldan\/hugmyndafraedi-i-starfi-oldunnar\/\",\"url\":\"https:\/\/dev.borgarbyggd.is\/aldan\/hugmyndafraedi-i-starfi-oldunnar\/\",\"name\":\"Hugmyndafr\u00e6\u00f0i \u00ed starfi \u00d6ldunnar - Aldan\",\"isPartOf\":{\"@id\":\"https:\/\/dev.borgarbyggd.is\/aldan\/#website\"},\"datePublished\":\"2026-02-05T09:41:46+00:00\",\"dateModified\":\"2026-02-18T12:28:31+00:00\",\"breadcrumb\":{\"@id\":\"https:\/\/dev.borgarbyggd.is\/aldan\/hugmyndafraedi-i-starfi-oldunnar\/#breadcrumb\"},\"inLanguage\":\"is\",\"potentialAction\":[{\"@type\":\"ReadAction\",\"target\":[\"https:\/\/dev.borgarbyggd.is\/aldan\/hugmyndafraedi-i-starfi-oldunnar\/\"]}]},{\"@type\":\"BreadcrumbList\",\"@id\":\"https:\/\/dev.borgarbyggd.is\/aldan\/hugmyndafraedi-i-starfi-oldunnar\/#breadcrumb\",\"itemListElement\":[{\"@type\":\"ListItem\",\"position\":1,\"name\":\"Home\",\"item\":\"https:\/\/dev.borgarbyggd.is\/aldan\/\"},{\"@type\":\"ListItem\",\"position\":2,\"name\":\"Hugmyndafr\u00e6\u00f0i \u00ed starfi \u00d6ldunnar\"}]},{\"@type\":\"WebSite\",\"@id\":\"https:\/\/dev.borgarbyggd.is\/aldan\/#website\",\"url\":\"https:\/\/dev.borgarbyggd.is\/aldan\/\",\"name\":\"Aldan\",\"description\":\"\",\"potentialAction\":[{\"@type\":\"SearchAction\",\"target\":{\"@type\":\"EntryPoint\",\"urlTemplate\":\"https:\/\/dev.borgarbyggd.is\/aldan\/?s={search_term_string}\"},\"query-input\":{\"@type\":\"PropertyValueSpecification\",\"valueRequired\":true,\"valueName\":\"search_term_string\"}}],\"inLanguage\":\"is\"}]}<\/script>\n<!-- \/ Yoast SEO plugin. -->","yoast_head_json":{"title":"Hugmyndafr\u00e6\u00f0i \u00ed starfi \u00d6ldunnar - Aldan","robots":{"index":"index","follow":"follow","max-snippet":"max-snippet:-1","max-image-preview":"max-image-preview:large","max-video-preview":"max-video-preview:-1"},"canonical":"https:\/\/dev.borgarbyggd.is\/aldan\/hugmyndafraedi-i-starfi-oldunnar\/","og_locale":"is_IS","og_type":"article","og_title":"Hugmyndafr\u00e6\u00f0i \u00ed starfi \u00d6ldunnar - Aldan","og_description":"Mikil \u00e1hersla er l\u00f6g\u00f0 \u00e1 a\u00f0 starfsemi \u00d6ldunar s\u00e9 bygg\u00f0 \u00e1 faglegum grunni. Starfar Aldan \u00fev\u00ed \u00ed samr\u00e6mi vi\u00f0 samning Sameinu\u00f0u \u00fej\u00f3\u00f0anna um r\u00e9ttindi fatla\u00f0s f\u00f3lks. Aldan sty\u00f0st vi\u00f0 eftirfarandi hugmyndafr\u00e6\u00f0i e\u00f0a n\u00e1lgun \u00ed s\u00ednu starfi: \u00dej\u00f3nandi lei\u00f0s\u00f6gn (e. Gentle teaching) \u00dej\u00f3nandi lei\u00f0s\u00f6gn (e. Gentle teaching) var innleidd inn \u00ed starf \u00d6ldunar 2025. Megin tilgangur \u00fej\u00f3nandi lei\u00f0sagnar er a\u00f0 r\u00e6kta, ... Read More","og_url":"https:\/\/dev.borgarbyggd.is\/aldan\/hugmyndafraedi-i-starfi-oldunnar\/","og_site_name":"Aldan","article_modified_time":"2026-02-18T12:28:31+00:00","twitter_card":"summary_large_image","twitter_misc":{"Est. reading time":"2 minutes"},"schema":{"@context":"https:\/\/schema.org","@graph":[{"@type":"WebPage","@id":"https:\/\/dev.borgarbyggd.is\/aldan\/hugmyndafraedi-i-starfi-oldunnar\/","url":"https:\/\/dev.borgarbyggd.is\/aldan\/hugmyndafraedi-i-starfi-oldunnar\/","name":"Hugmyndafr\u00e6\u00f0i \u00ed starfi \u00d6ldunnar - Aldan","isPartOf":{"@id":"https:\/\/dev.borgarbyggd.is\/aldan\/#website"},"datePublished":"2026-02-05T09:41:46+00:00","dateModified":"2026-02-18T12:28:31+00:00","breadcrumb":{"@id":"https:\/\/dev.borgarbyggd.is\/aldan\/hugmyndafraedi-i-starfi-oldunnar\/#breadcrumb"},"inLanguage":"is","potentialAction":[{"@type":"ReadAction","target":["https:\/\/dev.borgarbyggd.is\/aldan\/hugmyndafraedi-i-starfi-oldunnar\/"]}]},{"@type":"BreadcrumbList","@id":"https:\/\/dev.borgarbyggd.is\/aldan\/hugmyndafraedi-i-starfi-oldunnar\/#breadcrumb","itemListElement":[{"@type":"ListItem","position":1,"name":"Home","item":"https:\/\/dev.borgarbyggd.is\/aldan\/"},{"@type":"ListItem","position":2,"name":"Hugmyndafr\u00e6\u00f0i \u00ed starfi \u00d6ldunnar"}]},{"@type":"WebSite","@id":"https:\/\/dev.borgarbyggd.is\/aldan\/#website","url":"https:\/\/dev.borgarbyggd.is\/aldan\/","name":"Aldan","description":"","potentialAction":[{"@type":"SearchAction","target":{"@type":"EntryPoint","urlTemplate":"https:\/\/dev.borgarbyggd.is\/aldan\/?s={search_term_string}"},"query-input":{"@type":"PropertyValueSpecification","valueRequired":true,"valueName":"search_term_string"}}],"inLanguage":"is"}]}},"_links":{"self":[{"href":"https:\/\/dev.borgarbyggd.is\/aldan\/wp-json\/wp\/v2\/pages\/169","targetHints":{"allow":["GET"]}}],"collection":[{"href":"https:\/\/dev.borgarbyggd.is\/aldan\/wp-json\/wp\/v2\/pages"}],"about":[{"href":"https:\/\/dev.borgarbyggd.is\/aldan\/wp-json\/wp\/v2\/types\/page"}],"author":[{"embeddable":true,"href":"https:\/\/dev.borgarbyggd.is\/aldan\/wp-json\/wp\/v2\/users\/51"}],"replies":[{"embeddable":true,"href":"https:\/\/dev.borgarbyggd.is\/aldan\/wp-json\/wp\/v2\/comments?post=169"}],"version-history":[{"count":0,"href":"https:\/\/dev.borgarbyggd.is\/aldan\/wp-json\/wp\/v2\/pages\/169\/revisions"}],"wp:attachment":[{"href":"https:\/\/dev.borgarbyggd.is\/aldan\/wp-json\/wp\/v2\/media?parent=169"}],"curies":[{"name":"wp","href":"https:\/\/api.w.org\/{rel}","templated":true}]}}