{"id":126,"date":"2024-08-12T15:43:22","date_gmt":"2024-08-12T15:43:22","guid":{"rendered":"https:\/\/dev.borgarbyggd.is\/aldan\/?page_id=126"},"modified":"2026-02-10T10:53:46","modified_gmt":"2026-02-10T10:53:46","slug":"barnapakki-borgarbyggdar-og-oldunnar","status":"publish","type":"page","link":"https:\/\/dev.borgarbyggd.is\/aldan\/forsida\/barnapakki-borgarbyggdar-og-oldunnar\/","title":{"rendered":"Barnapakki Borgarbygg\u00f0ar  og \u00d6ldunnar"},"content":{"rendered":"<p><img loading=\"lazy\" decoding=\"async\" class=\"alignleft size-full wp-image-136\" src=\"https:\/\/dev.borgarbyggd.is\/aldan\/wp-content\/uploads\/sites\/3\/2024\/08\/aldan_f-1.jpg\" alt=\"\" width=\"1200\" height=\"630\" srcset=\"https:\/\/dev.borgarbyggd.is\/aldan\/wp-content\/uploads\/sites\/3\/2024\/08\/aldan_f-1.jpg 1200w, https:\/\/dev.borgarbyggd.is\/aldan\/wp-content\/uploads\/sites\/3\/2024\/08\/aldan_f-1-300x158.jpg 300w, https:\/\/dev.borgarbyggd.is\/aldan\/wp-content\/uploads\/sites\/3\/2024\/08\/aldan_f-1-1024x538.jpg 1024w, https:\/\/dev.borgarbyggd.is\/aldan\/wp-content\/uploads\/sites\/3\/2024\/08\/aldan_f-1-768x403.jpg 768w, https:\/\/dev.borgarbyggd.is\/aldan\/wp-content\/uploads\/sites\/3\/2024\/08\/aldan_f-1-100x53.jpg 100w\" sizes=\"auto, (max-width: 1200px) 100vw, 1200px\" \/><\/p>\n<p><strong>K\u00e6ru foreldrar\/forr\u00e1\u00f0af\u00f3lk n\u00fdf\u00e6ddra barna <\/strong><\/p>\n<p>Barnapakki Borgarbygg\u00f0ar og \u00d6ldunnar er l\u00edti\u00f0 framlag sveitarf\u00e9lagsins og samstarfsa\u00f0ila til a\u00f0 l\u00e9tta undir me\u00f0 ykkur \u00e1 \u00feessum t\u00edmam\u00f3tum. Barnapakkanum fylgja hamingju\u00f3skir og vonir um bjarta framt\u00ed\u00f0.<\/p>\n<p>Eftirtaldir a\u00f0ilar hafa teki\u00f0 h\u00f6ndum saman um Barnapakka Borgarbygg\u00f0ar en hann gildir sem 10.000 kr. inneign hj\u00e1 eftirt\u00f6ldum \u00fej\u00f3nustua\u00f0ilum:<\/p>\n<ul>\n<li><strong>Kaupf\u00e9lag Borgfir\u00f0inga <\/strong><\/li>\n<li><strong>H\u00e1r center <\/strong><\/li>\n<li><strong>Fok <\/strong><\/li>\n<li><strong>H\u00e1rsnyrting Dagn\u00fdjar <\/strong><\/li>\n<li><strong>Bara Bistro<\/strong><\/li>\n<li><strong>Gunnhildur Lind lj\u00f3smyndari <\/strong><\/li>\n<li><strong>Metabolic Borgarnes <\/strong><\/li>\n<li><strong>Nuddstofa Margr\u00e9tar <\/strong><\/li>\n<li><strong>Ap\u00f3tek Vesturlands <\/strong><\/li>\n<li><strong>Br\u00faartorg <\/strong><\/li>\n<\/ul>\n<p>Aldan, vernda\u00f0ur vinnusta\u00f0ur \u00ed Borgarbygg\u00f0, annast utanumhald \u00e1 \u00feessu verkefni \u00ed samstarfi vi\u00f0 starfsf\u00f3lk ungbarnaeftirlits Heilbrig\u00f0isstofnunar Vesturlands \u00ed Borgarnesi. \u00deeir a\u00f0ilar sem standa a\u00f0 Barnapakka Borgarbygg\u00f0ar bj\u00f3\u00f0a n\u00fdjan einstakling velkominn og \u00f3ska honum og foreldrum hans alls hins besta. Me\u00f0 k\u00e6rri kve\u00f0ju Aldan og Borgarbygg\u00f0<\/p>\n<p>H\u00e6gt er a\u00f0 n\u00e1lgast barnapakkana hj\u00e1 \u00d6ldunni fyrir b\u00f6rn f\u00e6dd 2024 &#8211; 2025.<\/p>\n<p><strong>Me\u00f0 k\u00e6rri kve\u00f0ju Aldan og Borgarbygg\u00f0<\/strong><\/p>\n","protected":false},"excerpt":{"rendered":"<p>K\u00e6ru foreldrar\/forr\u00e1\u00f0af\u00f3lk n\u00fdf\u00e6ddra barna Barnapakki Borgarbygg\u00f0ar og \u00d6ldunnar er l\u00edti\u00f0 framlag sveitarf\u00e9lagsins og samstarfsa\u00f0ila til a\u00f0 l\u00e9tta undir me\u00f0 ykkur \u00e1 \u00feessum t\u00edmam\u00f3tum. Barnapakkanum fylgja hamingju\u00f3skir og vonir um bjarta framt\u00ed\u00f0. Eftirtaldir a\u00f0ilar hafa teki\u00f0 h\u00f6ndum saman um Barnapakka Borgarbygg\u00f0ar en hann gildir sem 10.000 kr. inneign hj\u00e1 eftirt\u00f6ldum \u00fej\u00f3nustua\u00f0ilum: Kaupf\u00e9lag Borgfir\u00f0inga H\u00e1r center Fok H\u00e1rsnyrting Dagn\u00fdjar Bara Bistro Gunnhildur &#8230; <\/p>\n<div><a href=\"https:\/\/dev.borgarbyggd.is\/aldan\/forsida\/barnapakki-borgarbyggdar-og-oldunnar\/\" class=\"more-link\">Read More<\/a><\/div>\n","protected":false},"author":44,"featured_media":0,"parent":5,"menu_order":0,"comment_status":"closed","ping_status":"closed","template":"","meta":{"_acf_changed":false,"footnotes":""},"class_list":["post-126","page","type-page","status-publish","hentry","no-post-thumbnail"],"acf":{"quickaccess":false},"yoast_head":"<!-- This site is optimized with the Yoast SEO plugin v24.0 - https:\/\/yoast.com\/wordpress\/plugins\/seo\/ -->\n<title>Barnapakki Borgarbygg\u00f0ar og \u00d6ldunnar - Aldan<\/title>\n<meta name=\"robots\" content=\"index, follow, max-snippet:-1, max-image-preview:large, max-video-preview:-1\" \/>\n<link rel=\"canonical\" href=\"https:\/\/dev.borgarbyggd.is\/aldan\/forsida\/barnapakki-borgarbyggdar-og-oldunnar\/\" \/>\n<meta property=\"og:locale\" content=\"is_IS\" \/>\n<meta property=\"og:type\" content=\"article\" \/>\n<meta property=\"og:title\" content=\"Barnapakki Borgarbygg\u00f0ar og \u00d6ldunnar - Aldan\" \/>\n<meta property=\"og:description\" content=\"K\u00e6ru foreldrar\/forr\u00e1\u00f0af\u00f3lk n\u00fdf\u00e6ddra barna Barnapakki Borgarbygg\u00f0ar og \u00d6ldunnar er l\u00edti\u00f0 framlag sveitarf\u00e9lagsins og samstarfsa\u00f0ila til a\u00f0 l\u00e9tta undir me\u00f0 ykkur \u00e1 \u00feessum t\u00edmam\u00f3tum. Barnapakkanum fylgja hamingju\u00f3skir og vonir um bjarta framt\u00ed\u00f0. Eftirtaldir a\u00f0ilar hafa teki\u00f0 h\u00f6ndum saman um Barnapakka Borgarbygg\u00f0ar en hann gildir sem 10.000 kr. inneign hj\u00e1 eftirt\u00f6ldum \u00fej\u00f3nustua\u00f0ilum: Kaupf\u00e9lag Borgfir\u00f0inga H\u00e1r center Fok H\u00e1rsnyrting Dagn\u00fdjar Bara Bistro Gunnhildur ... Read More\" \/>\n<meta property=\"og:url\" content=\"https:\/\/dev.borgarbyggd.is\/aldan\/forsida\/barnapakki-borgarbyggdar-og-oldunnar\/\" \/>\n<meta property=\"og:site_name\" content=\"Aldan\" \/>\n<meta property=\"article:modified_time\" content=\"2026-02-10T10:53:46+00:00\" \/>\n<meta property=\"og:image\" content=\"https:\/\/dev.borgarbyggd.is\/aldan\/wp-content\/uploads\/sites\/3\/2024\/08\/aldan_f-1.jpg\" \/>\n\t<meta property=\"og:image:width\" content=\"1200\" \/>\n\t<meta property=\"og:image:height\" content=\"630\" \/>\n\t<meta property=\"og:image:type\" content=\"image\/jpeg\" \/>\n<meta name=\"twitter:card\" content=\"summary_large_image\" \/>\n<meta name=\"twitter:label1\" content=\"Est. reading time\" \/>\n\t<meta name=\"twitter:data1\" content=\"1 minute\" \/>\n<script type=\"application\/ld+json\" class=\"yoast-schema-graph\">{\"@context\":\"https:\/\/schema.org\",\"@graph\":[{\"@type\":\"WebPage\",\"@id\":\"https:\/\/dev.borgarbyggd.is\/aldan\/forsida\/barnapakki-borgarbyggdar-og-oldunnar\/\",\"url\":\"https:\/\/dev.borgarbyggd.is\/aldan\/forsida\/barnapakki-borgarbyggdar-og-oldunnar\/\",\"name\":\"Barnapakki Borgarbygg\u00f0ar og \u00d6ldunnar - Aldan\",\"isPartOf\":{\"@id\":\"https:\/\/dev.borgarbyggd.is\/aldan\/#website\"},\"primaryImageOfPage\":{\"@id\":\"https:\/\/dev.borgarbyggd.is\/aldan\/forsida\/barnapakki-borgarbyggdar-og-oldunnar\/#primaryimage\"},\"image\":{\"@id\":\"https:\/\/dev.borgarbyggd.is\/aldan\/forsida\/barnapakki-borgarbyggdar-og-oldunnar\/#primaryimage\"},\"thumbnailUrl\":\"https:\/\/dev.borgarbyggd.is\/aldan\/wp-content\/uploads\/sites\/3\/2024\/08\/aldan_f-1.jpg\",\"datePublished\":\"2024-08-12T15:43:22+00:00\",\"dateModified\":\"2026-02-10T10:53:46+00:00\",\"breadcrumb\":{\"@id\":\"https:\/\/dev.borgarbyggd.is\/aldan\/forsida\/barnapakki-borgarbyggdar-og-oldunnar\/#breadcrumb\"},\"inLanguage\":\"is\",\"potentialAction\":[{\"@type\":\"ReadAction\",\"target\":[\"https:\/\/dev.borgarbyggd.is\/aldan\/forsida\/barnapakki-borgarbyggdar-og-oldunnar\/\"]}]},{\"@type\":\"ImageObject\",\"inLanguage\":\"is\",\"@id\":\"https:\/\/dev.borgarbyggd.is\/aldan\/forsida\/barnapakki-borgarbyggdar-og-oldunnar\/#primaryimage\",\"url\":\"https:\/\/dev.borgarbyggd.is\/aldan\/wp-content\/uploads\/sites\/3\/2024\/08\/aldan_f-1.jpg\",\"contentUrl\":\"https:\/\/dev.borgarbyggd.is\/aldan\/wp-content\/uploads\/sites\/3\/2024\/08\/aldan_f-1.jpg\",\"width\":1200,\"height\":630},{\"@type\":\"BreadcrumbList\",\"@id\":\"https:\/\/dev.borgarbyggd.is\/aldan\/forsida\/barnapakki-borgarbyggdar-og-oldunnar\/#breadcrumb\",\"itemListElement\":[{\"@type\":\"ListItem\",\"position\":1,\"name\":\"Home\",\"item\":\"https:\/\/dev.borgarbyggd.is\/aldan\/\"},{\"@type\":\"ListItem\",\"position\":2,\"name\":\"Fors\u00ed\u00f0a\",\"item\":\"https:\/\/dev.borgarbyggd.is\/aldan\/\"},{\"@type\":\"ListItem\",\"position\":3,\"name\":\"Barnapakki Borgarbygg\u00f0ar og \u00d6ldunnar\"}]},{\"@type\":\"WebSite\",\"@id\":\"https:\/\/dev.borgarbyggd.is\/aldan\/#website\",\"url\":\"https:\/\/dev.borgarbyggd.is\/aldan\/\",\"name\":\"Aldan\",\"description\":\"\",\"potentialAction\":[{\"@type\":\"SearchAction\",\"target\":{\"@type\":\"EntryPoint\",\"urlTemplate\":\"https:\/\/dev.borgarbyggd.is\/aldan\/?s={search_term_string}\"},\"query-input\":{\"@type\":\"PropertyValueSpecification\",\"valueRequired\":true,\"valueName\":\"search_term_string\"}}],\"inLanguage\":\"is\"}]}<\/script>\n<!-- \/ Yoast SEO plugin. -->","yoast_head_json":{"title":"Barnapakki Borgarbygg\u00f0ar og \u00d6ldunnar - Aldan","robots":{"index":"index","follow":"follow","max-snippet":"max-snippet:-1","max-image-preview":"max-image-preview:large","max-video-preview":"max-video-preview:-1"},"canonical":"https:\/\/dev.borgarbyggd.is\/aldan\/forsida\/barnapakki-borgarbyggdar-og-oldunnar\/","og_locale":"is_IS","og_type":"article","og_title":"Barnapakki Borgarbygg\u00f0ar og \u00d6ldunnar - Aldan","og_description":"K\u00e6ru foreldrar\/forr\u00e1\u00f0af\u00f3lk n\u00fdf\u00e6ddra barna Barnapakki Borgarbygg\u00f0ar og \u00d6ldunnar er l\u00edti\u00f0 framlag sveitarf\u00e9lagsins og samstarfsa\u00f0ila til a\u00f0 l\u00e9tta undir me\u00f0 ykkur \u00e1 \u00feessum t\u00edmam\u00f3tum. Barnapakkanum fylgja hamingju\u00f3skir og vonir um bjarta framt\u00ed\u00f0. Eftirtaldir a\u00f0ilar hafa teki\u00f0 h\u00f6ndum saman um Barnapakka Borgarbygg\u00f0ar en hann gildir sem 10.000 kr. inneign hj\u00e1 eftirt\u00f6ldum \u00fej\u00f3nustua\u00f0ilum: Kaupf\u00e9lag Borgfir\u00f0inga H\u00e1r center Fok H\u00e1rsnyrting Dagn\u00fdjar Bara Bistro Gunnhildur ... Read More","og_url":"https:\/\/dev.borgarbyggd.is\/aldan\/forsida\/barnapakki-borgarbyggdar-og-oldunnar\/","og_site_name":"Aldan","article_modified_time":"2026-02-10T10:53:46+00:00","og_image":[{"width":1200,"height":630,"url":"https:\/\/dev.borgarbyggd.is\/aldan\/wp-content\/uploads\/sites\/3\/2024\/08\/aldan_f-1.jpg","type":"image\/jpeg"}],"twitter_card":"summary_large_image","twitter_misc":{"Est. reading time":"1 minute"},"schema":{"@context":"https:\/\/schema.org","@graph":[{"@type":"WebPage","@id":"https:\/\/dev.borgarbyggd.is\/aldan\/forsida\/barnapakki-borgarbyggdar-og-oldunnar\/","url":"https:\/\/dev.borgarbyggd.is\/aldan\/forsida\/barnapakki-borgarbyggdar-og-oldunnar\/","name":"Barnapakki Borgarbygg\u00f0ar og \u00d6ldunnar - Aldan","isPartOf":{"@id":"https:\/\/dev.borgarbyggd.is\/aldan\/#website"},"primaryImageOfPage":{"@id":"https:\/\/dev.borgarbyggd.is\/aldan\/forsida\/barnapakki-borgarbyggdar-og-oldunnar\/#primaryimage"},"image":{"@id":"https:\/\/dev.borgarbyggd.is\/aldan\/forsida\/barnapakki-borgarbyggdar-og-oldunnar\/#primaryimage"},"thumbnailUrl":"https:\/\/dev.borgarbyggd.is\/aldan\/wp-content\/uploads\/sites\/3\/2024\/08\/aldan_f-1.jpg","datePublished":"2024-08-12T15:43:22+00:00","dateModified":"2026-02-10T10:53:46+00:00","breadcrumb":{"@id":"https:\/\/dev.borgarbyggd.is\/aldan\/forsida\/barnapakki-borgarbyggdar-og-oldunnar\/#breadcrumb"},"inLanguage":"is","potentialAction":[{"@type":"ReadAction","target":["https:\/\/dev.borgarbyggd.is\/aldan\/forsida\/barnapakki-borgarbyggdar-og-oldunnar\/"]}]},{"@type":"ImageObject","inLanguage":"is","@id":"https:\/\/dev.borgarbyggd.is\/aldan\/forsida\/barnapakki-borgarbyggdar-og-oldunnar\/#primaryimage","url":"https:\/\/dev.borgarbyggd.is\/aldan\/wp-content\/uploads\/sites\/3\/2024\/08\/aldan_f-1.jpg","contentUrl":"https:\/\/dev.borgarbyggd.is\/aldan\/wp-content\/uploads\/sites\/3\/2024\/08\/aldan_f-1.jpg","width":1200,"height":630},{"@type":"BreadcrumbList","@id":"https:\/\/dev.borgarbyggd.is\/aldan\/forsida\/barnapakki-borgarbyggdar-og-oldunnar\/#breadcrumb","itemListElement":[{"@type":"ListItem","position":1,"name":"Home","item":"https:\/\/dev.borgarbyggd.is\/aldan\/"},{"@type":"ListItem","position":2,"name":"Fors\u00ed\u00f0a","item":"https:\/\/dev.borgarbyggd.is\/aldan\/"},{"@type":"ListItem","position":3,"name":"Barnapakki Borgarbygg\u00f0ar og \u00d6ldunnar"}]},{"@type":"WebSite","@id":"https:\/\/dev.borgarbyggd.is\/aldan\/#website","url":"https:\/\/dev.borgarbyggd.is\/aldan\/","name":"Aldan","description":"","potentialAction":[{"@type":"SearchAction","target":{"@type":"EntryPoint","urlTemplate":"https:\/\/dev.borgarbyggd.is\/aldan\/?s={search_term_string}"},"query-input":{"@type":"PropertyValueSpecification","valueRequired":true,"valueName":"search_term_string"}}],"inLanguage":"is"}]}},"_links":{"self":[{"href":"https:\/\/dev.borgarbyggd.is\/aldan\/wp-json\/wp\/v2\/pages\/126","targetHints":{"allow":["GET"]}}],"collection":[{"href":"https:\/\/dev.borgarbyggd.is\/aldan\/wp-json\/wp\/v2\/pages"}],"about":[{"href":"https:\/\/dev.borgarbyggd.is\/aldan\/wp-json\/wp\/v2\/types\/page"}],"author":[{"embeddable":true,"href":"https:\/\/dev.borgarbyggd.is\/aldan\/wp-json\/wp\/v2\/users\/44"}],"replies":[{"embeddable":true,"href":"https:\/\/dev.borgarbyggd.is\/aldan\/wp-json\/wp\/v2\/comments?post=126"}],"version-history":[{"count":0,"href":"https:\/\/dev.borgarbyggd.is\/aldan\/wp-json\/wp\/v2\/pages\/126\/revisions"}],"up":[{"embeddable":true,"href":"https:\/\/dev.borgarbyggd.is\/aldan\/wp-json\/wp\/v2\/pages\/5"}],"wp:attachment":[{"href":"https:\/\/dev.borgarbyggd.is\/aldan\/wp-json\/wp\/v2\/media?parent=126"}],"curies":[{"name":"wp","href":"https:\/\/api.w.org\/{rel}","templated":true}]}}